{"id":676,"date":"2022-03-10T10:15:10","date_gmt":"2022-03-10T16:15:10","guid":{"rendered":"https:\/\/madrid.ufm.edu\/masters\/?page_id=676"},"modified":"2025-04-25T10:46:30","modified_gmt":"2025-04-25T16:46:30","slug":"maestrias","status":"publish","type":"page","link":"https:\/\/madrid.ufm.edu\/masters\/","title":{"rendered":"Maestr\u00edas"},"content":{"rendered":"\n<h1>\n\t\tProgramas de m\u00e1steres\n\t<\/h1>\n\tProgramas de maestr\u00eda dise\u00f1ados para ampliar tu perspectiva y desarrollar tu conocimiento.<br \/>\n\n\t\t\t\t<img loading=\"lazy\" decoding=\"async\" src=\"https:\/\/madrid.ufm.edu\/masters\/wp-content\/uploads\/2022\/01\/0_01-Full-color-Madrid-Tulane-University.png\" alt=\"Logo Tulane y UFM Madrid\" itemprop=\"image\" height=\"524\" width=\"2093\" title=\"Logo Tulane y UFM Madrid\" onerror=\"this.style.display='none'\"  \/>\n\t\t<h4><a href=\"https:\/\/madrid.ufm.edu\/masters\/master-of-management\/\" target=\"_self\">Master in Management (MiM)<\/a><\/h4>\t\t\n\t\t\t<p>M\u00e1ster doble titulaci\u00f3n con Tulane University. En el MiM el alumno consolidar\u00e1 su formaci\u00f3n empresarial y administrativa, capacit\u00e1ndose para ocupar posiciones de alta direcci\u00f3n, promover ideas disruptivas en una empresa y cultivar su mentalidad emprendedora.<\/p>\n\t\t\t<a href=\"https:\/\/madrid.ufm.edu\/masters\/master-of-management\/\" target=\"_self\" role=\"button\">\n\t\t\t\t\t\t\tConoce m\u00e1s\n\t\t\t\t\t<\/a>\n\t\t\t\t<img loading=\"lazy\" decoding=\"async\" src=\"https:\/\/madrid.ufm.edu\/masters\/wp-content\/uploads\/2022\/01\/0_01-Full-color-Madrid-Tulane-University.png\" alt=\"Logo Tulane y UFM Madrid\" itemprop=\"image\" height=\"524\" width=\"2093\" title=\"Logo Tulane y UFM Madrid\" onerror=\"this.style.display='none'\"  \/>\n\t\t<h4><a href=\"https:\/\/madrid.ufm.edu\/masters\/master-of-finance\/\" target=\"_self\">Master of Finance (MFIN)<\/a><\/h4>\t\t\n\t\t\t<p>M\u00e1ster doble titulaci\u00f3n con Tulane University. El m\u00e1ster profundiza en las finanzas de manera integral, a trav\u00e9s del entendimiento de aspectos contables, econ\u00f3micos, financieros y de inversi\u00f3n, y el desarrollo de habilidades cuantitativas, cualitativas y de programaci\u00f3n.<\/p>\n\t\t\t<a href=\"https:\/\/madrid.ufm.edu\/masters\/master-of-finance\/\" target=\"_self\" role=\"button\">\n\t\t\t\t\t\t\tConoce m\u00e1s\n\t\t\t\t\t<\/a>\n\t\t<h4><a href=\"https:\/\/madrid.ufm.edu\/masters\/economia-medioambiental\/\" target=\"_self\">M\u00e1ster en Econom\u00eda Medioambiental (MECOM)<\/a><\/h4>\t\t\n<p>En el programa MECOM el estudiante recibira\u0301 las herramientas teo\u0301ricas y pra\u0301cticas que necesitara\u0301 en su actividad profesional, desarrollara\u0301 nuevas y mejores estrategias de mercado, enfrentara\u0301 de manera o\u0301ptima los problemas planteados por las nuevas legislaciones y disen\u0303ara\u0301 nuevas formas empresariales capaces de dar satisfaccio\u0301n a las nuevas necesidades del man\u0303ana.<\/p>\n\t\t\t<a href=\"https:\/\/madrid.ufm.edu\/masters\/economia-medioambiental\/\" target=\"_self\" role=\"button\">\n\t\t\t\t\t\t\tConoce m\u00e1s\n\t\t\t\t\t<\/a>\n\n","protected":false},"excerpt":{"rendered":"<p>Programas de m\u00e1steres Programas de maestr\u00eda dise\u00f1ados para ampliar tu perspectiva y desarrollar tu conocimiento. Master in Management (MiM) M\u00e1ster doble titulaci\u00f3n con Tulane University. En el MiM el alumno consolidar\u00e1 su formaci\u00f3n empresarial y administrativa, capacit\u00e1ndose para ocupar posiciones de alta direcci\u00f3n, promover ideas disruptivas en una empresa y cultivar su mentalidad emprendedora. Conoce&hellip;<\/p>\n","protected":false},"author":1,"featured_media":0,"parent":0,"menu_order":0,"comment_status":"closed","ping_status":"closed","template":"","meta":{"footnotes":""},"class_list":["post-676","page","type-page","status-publish","hentry"],"yoast_head":"<!-- This site is optimized with the Yoast SEO plugin v19.5.1 - https:\/\/yoast.com\/wordpress\/plugins\/seo\/ -->\n<title>Maestr\u00edas - Masters<\/title>\n<meta name=\"robots\" content=\"index, follow, max-snippet:-1, max-image-preview:large, max-video-preview:-1\" \/>\n<link rel=\"canonical\" href=\"https:\/\/madrid.ufm.edu\/masters\/\" \/>\n<meta property=\"og:locale\" content=\"es_ES\" \/>\n<meta property=\"og:type\" content=\"article\" \/>\n<meta property=\"og:title\" content=\"Maestr\u00edas - Masters\" \/>\n<meta property=\"og:description\" content=\"Programas de m\u00e1steres Programas de maestr\u00eda dise\u00f1ados para ampliar tu perspectiva y desarrollar tu conocimiento. Master in Management (MiM) M\u00e1ster doble titulaci\u00f3n con Tulane University. En el MiM el alumno consolidar\u00e1 su formaci\u00f3n empresarial y administrativa, capacit\u00e1ndose para ocupar posiciones de alta direcci\u00f3n, promover ideas disruptivas en una empresa y cultivar su mentalidad emprendedora. Conoce&hellip;\" \/>\n<meta property=\"og:url\" content=\"https:\/\/madrid.ufm.edu\/masters\/\" \/>\n<meta property=\"og:site_name\" content=\"Masters\" \/>\n<meta property=\"article:modified_time\" content=\"2025-04-25T16:46:30+00:00\" \/>\n<meta property=\"og:image\" content=\"https:\/\/madrid.ufm.edu\/masters\/wp-content\/uploads\/2022\/01\/0_01-Full-color-Madrid-Tulane-University.png\" \/>\n<meta name=\"twitter:card\" content=\"summary_large_image\" \/>\n<meta name=\"twitter:label1\" content=\"Tiempo de lectura\" \/>\n\t<meta name=\"twitter:data1\" content=\"1 minuto\" \/>\n<script type=\"application\/ld+json\" class=\"yoast-schema-graph\">{\"@context\":\"https:\/\/schema.org\",\"@graph\":[{\"@type\":\"WebPage\",\"@id\":\"https:\/\/madrid.ufm.edu\/masters\/\",\"url\":\"https:\/\/madrid.ufm.edu\/masters\/\",\"name\":\"Maestr\u00edas - Masters\",\"isPartOf\":{\"@id\":\"https:\/\/madrid.ufm.edu\/masters\/#website\"},\"datePublished\":\"2022-03-10T16:15:10+00:00\",\"dateModified\":\"2025-04-25T16:46:30+00:00\",\"breadcrumb\":{\"@id\":\"https:\/\/madrid.ufm.edu\/masters\/#breadcrumb\"},\"inLanguage\":\"es\",\"potentialAction\":[{\"@type\":\"ReadAction\",\"target\":[\"https:\/\/madrid.ufm.edu\/masters\/\"]}]},{\"@type\":\"BreadcrumbList\",\"@id\":\"https:\/\/madrid.ufm.edu\/masters\/#breadcrumb\",\"itemListElement\":[{\"@type\":\"ListItem\",\"position\":1,\"name\":\"Portada\",\"item\":\"https:\/\/madrid.ufm.edu\/masters\/\"},{\"@type\":\"ListItem\",\"position\":2,\"name\":\"Maestr\u00edas\"}]},{\"@type\":\"WebSite\",\"@id\":\"https:\/\/madrid.ufm.edu\/masters\/#website\",\"url\":\"https:\/\/madrid.ufm.edu\/masters\/\",\"name\":\"Masters\",\"description\":\"Universidad Francisco Marroqu\u00edn\",\"publisher\":{\"@id\":\"https:\/\/madrid.ufm.edu\/masters\/#organization\"},\"potentialAction\":[{\"@type\":\"SearchAction\",\"target\":{\"@type\":\"EntryPoint\",\"urlTemplate\":\"https:\/\/madrid.ufm.edu\/masters\/?s={search_term_string}\"},\"query-input\":\"required name=search_term_string\"}],\"inLanguage\":\"es\"},{\"@type\":\"Organization\",\"@id\":\"https:\/\/madrid.ufm.edu\/masters\/#organization\",\"name\":\"Escuela de Negocios\",\"url\":\"https:\/\/madrid.ufm.edu\/masters\/\",\"sameAs\":[],\"logo\":{\"@type\":\"ImageObject\",\"inLanguage\":\"es\",\"@id\":\"https:\/\/madrid.ufm.edu\/masters\/#\/schema\/logo\/image\/\",\"url\":\"https:\/\/madrid.ufm.edu\/masters\/wp-content\/uploads\/2022\/01\/escuela-de-negocios.png\",\"contentUrl\":\"https:\/\/madrid.ufm.edu\/masters\/wp-content\/uploads\/2022\/01\/escuela-de-negocios.png\",\"width\":478,\"height\":97,\"caption\":\"Escuela de Negocios\"},\"image\":{\"@id\":\"https:\/\/madrid.ufm.edu\/masters\/#\/schema\/logo\/image\/\"}}]}<\/script>\n<!-- \/ Yoast SEO plugin. -->","yoast_head_json":{"title":"Maestr\u00edas - Masters","robots":{"index":"index","follow":"follow","max-snippet":"max-snippet:-1","max-image-preview":"max-image-preview:large","max-video-preview":"max-video-preview:-1"},"canonical":"https:\/\/madrid.ufm.edu\/masters\/","og_locale":"es_ES","og_type":"article","og_title":"Maestr\u00edas - Masters","og_description":"Programas de m\u00e1steres Programas de maestr\u00eda dise\u00f1ados para ampliar tu perspectiva y desarrollar tu conocimiento. Master in Management (MiM) M\u00e1ster doble titulaci\u00f3n con Tulane University. En el MiM el alumno consolidar\u00e1 su formaci\u00f3n empresarial y administrativa, capacit\u00e1ndose para ocupar posiciones de alta direcci\u00f3n, promover ideas disruptivas en una empresa y cultivar su mentalidad emprendedora. Conoce&hellip;","og_url":"https:\/\/madrid.ufm.edu\/masters\/","og_site_name":"Masters","article_modified_time":"2025-04-25T16:46:30+00:00","og_image":[{"url":"https:\/\/madrid.ufm.edu\/masters\/wp-content\/uploads\/2022\/01\/0_01-Full-color-Madrid-Tulane-University.png"}],"twitter_card":"summary_large_image","twitter_misc":{"Tiempo de lectura":"1 minuto"},"schema":{"@context":"https:\/\/schema.org","@graph":[{"@type":"WebPage","@id":"https:\/\/madrid.ufm.edu\/masters\/","url":"https:\/\/madrid.ufm.edu\/masters\/","name":"Maestr\u00edas - Masters","isPartOf":{"@id":"https:\/\/madrid.ufm.edu\/masters\/#website"},"datePublished":"2022-03-10T16:15:10+00:00","dateModified":"2025-04-25T16:46:30+00:00","breadcrumb":{"@id":"https:\/\/madrid.ufm.edu\/masters\/#breadcrumb"},"inLanguage":"es","potentialAction":[{"@type":"ReadAction","target":["https:\/\/madrid.ufm.edu\/masters\/"]}]},{"@type":"BreadcrumbList","@id":"https:\/\/madrid.ufm.edu\/masters\/#breadcrumb","itemListElement":[{"@type":"ListItem","position":1,"name":"Portada","item":"https:\/\/madrid.ufm.edu\/masters\/"},{"@type":"ListItem","position":2,"name":"Maestr\u00edas"}]},{"@type":"WebSite","@id":"https:\/\/madrid.ufm.edu\/masters\/#website","url":"https:\/\/madrid.ufm.edu\/masters\/","name":"Masters","description":"Universidad Francisco Marroqu\u00edn","publisher":{"@id":"https:\/\/madrid.ufm.edu\/masters\/#organization"},"potentialAction":[{"@type":"SearchAction","target":{"@type":"EntryPoint","urlTemplate":"https:\/\/madrid.ufm.edu\/masters\/?s={search_term_string}"},"query-input":"required name=search_term_string"}],"inLanguage":"es"},{"@type":"Organization","@id":"https:\/\/madrid.ufm.edu\/masters\/#organization","name":"Escuela de Negocios","url":"https:\/\/madrid.ufm.edu\/masters\/","sameAs":[],"logo":{"@type":"ImageObject","inLanguage":"es","@id":"https:\/\/madrid.ufm.edu\/masters\/#\/schema\/logo\/image\/","url":"https:\/\/madrid.ufm.edu\/masters\/wp-content\/uploads\/2022\/01\/escuela-de-negocios.png","contentUrl":"https:\/\/madrid.ufm.edu\/masters\/wp-content\/uploads\/2022\/01\/escuela-de-negocios.png","width":478,"height":97,"caption":"Escuela de Negocios"},"image":{"@id":"https:\/\/madrid.ufm.edu\/masters\/#\/schema\/logo\/image\/"}}]}},"meta_box":{"booklet":[]},"_links":{"self":[{"href":"https:\/\/madrid.ufm.edu\/masters\/wp-json\/wp\/v2\/pages\/676","targetHints":{"allow":["GET"]}}],"collection":[{"href":"https:\/\/madrid.ufm.edu\/masters\/wp-json\/wp\/v2\/pages"}],"about":[{"href":"https:\/\/madrid.ufm.edu\/masters\/wp-json\/wp\/v2\/types\/page"}],"author":[{"embeddable":true,"href":"https:\/\/madrid.ufm.edu\/masters\/wp-json\/wp\/v2\/users\/1"}],"replies":[{"embeddable":true,"href":"https:\/\/madrid.ufm.edu\/masters\/wp-json\/wp\/v2\/comments?post=676"}],"version-history":[{"count":45,"href":"https:\/\/madrid.ufm.edu\/masters\/wp-json\/wp\/v2\/pages\/676\/revisions"}],"predecessor-version":[{"id":19038,"href":"https:\/\/madrid.ufm.edu\/masters\/wp-json\/wp\/v2\/pages\/676\/revisions\/19038"}],"wp:attachment":[{"href":"https:\/\/madrid.ufm.edu\/masters\/wp-json\/wp\/v2\/media?parent=676"}],"curies":[{"name":"wp","href":"https:\/\/api.w.org\/{rel}","templated":true}]}}