{"id":652,"date":"2022-03-09T23:08:58","date_gmt":"2022-03-10T05:08:58","guid":{"rendered":"https:\/\/madrid.ufm.edu\/masters\/?page_id=652"},"modified":"2024-06-27T02:48:20","modified_gmt":"2024-06-27T08:48:20","slug":"complementos-plan-de-estudios","status":"publish","type":"page","link":"https:\/\/madrid.ufm.edu\/masters\/master-in-management\/complementos-plan-de-estudios\/","title":{"rendered":"Complementos plan de estudios"},"content":{"rendered":"\n\n\t\t\t\t\n\t\t\t<p>El MiM se complementa con las siguientes plataformas de aprendizaje:<\/p>\n\t\t\t\t<img loading=\"lazy\" decoding=\"async\" src=\"https:\/\/madrid.ufm.edu\/masters\/wp-content\/uploads\/2022\/06\/1547211893_HBS-Online-2line.png\" alt=\"1547211893_HBS-Online-2line\" itemprop=\"image\" height=\"538\" width=\"2260\" title=\"1547211893_HBS-Online-2line\" onerror=\"this.style.display='none'\"  \/>\n\t<p>El Financial Accounting Online Course (FAOC) es un curso en l\u00ednea introductorio al \u00e1rea de la contabilidad financiera. Este curso es parte de los recursos educativos de Harvard Business School Online.<\/p>\n\t\t\t\t<img loading=\"lazy\" decoding=\"async\" src=\"https:\/\/madrid.ufm.edu\/masters\/wp-content\/uploads\/2024\/06\/Lifelong-Learning-Hours-300x184-1.png\" alt=\"Lifelong-Learning-Hours-300x184\" itemprop=\"image\" height=\"184\" width=\"300\" title=\"Lifelong-Learning-Hours-300x184\" onerror=\"this.style.display='none'\"  \/>\n\t\t\t\t<img loading=\"lazy\" decoding=\"async\" src=\"https:\/\/madrid.ufm.edu\/masters\/wp-content\/uploads\/2024\/06\/Coursera_logo.png\" alt=\"Coursera_logo\" itemprop=\"image\" height=\"90\" width=\"640\" title=\"Coursera_logo\" onerror=\"this.style.display='none'\"  \/>\n\t<p>M\u00e1s all\u00e1 del sal\u00f3n de clases, en la Escuela de Negocios fomentamos que los alumnos exploren diversos temas seg\u00fan su inter\u00e9s, pues entendemos que la curiosidad intelectual es un h\u00e1bito que se forja a lo largo de toda la vida. Queremos contribuir a formar individuos con un conocimiento integral y estimular a nuestros alumnos a seguir creciendo mediante todos los pasos del aprendizaje.<\/p>\n<p>La alianza entre Escuela de Negocios UFM y Coursera les da acceso a todos nuestros alumnos a un ecosistema de informaci\u00f3n y contenido creado para ayudarles a desarrollar habilidades espec\u00edficas, a lo largo de su paso por nuestros programas de maestr\u00eda.<\/p>\n\t<p><strong>El alumno debe cumplir con un m\u00ednimo de 35 horas de aprendizaje en esta plataforma, como parte del plan de estudios del programa.<\/strong><\/p>\n\n","protected":false},"excerpt":{"rendered":"<p>El MiM se complementa con las siguientes plataformas de aprendizaje: El Financial Accounting Online Course (FAOC) es un curso en l\u00ednea introductorio al \u00e1rea de la contabilidad financiera. Este curso es parte de los recursos educativos de Harvard Business School Online. M\u00e1s all\u00e1 del sal\u00f3n de clases, en la Escuela de Negocios fomentamos que los&hellip;<\/p>\n","protected":false},"author":1,"featured_media":0,"parent":458,"menu_order":0,"comment_status":"closed","ping_status":"closed","template":"","meta":{"footnotes":""},"class_list":["post-652","page","type-page","status-publish","hentry"],"yoast_head":"<!-- This site is optimized with the Yoast SEO plugin v19.5.1 - https:\/\/yoast.com\/wordpress\/plugins\/seo\/ -->\n<title>Complementos plan de estudios - Masters<\/title>\n<meta name=\"robots\" content=\"index, follow, max-snippet:-1, max-image-preview:large, max-video-preview:-1\" \/>\n<link rel=\"canonical\" href=\"https:\/\/madrid.ufm.edu\/masters\/master-in-management\/complementos-plan-de-estudios\/\" \/>\n<meta property=\"og:locale\" content=\"es_ES\" \/>\n<meta property=\"og:type\" content=\"article\" \/>\n<meta property=\"og:title\" content=\"Complementos plan de estudios - Masters\" \/>\n<meta property=\"og:description\" content=\"El MiM se complementa con las siguientes plataformas de aprendizaje: El Financial Accounting Online Course (FAOC) es un curso en l\u00ednea introductorio al \u00e1rea de la contabilidad financiera. Este curso es parte de los recursos educativos de Harvard Business School Online. M\u00e1s all\u00e1 del sal\u00f3n de clases, en la Escuela de Negocios fomentamos que los&hellip;\" \/>\n<meta property=\"og:url\" content=\"https:\/\/madrid.ufm.edu\/masters\/master-in-management\/complementos-plan-de-estudios\/\" \/>\n<meta property=\"og:site_name\" content=\"Masters\" \/>\n<meta property=\"article:modified_time\" content=\"2024-06-27T08:48:20+00:00\" \/>\n<meta property=\"og:image\" content=\"https:\/\/madrid.ufm.edu\/masters\/wp-content\/uploads\/2022\/06\/1547211893_HBS-Online-2line.png\" \/>\n<meta name=\"twitter:card\" content=\"summary_large_image\" \/>\n<meta name=\"twitter:label1\" content=\"Tiempo de lectura\" \/>\n\t<meta name=\"twitter:data1\" content=\"1 minuto\" \/>\n<script type=\"application\/ld+json\" class=\"yoast-schema-graph\">{\"@context\":\"https:\/\/schema.org\",\"@graph\":[{\"@type\":\"WebPage\",\"@id\":\"https:\/\/madrid.ufm.edu\/masters\/master-in-management\/complementos-plan-de-estudios\/\",\"url\":\"https:\/\/madrid.ufm.edu\/masters\/master-in-management\/complementos-plan-de-estudios\/\",\"name\":\"Complementos plan de estudios - Masters\",\"isPartOf\":{\"@id\":\"https:\/\/madrid.ufm.edu\/masters\/#website\"},\"datePublished\":\"2022-03-10T05:08:58+00:00\",\"dateModified\":\"2024-06-27T08:48:20+00:00\",\"breadcrumb\":{\"@id\":\"https:\/\/madrid.ufm.edu\/masters\/master-in-management\/complementos-plan-de-estudios\/#breadcrumb\"},\"inLanguage\":\"es\",\"potentialAction\":[{\"@type\":\"ReadAction\",\"target\":[\"https:\/\/madrid.ufm.edu\/masters\/master-in-management\/complementos-plan-de-estudios\/\"]}]},{\"@type\":\"BreadcrumbList\",\"@id\":\"https:\/\/madrid.ufm.edu\/masters\/master-in-management\/complementos-plan-de-estudios\/#breadcrumb\",\"itemListElement\":[{\"@type\":\"ListItem\",\"position\":1,\"name\":\"Portada\",\"item\":\"https:\/\/madrid.ufm.edu\/masters\/\"},{\"@type\":\"ListItem\",\"position\":2,\"name\":\"Master in Management\",\"item\":\"https:\/\/madrid.ufm.edu\/masters\/master-in-management\/\"},{\"@type\":\"ListItem\",\"position\":3,\"name\":\"Complementos plan de estudios\"}]},{\"@type\":\"WebSite\",\"@id\":\"https:\/\/madrid.ufm.edu\/masters\/#website\",\"url\":\"https:\/\/madrid.ufm.edu\/masters\/\",\"name\":\"Masters\",\"description\":\"Universidad Francisco Marroqu\u00edn\",\"publisher\":{\"@id\":\"https:\/\/madrid.ufm.edu\/masters\/#organization\"},\"potentialAction\":[{\"@type\":\"SearchAction\",\"target\":{\"@type\":\"EntryPoint\",\"urlTemplate\":\"https:\/\/madrid.ufm.edu\/masters\/?s={search_term_string}\"},\"query-input\":\"required name=search_term_string\"}],\"inLanguage\":\"es\"},{\"@type\":\"Organization\",\"@id\":\"https:\/\/madrid.ufm.edu\/masters\/#organization\",\"name\":\"Escuela de Negocios\",\"url\":\"https:\/\/madrid.ufm.edu\/masters\/\",\"sameAs\":[],\"logo\":{\"@type\":\"ImageObject\",\"inLanguage\":\"es\",\"@id\":\"https:\/\/madrid.ufm.edu\/masters\/#\/schema\/logo\/image\/\",\"url\":\"https:\/\/madrid.ufm.edu\/masters\/wp-content\/uploads\/2022\/01\/escuela-de-negocios.png\",\"contentUrl\":\"https:\/\/madrid.ufm.edu\/masters\/wp-content\/uploads\/2022\/01\/escuela-de-negocios.png\",\"width\":478,\"height\":97,\"caption\":\"Escuela de Negocios\"},\"image\":{\"@id\":\"https:\/\/madrid.ufm.edu\/masters\/#\/schema\/logo\/image\/\"}}]}<\/script>\n<!-- \/ Yoast SEO plugin. -->","yoast_head_json":{"title":"Complementos plan de estudios - Masters","robots":{"index":"index","follow":"follow","max-snippet":"max-snippet:-1","max-image-preview":"max-image-preview:large","max-video-preview":"max-video-preview:-1"},"canonical":"https:\/\/madrid.ufm.edu\/masters\/master-in-management\/complementos-plan-de-estudios\/","og_locale":"es_ES","og_type":"article","og_title":"Complementos plan de estudios - Masters","og_description":"El MiM se complementa con las siguientes plataformas de aprendizaje: El Financial Accounting Online Course (FAOC) es un curso en l\u00ednea introductorio al \u00e1rea de la contabilidad financiera. Este curso es parte de los recursos educativos de Harvard Business School Online. M\u00e1s all\u00e1 del sal\u00f3n de clases, en la Escuela de Negocios fomentamos que los&hellip;","og_url":"https:\/\/madrid.ufm.edu\/masters\/master-in-management\/complementos-plan-de-estudios\/","og_site_name":"Masters","article_modified_time":"2024-06-27T08:48:20+00:00","og_image":[{"url":"https:\/\/madrid.ufm.edu\/masters\/wp-content\/uploads\/2022\/06\/1547211893_HBS-Online-2line.png"}],"twitter_card":"summary_large_image","twitter_misc":{"Tiempo de lectura":"1 minuto"},"schema":{"@context":"https:\/\/schema.org","@graph":[{"@type":"WebPage","@id":"https:\/\/madrid.ufm.edu\/masters\/master-in-management\/complementos-plan-de-estudios\/","url":"https:\/\/madrid.ufm.edu\/masters\/master-in-management\/complementos-plan-de-estudios\/","name":"Complementos plan de estudios - Masters","isPartOf":{"@id":"https:\/\/madrid.ufm.edu\/masters\/#website"},"datePublished":"2022-03-10T05:08:58+00:00","dateModified":"2024-06-27T08:48:20+00:00","breadcrumb":{"@id":"https:\/\/madrid.ufm.edu\/masters\/master-in-management\/complementos-plan-de-estudios\/#breadcrumb"},"inLanguage":"es","potentialAction":[{"@type":"ReadAction","target":["https:\/\/madrid.ufm.edu\/masters\/master-in-management\/complementos-plan-de-estudios\/"]}]},{"@type":"BreadcrumbList","@id":"https:\/\/madrid.ufm.edu\/masters\/master-in-management\/complementos-plan-de-estudios\/#breadcrumb","itemListElement":[{"@type":"ListItem","position":1,"name":"Portada","item":"https:\/\/madrid.ufm.edu\/masters\/"},{"@type":"ListItem","position":2,"name":"Master in Management","item":"https:\/\/madrid.ufm.edu\/masters\/master-in-management\/"},{"@type":"ListItem","position":3,"name":"Complementos plan de estudios"}]},{"@type":"WebSite","@id":"https:\/\/madrid.ufm.edu\/masters\/#website","url":"https:\/\/madrid.ufm.edu\/masters\/","name":"Masters","description":"Universidad Francisco Marroqu\u00edn","publisher":{"@id":"https:\/\/madrid.ufm.edu\/masters\/#organization"},"potentialAction":[{"@type":"SearchAction","target":{"@type":"EntryPoint","urlTemplate":"https:\/\/madrid.ufm.edu\/masters\/?s={search_term_string}"},"query-input":"required name=search_term_string"}],"inLanguage":"es"},{"@type":"Organization","@id":"https:\/\/madrid.ufm.edu\/masters\/#organization","name":"Escuela de Negocios","url":"https:\/\/madrid.ufm.edu\/masters\/","sameAs":[],"logo":{"@type":"ImageObject","inLanguage":"es","@id":"https:\/\/madrid.ufm.edu\/masters\/#\/schema\/logo\/image\/","url":"https:\/\/madrid.ufm.edu\/masters\/wp-content\/uploads\/2022\/01\/escuela-de-negocios.png","contentUrl":"https:\/\/madrid.ufm.edu\/masters\/wp-content\/uploads\/2022\/01\/escuela-de-negocios.png","width":478,"height":97,"caption":"Escuela de Negocios"},"image":{"@id":"https:\/\/madrid.ufm.edu\/masters\/#\/schema\/logo\/image\/"}}]}},"meta_box":{"booklet":[]},"_links":{"self":[{"href":"https:\/\/madrid.ufm.edu\/masters\/wp-json\/wp\/v2\/pages\/652","targetHints":{"allow":["GET"]}}],"collection":[{"href":"https:\/\/madrid.ufm.edu\/masters\/wp-json\/wp\/v2\/pages"}],"about":[{"href":"https:\/\/madrid.ufm.edu\/masters\/wp-json\/wp\/v2\/types\/page"}],"author":[{"embeddable":true,"href":"https:\/\/madrid.ufm.edu\/masters\/wp-json\/wp\/v2\/users\/1"}],"replies":[{"embeddable":true,"href":"https:\/\/madrid.ufm.edu\/masters\/wp-json\/wp\/v2\/comments?post=652"}],"version-history":[{"count":20,"href":"https:\/\/madrid.ufm.edu\/masters\/wp-json\/wp\/v2\/pages\/652\/revisions"}],"predecessor-version":[{"id":17037,"href":"https:\/\/madrid.ufm.edu\/masters\/wp-json\/wp\/v2\/pages\/652\/revisions\/17037"}],"up":[{"embeddable":true,"href":"https:\/\/madrid.ufm.edu\/masters\/wp-json\/wp\/v2\/pages\/458"}],"wp:attachment":[{"href":"https:\/\/madrid.ufm.edu\/masters\/wp-json\/wp\/v2\/media?parent=652"}],"curies":[{"name":"wp","href":"https:\/\/api.w.org\/{rel}","templated":true}]}}