{"id":523,"date":"2022-03-02T11:34:50","date_gmt":"2022-03-02T17:34:50","guid":{"rendered":"https:\/\/madrid.ufm.edu\/masters\/?page_id=523"},"modified":"2022-08-19T11:33:58","modified_gmt":"2022-08-19T17:33:58","slug":"preguntas-viaje-tulane","status":"publish","type":"page","link":"https:\/\/madrid.ufm.edu\/masters\/preguntas-viaje-tulane\/","title":{"rendered":"Preguntas frecuentes viaje acad\u00e9mico Tulane University"},"content":{"rendered":"\r\n<h2>Viaje acad\u00e9mico Tulane University<\/h2>\r\n<p>Preguntas y respuestas frecuentes en relaci\u00f3n al viaje acad\u00e9mico para alumnos de doble titulaci\u00f3n con Tulane University.<\/p>\r\n<p>\u00bfCu\u00e1les son los costos que est\u00e1n cubiertos para mi viaje por parte de la universidad?<\/p>\r\n<p>Escuela de Negocios cubrir\u00e1 tus gastos de boleto, hospedaje, desayuno, almuerzo y coffee breaks los d\u00edas de clase y traslados de aeropuerto, al campus y visitas a empresas durante la semana de viaje en Tulane University.<\/p>\r\n<p>\u00bfQu\u00e9 pasa si no puedo participar en el viaje acad\u00e9mico a Tulane University?<\/p>\r\n<p>En caso no puedas participar del viaje a Tulane University que corresponde a tu promoci\u00f3n, podr\u00e1s participar en el viaje que se lleve a cabo para la siguiente promoci\u00f3n (junio de cada a\u00f1o).<\/p>\r\n<p>En caso se te dificulte la opci\u00f3n de viajar, puedes llevar el curso de forma virtual, gracias al formato \u00abpresentual\u00bb de Tulane University. Si optas por esta opci\u00f3n, no podr\u00e1s solicitar reembolso por los costos de viaje.<\/p>\r\n<p>Por favor comun\u00edcate con la Coordinadora de Alianzas (<a href=\"mailto:adminen@ufm.edu\">adminen@ufm.edu)<\/a> para evaluar tu caso en particular.<\/p>\r\n<p>\u00bfNecesito visa de estudiante para viajar a Tulane University?<\/p>\r\n<p>No es necesario, puedes viajar con tu visa de turismo B1-B2.<\/p>\r\n<p>\u00bfPuedo viajar en una fecha distinta a la propuesta por la universidad?<\/p>\r\n<p>Si es posible, pero se te cargar\u00e1n $50 por gastos administrativos.\u00a0<\/p>\r\n<p>Al tramitar los boletos del grupo que viajar\u00e1, se establece el costo promedio. Si tu boleto es m\u00e1s caro que ese promedio, se te cargar\u00e1 la diferencia.<\/p>\r\n","protected":false},"excerpt":{"rendered":"<p>Viaje acad\u00e9mico Tulane University Preguntas y respuestas frecuentes en relaci\u00f3n al viaje acad\u00e9mico para alumnos de doble titulaci\u00f3n con Tulane University. \u00bfCu\u00e1les son los costos que est\u00e1n cubiertos para mi viaje por parte de la universidad? Escuela de Negocios cubrir\u00e1 tus gastos de boleto, hospedaje, desayuno, almuerzo y coffee breaks los d\u00edas de clase y&hellip;<\/p>\n","protected":false},"author":1,"featured_media":0,"parent":0,"menu_order":0,"comment_status":"closed","ping_status":"closed","template":"","meta":{"footnotes":""},"class_list":["post-523","page","type-page","status-publish","hentry"],"yoast_head":"<!-- This site is optimized with the Yoast SEO plugin v19.5.1 - https:\/\/yoast.com\/wordpress\/plugins\/seo\/ -->\n<title>Preguntas frecuentes viaje acad\u00e9mico Tulane University - Masters<\/title>\n<meta name=\"robots\" content=\"index, follow, max-snippet:-1, max-image-preview:large, max-video-preview:-1\" \/>\n<link rel=\"canonical\" href=\"https:\/\/madrid.ufm.edu\/masters\/preguntas-viaje-tulane\/\" \/>\n<meta property=\"og:locale\" content=\"es_ES\" \/>\n<meta property=\"og:type\" content=\"article\" \/>\n<meta property=\"og:title\" content=\"Preguntas frecuentes viaje acad\u00e9mico Tulane University - Masters\" \/>\n<meta property=\"og:description\" content=\"Viaje acad\u00e9mico Tulane University Preguntas y respuestas frecuentes en relaci\u00f3n al viaje acad\u00e9mico para alumnos de doble titulaci\u00f3n con Tulane University. \u00bfCu\u00e1les son los costos que est\u00e1n cubiertos para mi viaje por parte de la universidad? Escuela de Negocios cubrir\u00e1 tus gastos de boleto, hospedaje, desayuno, almuerzo y coffee breaks los d\u00edas de clase y&hellip;\" \/>\n<meta property=\"og:url\" content=\"https:\/\/madrid.ufm.edu\/masters\/preguntas-viaje-tulane\/\" \/>\n<meta property=\"og:site_name\" content=\"Masters\" \/>\n<meta property=\"article:modified_time\" content=\"2022-08-19T17:33:58+00:00\" \/>\n<meta property=\"og:image\" content=\"https:\/\/madrid.ufm.edu\/masters\/wp-content\/uploads\/2022\/08\/logo-ufm-tulane-share.png\" \/>\n\t<meta property=\"og:image:width\" content=\"300\" \/>\n\t<meta property=\"og:image:height\" content=\"300\" \/>\n\t<meta property=\"og:image:type\" content=\"image\/png\" \/>\n<meta name=\"twitter:card\" content=\"summary_large_image\" \/>\n<meta name=\"twitter:label1\" content=\"Tiempo de lectura\" \/>\n\t<meta name=\"twitter:data1\" content=\"1 minuto\" \/>\n<script type=\"application\/ld+json\" class=\"yoast-schema-graph\">{\"@context\":\"https:\/\/schema.org\",\"@graph\":[{\"@type\":\"WebPage\",\"@id\":\"https:\/\/madrid.ufm.edu\/masters\/preguntas-viaje-tulane\/\",\"url\":\"https:\/\/madrid.ufm.edu\/masters\/preguntas-viaje-tulane\/\",\"name\":\"Preguntas frecuentes viaje acad\u00e9mico Tulane University - Masters\",\"isPartOf\":{\"@id\":\"https:\/\/madrid.ufm.edu\/masters\/#website\"},\"datePublished\":\"2022-03-02T17:34:50+00:00\",\"dateModified\":\"2022-08-19T17:33:58+00:00\",\"breadcrumb\":{\"@id\":\"https:\/\/madrid.ufm.edu\/masters\/preguntas-viaje-tulane\/#breadcrumb\"},\"inLanguage\":\"es\",\"potentialAction\":[{\"@type\":\"ReadAction\",\"target\":[\"https:\/\/madrid.ufm.edu\/masters\/preguntas-viaje-tulane\/\"]}]},{\"@type\":\"BreadcrumbList\",\"@id\":\"https:\/\/madrid.ufm.edu\/masters\/preguntas-viaje-tulane\/#breadcrumb\",\"itemListElement\":[{\"@type\":\"ListItem\",\"position\":1,\"name\":\"Portada\",\"item\":\"https:\/\/madrid.ufm.edu\/masters\/\"},{\"@type\":\"ListItem\",\"position\":2,\"name\":\"Preguntas frecuentes viaje acad\u00e9mico Tulane University\"}]},{\"@type\":\"WebSite\",\"@id\":\"https:\/\/madrid.ufm.edu\/masters\/#website\",\"url\":\"https:\/\/madrid.ufm.edu\/masters\/\",\"name\":\"Masters\",\"description\":\"Universidad Francisco Marroqu\u00edn\",\"publisher\":{\"@id\":\"https:\/\/madrid.ufm.edu\/masters\/#organization\"},\"potentialAction\":[{\"@type\":\"SearchAction\",\"target\":{\"@type\":\"EntryPoint\",\"urlTemplate\":\"https:\/\/madrid.ufm.edu\/masters\/?s={search_term_string}\"},\"query-input\":\"required name=search_term_string\"}],\"inLanguage\":\"es\"},{\"@type\":\"Organization\",\"@id\":\"https:\/\/madrid.ufm.edu\/masters\/#organization\",\"name\":\"Escuela de Negocios\",\"url\":\"https:\/\/madrid.ufm.edu\/masters\/\",\"sameAs\":[],\"logo\":{\"@type\":\"ImageObject\",\"inLanguage\":\"es\",\"@id\":\"https:\/\/madrid.ufm.edu\/masters\/#\/schema\/logo\/image\/\",\"url\":\"https:\/\/madrid.ufm.edu\/masters\/wp-content\/uploads\/2022\/01\/escuela-de-negocios.png\",\"contentUrl\":\"https:\/\/madrid.ufm.edu\/masters\/wp-content\/uploads\/2022\/01\/escuela-de-negocios.png\",\"width\":478,\"height\":97,\"caption\":\"Escuela de Negocios\"},\"image\":{\"@id\":\"https:\/\/madrid.ufm.edu\/masters\/#\/schema\/logo\/image\/\"}}]}<\/script>\n<!-- \/ Yoast SEO plugin. -->","yoast_head_json":{"title":"Preguntas frecuentes viaje acad\u00e9mico Tulane University - Masters","robots":{"index":"index","follow":"follow","max-snippet":"max-snippet:-1","max-image-preview":"max-image-preview:large","max-video-preview":"max-video-preview:-1"},"canonical":"https:\/\/madrid.ufm.edu\/masters\/preguntas-viaje-tulane\/","og_locale":"es_ES","og_type":"article","og_title":"Preguntas frecuentes viaje acad\u00e9mico Tulane University - Masters","og_description":"Viaje acad\u00e9mico Tulane University Preguntas y respuestas frecuentes en relaci\u00f3n al viaje acad\u00e9mico para alumnos de doble titulaci\u00f3n con Tulane University. \u00bfCu\u00e1les son los costos que est\u00e1n cubiertos para mi viaje por parte de la universidad? Escuela de Negocios cubrir\u00e1 tus gastos de boleto, hospedaje, desayuno, almuerzo y coffee breaks los d\u00edas de clase y&hellip;","og_url":"https:\/\/madrid.ufm.edu\/masters\/preguntas-viaje-tulane\/","og_site_name":"Masters","article_modified_time":"2022-08-19T17:33:58+00:00","og_image":[{"width":300,"height":300,"url":"https:\/\/madrid.ufm.edu\/masters\/wp-content\/uploads\/2022\/08\/logo-ufm-tulane-share.png","type":"image\/png"}],"twitter_card":"summary_large_image","twitter_misc":{"Tiempo de lectura":"1 minuto"},"schema":{"@context":"https:\/\/schema.org","@graph":[{"@type":"WebPage","@id":"https:\/\/madrid.ufm.edu\/masters\/preguntas-viaje-tulane\/","url":"https:\/\/madrid.ufm.edu\/masters\/preguntas-viaje-tulane\/","name":"Preguntas frecuentes viaje acad\u00e9mico Tulane University - Masters","isPartOf":{"@id":"https:\/\/madrid.ufm.edu\/masters\/#website"},"datePublished":"2022-03-02T17:34:50+00:00","dateModified":"2022-08-19T17:33:58+00:00","breadcrumb":{"@id":"https:\/\/madrid.ufm.edu\/masters\/preguntas-viaje-tulane\/#breadcrumb"},"inLanguage":"es","potentialAction":[{"@type":"ReadAction","target":["https:\/\/madrid.ufm.edu\/masters\/preguntas-viaje-tulane\/"]}]},{"@type":"BreadcrumbList","@id":"https:\/\/madrid.ufm.edu\/masters\/preguntas-viaje-tulane\/#breadcrumb","itemListElement":[{"@type":"ListItem","position":1,"name":"Portada","item":"https:\/\/madrid.ufm.edu\/masters\/"},{"@type":"ListItem","position":2,"name":"Preguntas frecuentes viaje acad\u00e9mico Tulane University"}]},{"@type":"WebSite","@id":"https:\/\/madrid.ufm.edu\/masters\/#website","url":"https:\/\/madrid.ufm.edu\/masters\/","name":"Masters","description":"Universidad Francisco Marroqu\u00edn","publisher":{"@id":"https:\/\/madrid.ufm.edu\/masters\/#organization"},"potentialAction":[{"@type":"SearchAction","target":{"@type":"EntryPoint","urlTemplate":"https:\/\/madrid.ufm.edu\/masters\/?s={search_term_string}"},"query-input":"required name=search_term_string"}],"inLanguage":"es"},{"@type":"Organization","@id":"https:\/\/madrid.ufm.edu\/masters\/#organization","name":"Escuela de Negocios","url":"https:\/\/madrid.ufm.edu\/masters\/","sameAs":[],"logo":{"@type":"ImageObject","inLanguage":"es","@id":"https:\/\/madrid.ufm.edu\/masters\/#\/schema\/logo\/image\/","url":"https:\/\/madrid.ufm.edu\/masters\/wp-content\/uploads\/2022\/01\/escuela-de-negocios.png","contentUrl":"https:\/\/madrid.ufm.edu\/masters\/wp-content\/uploads\/2022\/01\/escuela-de-negocios.png","width":478,"height":97,"caption":"Escuela de Negocios"},"image":{"@id":"https:\/\/madrid.ufm.edu\/masters\/#\/schema\/logo\/image\/"}}]}},"meta_box":{"booklet":[]},"_links":{"self":[{"href":"https:\/\/madrid.ufm.edu\/masters\/wp-json\/wp\/v2\/pages\/523","targetHints":{"allow":["GET"]}}],"collection":[{"href":"https:\/\/madrid.ufm.edu\/masters\/wp-json\/wp\/v2\/pages"}],"about":[{"href":"https:\/\/madrid.ufm.edu\/masters\/wp-json\/wp\/v2\/types\/page"}],"author":[{"embeddable":true,"href":"https:\/\/madrid.ufm.edu\/masters\/wp-json\/wp\/v2\/users\/1"}],"replies":[{"embeddable":true,"href":"https:\/\/madrid.ufm.edu\/masters\/wp-json\/wp\/v2\/comments?post=523"}],"version-history":[{"count":20,"href":"https:\/\/madrid.ufm.edu\/masters\/wp-json\/wp\/v2\/pages\/523\/revisions"}],"predecessor-version":[{"id":15005,"href":"https:\/\/madrid.ufm.edu\/masters\/wp-json\/wp\/v2\/pages\/523\/revisions\/15005"}],"wp:attachment":[{"href":"https:\/\/madrid.ufm.edu\/masters\/wp-json\/wp\/v2\/media?parent=523"}],"curies":[{"name":"wp","href":"https:\/\/api.w.org\/{rel}","templated":true}]}}