{"id":17241,"date":"2024-07-10T03:49:42","date_gmt":"2024-07-10T09:49:42","guid":{"rendered":"https:\/\/madrid.ufm.edu\/masters\/?page_id=17241"},"modified":"2024-09-05T07:02:59","modified_gmt":"2024-09-05T13:02:59","slug":"conoce-mas","status":"publish","type":"page","link":"https:\/\/madrid.ufm.edu\/masters\/maestria-economia\/conoce-mas\/","title":{"rendered":"Conoce m\u00e1s"},"content":{"rendered":"\n<h2>\n\t\tConoce m\u00e1s\n\t<\/h2>\n<h2>\n\t\tEl m\u00e1ster para entender el mundo en que vivimos.  Aprende econom\u00eda en un a\u00f1o.\n\t<\/h2>\n\t\t<h5>\t\n\tP\u00e9nsum<\/h5>\t\t\n\t\t\t<ul>\n<li>Introducci\u00f3n al Concepto de Econom\u00eda<\/li>\n<li>Procesos de Mercado<\/li>\n<li>Teor\u00eda Monetaria y Bancaria<\/li>\n<li>Innovaci\u00f3n y Empresa<\/li>\n<li>Historia de la Econom\u00eda<\/li>\n<li>Coyuntura Econ\u00f3mica<\/li>\n<li>Econom\u00eda e Instituciones<\/li>\n<li>Mercado de Capitales e Inversi\u00f3n<\/li>\n<li>An\u00e1lisis de Variables Econ\u00f3micas<\/li>\n<li>Hacienda P\u00fablica y Pol\u00edtica Fiscal<\/li>\n<li>Pol\u00edticas P\u00fablicas<\/li>\n<li>Escuela Austriaca: Macroeconom\u00eda<\/li>\n<li>Entorno Econ\u00f3mico<\/li>\n<li>Historia del Pensamiento Econ\u00f3mico<\/li>\n<li>An\u00e1lisis Econ\u00f3mico del Socialismo<\/li>\n<li>Teor\u00eda del Estado<\/li>\n<li>Comercio Internacional y Globalizaci\u00f3n<\/li>\n<li><strong>Proyecto fin<\/strong><strong>al<\/strong><strong> de <\/strong><strong>m<\/strong><strong>\u00e1<\/strong><strong>ster<\/strong><\/li>\n<\/ul>\n\t\t<h5>\t\n\tCompetencias y habilidades<\/h5>\t\t\n\t\t\t<p>Est\u00e1 dise\u00f1ado para facilitar el crecimiento personal, el desarrollo de habilidades y el florecimiento intelectual para as\u00ed tener las herramientas con que lograr el \u00e9xito en tu vida profesional. El eje de todo el proceso de aprendizaje son las competencias que adquirir\u00e1s a lo largo de tus estudios. Dentro de este marco, los contenidos no son un fin en s\u00ed mismo, sino un medio con los que alcanzar estas competencias. Tus profesores lo saben y por eso han dise\u00f1ado sus cursos pensando en lo que aprender\u00e1s a hacer y no solo en lo que respondas en un examen.<\/p>\n<p><strong>\u00bfQu\u00e9 sabr\u00e1s hacer al terminar el M\u00e1ster Universitario en Econom\u00eda?\u00a0<\/strong><\/p>\n<p>Despu\u00e9s de este m\u00e1ster, los mejores departamentos de an\u00e1lisis querr\u00e1n contar contigo por tu capacidad para diagnosticar con precisi\u00f3n el estado de salud de la econom\u00eda y las perspectivas a medio plazo. Adem\u00e1s, sabr\u00e1s expresar con claridad tus ideas a trav\u00e9s de los medios de comunicaci\u00f3n o formalizarlas con rigor para publicar en revistas acad\u00e9micas.<\/p>\n\t\t<h5>\t\n\tPr\u00e1cticas profesionales<\/h5>\t\t\n\t\t\t<p>Podr\u00e1s cursar tus pr\u00e1cticas externas curriculares del M\u00e1ster Universitario en Econom\u00eda al m\u00e1s alto nivel. Tendr\u00e1s la posibilidad de llevar adelante tus pr\u00e1cticas en el Observatorio de coyuntura econ\u00f3mica y el Finance Research Center. Adem\u00e1s, podr\u00e1s colaborar en proyectos de investigaci\u00f3n del prestigioso Journal of Economic Affairs, en el que participan el Institute of Economic Affairs (UK), la Universidad de Buckingham (UK), la Universidad Francisco Marroqu\u00edn (Guatemala) y la Universidad de las Hesp\u00e9rides.<\/p>\n<p>Formar\u00e1s parte del entorno colaborativo del Make Impact Consortium (MIC), liderado por el Massachusetts Institute of Technology (MIT), una comunidad internacional de universidades con ideas afines para el aprendizaje y el beneficio mutuo. Podr\u00e1s participar en los retos que el MIC, en alianza con distintas empresas y organizaciones, lanza para resolver problemas reales y crear impacto positivo en la sociedad.<\/p>\n<p>Te podr\u00e1s beneficiar de los acuerdos con la Fundaci\u00f3n Universidad-Empresa (programa e-Start), Banco Latinoamericano de Comercio Exterior, Grupo Kalise, Finance Research Center, Centro de Estudios Superiores de Madrid Manuel Ayau, Lopesan Hotel Management, Binter Canarias, y Domingo Alonso Group, entre otras instituciones y empresas que te permitir\u00e1n conectarte con tu campo profesional.<\/p>\n\t\t<h5>\t\n\tProfesores de prestigio<\/h5>\t\t\n\t\t\t<p><strong>\u00bfQu\u00e9 tiene de especial nuestro claustro de profesores?<\/strong><\/p>\n<p>Nuestros profesores son los mejores en sus \u00e1reas de estudio y nosotros hemos hecho todo lo posible para juntarlos en su solo programa. Con Juan Ram\u00f3n Rallo a la cabeza, nombres como Carlos Rodr\u00edguez Braun, Nikolai Wentzel, Miguel Anxo Bastos y Adri\u00e1n Ravier completan el claustro.<\/p>\n\t\t\t\t\t\t\t\t\t\t\t\t\t<p>\u00abEn este m\u00e1ster se podr\u00e1n conocer las aportaciones cient\u00edficas m\u00e1s s\u00f3lidas en defensa de los mercados libres, tal como se han ido desarrollando en las m\u00e1s relevantes escuelas de pensamiento\u00bb.<\/p>\n\t\t\t\t\t\t\t\t\t\t\t\t\t\t\t\t\t<h3>Juan Ram\u00f3n Rallo &#8211; Director del m\u00e1ster<\/h3>\n\t\t\t\t\t\t\t\t\t\t\t\t\t<p>\u00abUna excelente experiencia, que hace que nos veamos obligados a reorganizar alguno de nuestros esquemas mentales previos\u00bb.<\/p>\n\t\t\t\t\t\t\t\t\t\t\t\t\t\t\t\t\t<h3>Jos\u00e9 Luis N\u00fa\u00f1ez &#8211; CEO de Enocentro<\/h3>\n\t\t\t\t\t\t\t\t\t\t\t\t\t<p>\u00abEl estudiante recibe una formaci\u00f3n completa y \u00fatil para comprender no solo el pasado, sino tambi\u00e9n el presente y anticipar el futuro de las relaciones econ\u00f3micas entre los seres humanos\u00bb.<\/p>\n\t\t\t\t\t\t\t\t\t\t\t\t\t\t\t\t\t<h3>Luis Sunyer &#8211; Profesor de Econom\u00eda en Jinan University<\/h3>\n\t\t\t\t\t\t\t\t\t\t\t\t\t<p>\u00abEl m\u00e1ster ha sido una experiencia transformadora porque proporciona una perspectiva diferente de problemas que trascienden el \u00e1mbito econ\u00f3mico\u00bb.<\/p>\n\t\t\t\t\t\t\t\t\t\t\t\t\t\t\t\t\t<h3>Carlos Terr\u00e9 &#8211; Economista e ingeniero<\/h3>\n\t\t\t\t\t\t\t\t\t\t\t\t\t<p>\u00abLo que m\u00e1s me llama la atenci\u00f3n es la importancia que se le brindan a determinadas materias que en las universidades espa\u00f1olas se abordan de forma tangencial\u00bb.<\/p>\n\t\t\t\t\t\t\t\t\t\t\t\t\t\t\t\t\t<h3>Antonio Salazar &#8211; Editor de La Gaveta Econ\u00f3mica<\/h3>\n\t\t\t\t<!-- \/.pp-testimonials -->\n\n","protected":false},"excerpt":{"rendered":"<p>Conoce m\u00e1s El m\u00e1ster para entender el mundo en que vivimos. Aprende econom\u00eda en un a\u00f1o. P\u00e9nsum Introducci\u00f3n al Concepto de Econom\u00eda Procesos de Mercado Teor\u00eda Monetaria y Bancaria Innovaci\u00f3n y Empresa Historia de la Econom\u00eda Coyuntura Econ\u00f3mica Econom\u00eda e Instituciones Mercado de Capitales e Inversi\u00f3n An\u00e1lisis de Variables Econ\u00f3micas Hacienda P\u00fablica y Pol\u00edtica Fiscal&hellip;<\/p>\n","protected":false},"author":13,"featured_media":0,"parent":15289,"menu_order":0,"comment_status":"closed","ping_status":"closed","template":"","meta":{"footnotes":""},"class_list":["post-17241","page","type-page","status-publish","hentry"],"yoast_head":"<!-- This site is optimized with the Yoast SEO plugin v19.5.1 - https:\/\/yoast.com\/wordpress\/plugins\/seo\/ -->\n<title>Conoce m\u00e1s - Masters<\/title>\n<meta name=\"robots\" content=\"index, follow, max-snippet:-1, max-image-preview:large, max-video-preview:-1\" \/>\n<link rel=\"canonical\" href=\"https:\/\/madrid.ufm.edu\/masters\/maestria-economia\/conoce-mas\/\" \/>\n<meta property=\"og:locale\" content=\"es_ES\" \/>\n<meta property=\"og:type\" content=\"article\" \/>\n<meta property=\"og:title\" content=\"Conoce m\u00e1s - Masters\" \/>\n<meta property=\"og:description\" content=\"Conoce m\u00e1s El m\u00e1ster para entender el mundo en que vivimos. Aprende econom\u00eda en un a\u00f1o. P\u00e9nsum Introducci\u00f3n al Concepto de Econom\u00eda Procesos de Mercado Teor\u00eda Monetaria y Bancaria Innovaci\u00f3n y Empresa Historia de la Econom\u00eda Coyuntura Econ\u00f3mica Econom\u00eda e Instituciones Mercado de Capitales e Inversi\u00f3n An\u00e1lisis de Variables Econ\u00f3micas Hacienda P\u00fablica y Pol\u00edtica Fiscal&hellip;\" \/>\n<meta property=\"og:url\" content=\"https:\/\/madrid.ufm.edu\/masters\/maestria-economia\/conoce-mas\/\" \/>\n<meta property=\"og:site_name\" content=\"Masters\" \/>\n<meta property=\"article:modified_time\" content=\"2024-09-05T13:02:59+00:00\" \/>\n<meta property=\"og:image\" content=\"https:\/\/madrid.ufm.edu\/masters\/wp-content\/uploads\/2022\/08\/logo-ufm-tulane-share.png\" \/>\n\t<meta property=\"og:image:width\" content=\"300\" \/>\n\t<meta property=\"og:image:height\" content=\"300\" \/>\n\t<meta property=\"og:image:type\" content=\"image\/png\" \/>\n<meta name=\"twitter:card\" content=\"summary_large_image\" \/>\n<meta name=\"twitter:label1\" content=\"Tiempo de lectura\" \/>\n\t<meta name=\"twitter:data1\" content=\"4 minutos\" \/>\n<script type=\"application\/ld+json\" class=\"yoast-schema-graph\">{\"@context\":\"https:\/\/schema.org\",\"@graph\":[{\"@type\":\"WebPage\",\"@id\":\"https:\/\/madrid.ufm.edu\/masters\/maestria-economia\/conoce-mas\/\",\"url\":\"https:\/\/madrid.ufm.edu\/masters\/maestria-economia\/conoce-mas\/\",\"name\":\"Conoce m\u00e1s - Masters\",\"isPartOf\":{\"@id\":\"https:\/\/madrid.ufm.edu\/masters\/#website\"},\"datePublished\":\"2024-07-10T09:49:42+00:00\",\"dateModified\":\"2024-09-05T13:02:59+00:00\",\"breadcrumb\":{\"@id\":\"https:\/\/madrid.ufm.edu\/masters\/maestria-economia\/conoce-mas\/#breadcrumb\"},\"inLanguage\":\"es\",\"potentialAction\":[{\"@type\":\"ReadAction\",\"target\":[\"https:\/\/madrid.ufm.edu\/masters\/maestria-economia\/conoce-mas\/\"]}]},{\"@type\":\"BreadcrumbList\",\"@id\":\"https:\/\/madrid.ufm.edu\/masters\/maestria-economia\/conoce-mas\/#breadcrumb\",\"itemListElement\":[{\"@type\":\"ListItem\",\"position\":1,\"name\":\"Portada\",\"item\":\"https:\/\/madrid.ufm.edu\/masters\/\"},{\"@type\":\"ListItem\",\"position\":2,\"name\":\"Maestr\u00eda en Econom\u00eda\",\"item\":\"https:\/\/madrid.ufm.edu\/masters\/maestria-economia\/\"},{\"@type\":\"ListItem\",\"position\":3,\"name\":\"Conoce m\u00e1s\"}]},{\"@type\":\"WebSite\",\"@id\":\"https:\/\/madrid.ufm.edu\/masters\/#website\",\"url\":\"https:\/\/madrid.ufm.edu\/masters\/\",\"name\":\"Masters\",\"description\":\"Universidad Francisco Marroqu\u00edn\",\"publisher\":{\"@id\":\"https:\/\/madrid.ufm.edu\/masters\/#organization\"},\"potentialAction\":[{\"@type\":\"SearchAction\",\"target\":{\"@type\":\"EntryPoint\",\"urlTemplate\":\"https:\/\/madrid.ufm.edu\/masters\/?s={search_term_string}\"},\"query-input\":\"required name=search_term_string\"}],\"inLanguage\":\"es\"},{\"@type\":\"Organization\",\"@id\":\"https:\/\/madrid.ufm.edu\/masters\/#organization\",\"name\":\"Escuela de Negocios\",\"url\":\"https:\/\/madrid.ufm.edu\/masters\/\",\"sameAs\":[],\"logo\":{\"@type\":\"ImageObject\",\"inLanguage\":\"es\",\"@id\":\"https:\/\/madrid.ufm.edu\/masters\/#\/schema\/logo\/image\/\",\"url\":\"https:\/\/madrid.ufm.edu\/masters\/wp-content\/uploads\/2022\/01\/escuela-de-negocios.png\",\"contentUrl\":\"https:\/\/madrid.ufm.edu\/masters\/wp-content\/uploads\/2022\/01\/escuela-de-negocios.png\",\"width\":478,\"height\":97,\"caption\":\"Escuela de Negocios\"},\"image\":{\"@id\":\"https:\/\/madrid.ufm.edu\/masters\/#\/schema\/logo\/image\/\"}}]}<\/script>\n<!-- \/ Yoast SEO plugin. -->","yoast_head_json":{"title":"Conoce m\u00e1s - Masters","robots":{"index":"index","follow":"follow","max-snippet":"max-snippet:-1","max-image-preview":"max-image-preview:large","max-video-preview":"max-video-preview:-1"},"canonical":"https:\/\/madrid.ufm.edu\/masters\/maestria-economia\/conoce-mas\/","og_locale":"es_ES","og_type":"article","og_title":"Conoce m\u00e1s - Masters","og_description":"Conoce m\u00e1s El m\u00e1ster para entender el mundo en que vivimos. Aprende econom\u00eda en un a\u00f1o. P\u00e9nsum Introducci\u00f3n al Concepto de Econom\u00eda Procesos de Mercado Teor\u00eda Monetaria y Bancaria Innovaci\u00f3n y Empresa Historia de la Econom\u00eda Coyuntura Econ\u00f3mica Econom\u00eda e Instituciones Mercado de Capitales e Inversi\u00f3n An\u00e1lisis de Variables Econ\u00f3micas Hacienda P\u00fablica y Pol\u00edtica Fiscal&hellip;","og_url":"https:\/\/madrid.ufm.edu\/masters\/maestria-economia\/conoce-mas\/","og_site_name":"Masters","article_modified_time":"2024-09-05T13:02:59+00:00","og_image":[{"width":300,"height":300,"url":"https:\/\/madrid.ufm.edu\/masters\/wp-content\/uploads\/2022\/08\/logo-ufm-tulane-share.png","type":"image\/png"}],"twitter_card":"summary_large_image","twitter_misc":{"Tiempo de lectura":"4 minutos"},"schema":{"@context":"https:\/\/schema.org","@graph":[{"@type":"WebPage","@id":"https:\/\/madrid.ufm.edu\/masters\/maestria-economia\/conoce-mas\/","url":"https:\/\/madrid.ufm.edu\/masters\/maestria-economia\/conoce-mas\/","name":"Conoce m\u00e1s - Masters","isPartOf":{"@id":"https:\/\/madrid.ufm.edu\/masters\/#website"},"datePublished":"2024-07-10T09:49:42+00:00","dateModified":"2024-09-05T13:02:59+00:00","breadcrumb":{"@id":"https:\/\/madrid.ufm.edu\/masters\/maestria-economia\/conoce-mas\/#breadcrumb"},"inLanguage":"es","potentialAction":[{"@type":"ReadAction","target":["https:\/\/madrid.ufm.edu\/masters\/maestria-economia\/conoce-mas\/"]}]},{"@type":"BreadcrumbList","@id":"https:\/\/madrid.ufm.edu\/masters\/maestria-economia\/conoce-mas\/#breadcrumb","itemListElement":[{"@type":"ListItem","position":1,"name":"Portada","item":"https:\/\/madrid.ufm.edu\/masters\/"},{"@type":"ListItem","position":2,"name":"Maestr\u00eda en Econom\u00eda","item":"https:\/\/madrid.ufm.edu\/masters\/maestria-economia\/"},{"@type":"ListItem","position":3,"name":"Conoce m\u00e1s"}]},{"@type":"WebSite","@id":"https:\/\/madrid.ufm.edu\/masters\/#website","url":"https:\/\/madrid.ufm.edu\/masters\/","name":"Masters","description":"Universidad Francisco Marroqu\u00edn","publisher":{"@id":"https:\/\/madrid.ufm.edu\/masters\/#organization"},"potentialAction":[{"@type":"SearchAction","target":{"@type":"EntryPoint","urlTemplate":"https:\/\/madrid.ufm.edu\/masters\/?s={search_term_string}"},"query-input":"required name=search_term_string"}],"inLanguage":"es"},{"@type":"Organization","@id":"https:\/\/madrid.ufm.edu\/masters\/#organization","name":"Escuela de Negocios","url":"https:\/\/madrid.ufm.edu\/masters\/","sameAs":[],"logo":{"@type":"ImageObject","inLanguage":"es","@id":"https:\/\/madrid.ufm.edu\/masters\/#\/schema\/logo\/image\/","url":"https:\/\/madrid.ufm.edu\/masters\/wp-content\/uploads\/2022\/01\/escuela-de-negocios.png","contentUrl":"https:\/\/madrid.ufm.edu\/masters\/wp-content\/uploads\/2022\/01\/escuela-de-negocios.png","width":478,"height":97,"caption":"Escuela de Negocios"},"image":{"@id":"https:\/\/madrid.ufm.edu\/masters\/#\/schema\/logo\/image\/"}}]}},"meta_box":{"booklet":[]},"_links":{"self":[{"href":"https:\/\/madrid.ufm.edu\/masters\/wp-json\/wp\/v2\/pages\/17241","targetHints":{"allow":["GET"]}}],"collection":[{"href":"https:\/\/madrid.ufm.edu\/masters\/wp-json\/wp\/v2\/pages"}],"about":[{"href":"https:\/\/madrid.ufm.edu\/masters\/wp-json\/wp\/v2\/types\/page"}],"author":[{"embeddable":true,"href":"https:\/\/madrid.ufm.edu\/masters\/wp-json\/wp\/v2\/users\/13"}],"replies":[{"embeddable":true,"href":"https:\/\/madrid.ufm.edu\/masters\/wp-json\/wp\/v2\/comments?post=17241"}],"version-history":[{"count":7,"href":"https:\/\/madrid.ufm.edu\/masters\/wp-json\/wp\/v2\/pages\/17241\/revisions"}],"predecessor-version":[{"id":18204,"href":"https:\/\/madrid.ufm.edu\/masters\/wp-json\/wp\/v2\/pages\/17241\/revisions\/18204"}],"up":[{"embeddable":true,"href":"https:\/\/madrid.ufm.edu\/masters\/wp-json\/wp\/v2\/pages\/15289"}],"wp:attachment":[{"href":"https:\/\/madrid.ufm.edu\/masters\/wp-json\/wp\/v2\/media?parent=17241"}],"curies":[{"name":"wp","href":"https:\/\/api.w.org\/{rel}","templated":true}]}}