{"id":15940,"date":"2024-01-13T01:52:12","date_gmt":"2024-01-13T07:52:12","guid":{"rendered":"https:\/\/madrid.ufm.edu\/masters\/?page_id=15940"},"modified":"2024-04-25T09:29:21","modified_gmt":"2024-04-25T15:29:21","slug":"admisiones","status":"publish","type":"page","link":"https:\/\/madrid.ufm.edu\/masters\/master-in-management\/admisiones\/","title":{"rendered":"Admisiones"},"content":{"rendered":"\n\n\t\t<h1>Admisiones<\/h1>\t\t\n\t\t\t<p>Inicia tu proceso de admisi\u00f3n hoy.<\/p>\n\t\t\t\t\t\t\t\t\t\t\t\t\t\t\t\t\t<h4>Paso 1:<\/h4>\n\t\t\t\t\t\t\t\t\t\t\t\t\t\t\t\t\t\t\t\t\t\t\t\t\tRegistra tu proceso de admisi\u00f3n\n\t\t\t\t\t\t\t\t\t\t\t\t\t\t<ul><li>Rellena la aplicaci\u00f3n en l\u00ednea en la p\u00e1gina web. Posteriormente, haz clic en el bot\u00f3n \u00ab<strong>crear usuario para maestr\u00edas\u00bb <\/strong>de esa p\u00e1gina.<\/li><\/ul><a class=\"btn btn-en-red\" href=\"https:\/\/madrid.ufm.edu\/proceso-de-admision\" target=\"_blank\" role=\"button\">Enlace al formulario del proceso de admisi\u00f3n<\/a>\n\t\t\t\t\t\t\t\t\t\t\t\t\t\t\t\t\t<h4>Paso 2:<\/h4>\n\t\t\t\t\t\t\t\t\t\t\t\t\t\t\t\t\t\t\t\t\t\t\t\t\tAdjuntar la documentaci\u00f3n\n\t\t\t\t\t\t\t\t\t\t\t\t\t\t<p>En la aplicaci\u00f3n en l\u00ednea deber\u00e1s completar la informaci\u00f3n solicitada y adjuntar los siguientes documentos: <br \/><br \/><strong>Documentos UFM y Tulane University<\/strong><br \/><br \/>&#8211; Hoja de vida actualizada en ingl\u00e9s<br \/>&#8211; Documento de identidad escaneado<br \/>&#8211; Pasaporte escaneado<br \/>&#8211; T\u00edtulo acad\u00e9mico de universidad a nivel licenciatura\/grado<br \/>&#8211; Certificado de notas de la licenciatura\/grado<br \/>&#8211; Dos cartas de recomendaci\u00f3n en ingl\u00e9s, dirigidas a la Universidad Francisco Marroqu\u00edn y Tulane University<br \/><br \/>Adicionalmente deben descargar y completar en la misma p\u00e1gina los formularios requeridos por Tulane University:<br \/><br \/>&#8211;<em>Application form<\/em><br \/>&#8211;<em>Biobook<\/em><br \/>-Compromiso Tulane University y Escuela de Negocios UFM<br \/>&#8211;<em>Travelers&#8217; health insurance<\/em><br \/>&#8211;<em>Unified code of graduate student academic conduct pledge<\/em><\/p>\n\t\t\t\t\t\t\t\t\t\t\t\t\t\t\t\t\t<h4>Paso 3:<\/h4>\n\t\t\t\t\t\t\t\t\t\t\t\t\t\t\t\t\t\t\t\t\t\t\t\t\tExamen de admisi\u00f3n y entrevistas\n\t\t\t\t\t\t\t\t\t\t\t\t\t\t<p>Si tu solicitud es seleccionada, nos pondremos en contacto contigo para que hagas los ex\u00e1menes de admisi\u00f3n y conciertes la correspondiente entrevista.<\/p>\n\t\t\t\t<!-- \/.pp-testimonials -->\n\n","protected":false},"excerpt":{"rendered":"<p>Admisiones Inicia tu proceso de admisi\u00f3n hoy. Paso 1: Registra tu proceso de admisi\u00f3n Rellena la aplicaci\u00f3n en l\u00ednea en la p\u00e1gina web. Posteriormente, haz clic en el bot\u00f3n \u00abcrear usuario para maestr\u00edas\u00bb de esa p\u00e1gina. Paso 2: Adjuntar la documentaci\u00f3n En la aplicaci\u00f3n en l\u00ednea deber\u00e1s completar la informaci\u00f3n solicitada y adjuntar los siguientes&hellip;<\/p>\n","protected":false},"author":1,"featured_media":0,"parent":458,"menu_order":0,"comment_status":"closed","ping_status":"closed","template":"","meta":{"footnotes":""},"class_list":["post-15940","page","type-page","status-publish","hentry"],"yoast_head":"<!-- This site is optimized with the Yoast SEO plugin v19.5.1 - https:\/\/yoast.com\/wordpress\/plugins\/seo\/ -->\n<title>Admisiones - Masters<\/title>\n<meta name=\"robots\" content=\"index, follow, max-snippet:-1, max-image-preview:large, max-video-preview:-1\" \/>\n<link rel=\"canonical\" href=\"https:\/\/madrid.ufm.edu\/masters\/master-in-management\/admisiones\/\" \/>\n<meta property=\"og:locale\" content=\"es_ES\" \/>\n<meta property=\"og:type\" content=\"article\" \/>\n<meta property=\"og:title\" content=\"Admisiones - Masters\" \/>\n<meta property=\"og:description\" content=\"Admisiones Inicia tu proceso de admisi\u00f3n hoy. Paso 1: Registra tu proceso de admisi\u00f3n Rellena la aplicaci\u00f3n en l\u00ednea en la p\u00e1gina web. Posteriormente, haz clic en el bot\u00f3n \u00abcrear usuario para maestr\u00edas\u00bb de esa p\u00e1gina. Paso 2: Adjuntar la documentaci\u00f3n En la aplicaci\u00f3n en l\u00ednea deber\u00e1s completar la informaci\u00f3n solicitada y adjuntar los siguientes&hellip;\" \/>\n<meta property=\"og:url\" content=\"https:\/\/madrid.ufm.edu\/masters\/master-in-management\/admisiones\/\" \/>\n<meta property=\"og:site_name\" content=\"Masters\" \/>\n<meta property=\"article:modified_time\" content=\"2024-04-25T15:29:21+00:00\" \/>\n<meta property=\"og:image\" content=\"https:\/\/madrid.ufm.edu\/masters\/wp-content\/uploads\/2022\/08\/logo-ufm-tulane-share.png\" \/>\n\t<meta property=\"og:image:width\" content=\"300\" \/>\n\t<meta property=\"og:image:height\" content=\"300\" \/>\n\t<meta property=\"og:image:type\" content=\"image\/png\" \/>\n<meta name=\"twitter:card\" content=\"summary_large_image\" \/>\n<meta name=\"twitter:label1\" content=\"Tiempo de lectura\" \/>\n\t<meta name=\"twitter:data1\" content=\"1 minuto\" \/>\n<script type=\"application\/ld+json\" class=\"yoast-schema-graph\">{\"@context\":\"https:\/\/schema.org\",\"@graph\":[{\"@type\":\"WebPage\",\"@id\":\"https:\/\/madrid.ufm.edu\/masters\/master-in-management\/admisiones\/\",\"url\":\"https:\/\/madrid.ufm.edu\/masters\/master-in-management\/admisiones\/\",\"name\":\"Admisiones - Masters\",\"isPartOf\":{\"@id\":\"https:\/\/madrid.ufm.edu\/masters\/#website\"},\"datePublished\":\"2024-01-13T07:52:12+00:00\",\"dateModified\":\"2024-04-25T15:29:21+00:00\",\"breadcrumb\":{\"@id\":\"https:\/\/madrid.ufm.edu\/masters\/master-in-management\/admisiones\/#breadcrumb\"},\"inLanguage\":\"es\",\"potentialAction\":[{\"@type\":\"ReadAction\",\"target\":[\"https:\/\/madrid.ufm.edu\/masters\/master-in-management\/admisiones\/\"]}]},{\"@type\":\"BreadcrumbList\",\"@id\":\"https:\/\/madrid.ufm.edu\/masters\/master-in-management\/admisiones\/#breadcrumb\",\"itemListElement\":[{\"@type\":\"ListItem\",\"position\":1,\"name\":\"Portada\",\"item\":\"https:\/\/madrid.ufm.edu\/masters\/\"},{\"@type\":\"ListItem\",\"position\":2,\"name\":\"Master in Management\",\"item\":\"https:\/\/madrid.ufm.edu\/masters\/master-in-management\/\"},{\"@type\":\"ListItem\",\"position\":3,\"name\":\"Admisiones\"}]},{\"@type\":\"WebSite\",\"@id\":\"https:\/\/madrid.ufm.edu\/masters\/#website\",\"url\":\"https:\/\/madrid.ufm.edu\/masters\/\",\"name\":\"Masters\",\"description\":\"Universidad Francisco Marroqu\u00edn\",\"publisher\":{\"@id\":\"https:\/\/madrid.ufm.edu\/masters\/#organization\"},\"potentialAction\":[{\"@type\":\"SearchAction\",\"target\":{\"@type\":\"EntryPoint\",\"urlTemplate\":\"https:\/\/madrid.ufm.edu\/masters\/?s={search_term_string}\"},\"query-input\":\"required name=search_term_string\"}],\"inLanguage\":\"es\"},{\"@type\":\"Organization\",\"@id\":\"https:\/\/madrid.ufm.edu\/masters\/#organization\",\"name\":\"Escuela de Negocios\",\"url\":\"https:\/\/madrid.ufm.edu\/masters\/\",\"sameAs\":[],\"logo\":{\"@type\":\"ImageObject\",\"inLanguage\":\"es\",\"@id\":\"https:\/\/madrid.ufm.edu\/masters\/#\/schema\/logo\/image\/\",\"url\":\"https:\/\/madrid.ufm.edu\/masters\/wp-content\/uploads\/2022\/01\/escuela-de-negocios.png\",\"contentUrl\":\"https:\/\/madrid.ufm.edu\/masters\/wp-content\/uploads\/2022\/01\/escuela-de-negocios.png\",\"width\":478,\"height\":97,\"caption\":\"Escuela de Negocios\"},\"image\":{\"@id\":\"https:\/\/madrid.ufm.edu\/masters\/#\/schema\/logo\/image\/\"}}]}<\/script>\n<!-- \/ Yoast SEO plugin. -->","yoast_head_json":{"title":"Admisiones - Masters","robots":{"index":"index","follow":"follow","max-snippet":"max-snippet:-1","max-image-preview":"max-image-preview:large","max-video-preview":"max-video-preview:-1"},"canonical":"https:\/\/madrid.ufm.edu\/masters\/master-in-management\/admisiones\/","og_locale":"es_ES","og_type":"article","og_title":"Admisiones - Masters","og_description":"Admisiones Inicia tu proceso de admisi\u00f3n hoy. Paso 1: Registra tu proceso de admisi\u00f3n Rellena la aplicaci\u00f3n en l\u00ednea en la p\u00e1gina web. Posteriormente, haz clic en el bot\u00f3n \u00abcrear usuario para maestr\u00edas\u00bb de esa p\u00e1gina. Paso 2: Adjuntar la documentaci\u00f3n En la aplicaci\u00f3n en l\u00ednea deber\u00e1s completar la informaci\u00f3n solicitada y adjuntar los siguientes&hellip;","og_url":"https:\/\/madrid.ufm.edu\/masters\/master-in-management\/admisiones\/","og_site_name":"Masters","article_modified_time":"2024-04-25T15:29:21+00:00","og_image":[{"width":300,"height":300,"url":"https:\/\/madrid.ufm.edu\/masters\/wp-content\/uploads\/2022\/08\/logo-ufm-tulane-share.png","type":"image\/png"}],"twitter_card":"summary_large_image","twitter_misc":{"Tiempo de lectura":"1 minuto"},"schema":{"@context":"https:\/\/schema.org","@graph":[{"@type":"WebPage","@id":"https:\/\/madrid.ufm.edu\/masters\/master-in-management\/admisiones\/","url":"https:\/\/madrid.ufm.edu\/masters\/master-in-management\/admisiones\/","name":"Admisiones - Masters","isPartOf":{"@id":"https:\/\/madrid.ufm.edu\/masters\/#website"},"datePublished":"2024-01-13T07:52:12+00:00","dateModified":"2024-04-25T15:29:21+00:00","breadcrumb":{"@id":"https:\/\/madrid.ufm.edu\/masters\/master-in-management\/admisiones\/#breadcrumb"},"inLanguage":"es","potentialAction":[{"@type":"ReadAction","target":["https:\/\/madrid.ufm.edu\/masters\/master-in-management\/admisiones\/"]}]},{"@type":"BreadcrumbList","@id":"https:\/\/madrid.ufm.edu\/masters\/master-in-management\/admisiones\/#breadcrumb","itemListElement":[{"@type":"ListItem","position":1,"name":"Portada","item":"https:\/\/madrid.ufm.edu\/masters\/"},{"@type":"ListItem","position":2,"name":"Master in Management","item":"https:\/\/madrid.ufm.edu\/masters\/master-in-management\/"},{"@type":"ListItem","position":3,"name":"Admisiones"}]},{"@type":"WebSite","@id":"https:\/\/madrid.ufm.edu\/masters\/#website","url":"https:\/\/madrid.ufm.edu\/masters\/","name":"Masters","description":"Universidad Francisco Marroqu\u00edn","publisher":{"@id":"https:\/\/madrid.ufm.edu\/masters\/#organization"},"potentialAction":[{"@type":"SearchAction","target":{"@type":"EntryPoint","urlTemplate":"https:\/\/madrid.ufm.edu\/masters\/?s={search_term_string}"},"query-input":"required name=search_term_string"}],"inLanguage":"es"},{"@type":"Organization","@id":"https:\/\/madrid.ufm.edu\/masters\/#organization","name":"Escuela de Negocios","url":"https:\/\/madrid.ufm.edu\/masters\/","sameAs":[],"logo":{"@type":"ImageObject","inLanguage":"es","@id":"https:\/\/madrid.ufm.edu\/masters\/#\/schema\/logo\/image\/","url":"https:\/\/madrid.ufm.edu\/masters\/wp-content\/uploads\/2022\/01\/escuela-de-negocios.png","contentUrl":"https:\/\/madrid.ufm.edu\/masters\/wp-content\/uploads\/2022\/01\/escuela-de-negocios.png","width":478,"height":97,"caption":"Escuela de Negocios"},"image":{"@id":"https:\/\/madrid.ufm.edu\/masters\/#\/schema\/logo\/image\/"}}]}},"meta_box":{"booklet":[]},"_links":{"self":[{"href":"https:\/\/madrid.ufm.edu\/masters\/wp-json\/wp\/v2\/pages\/15940","targetHints":{"allow":["GET"]}}],"collection":[{"href":"https:\/\/madrid.ufm.edu\/masters\/wp-json\/wp\/v2\/pages"}],"about":[{"href":"https:\/\/madrid.ufm.edu\/masters\/wp-json\/wp\/v2\/types\/page"}],"author":[{"embeddable":true,"href":"https:\/\/madrid.ufm.edu\/masters\/wp-json\/wp\/v2\/users\/1"}],"replies":[{"embeddable":true,"href":"https:\/\/madrid.ufm.edu\/masters\/wp-json\/wp\/v2\/comments?post=15940"}],"version-history":[{"count":2,"href":"https:\/\/madrid.ufm.edu\/masters\/wp-json\/wp\/v2\/pages\/15940\/revisions"}],"predecessor-version":[{"id":16382,"href":"https:\/\/madrid.ufm.edu\/masters\/wp-json\/wp\/v2\/pages\/15940\/revisions\/16382"}],"up":[{"embeddable":true,"href":"https:\/\/madrid.ufm.edu\/masters\/wp-json\/wp\/v2\/pages\/458"}],"wp:attachment":[{"href":"https:\/\/madrid.ufm.edu\/masters\/wp-json\/wp\/v2\/media?parent=15940"}],"curies":[{"name":"wp","href":"https:\/\/api.w.org\/{rel}","templated":true}]}}