{"id":15297,"date":"2023-05-31T05:38:45","date_gmt":"2023-05-31T11:38:45","guid":{"rendered":"https:\/\/madrid.ufm.edu\/masters\/?page_id=15297"},"modified":"2024-07-10T03:55:23","modified_gmt":"2024-07-10T09:55:23","slug":"admisiones","status":"publish","type":"page","link":"https:\/\/madrid.ufm.edu\/masters\/maestria-economia\/admisiones\/","title":{"rendered":"Admisiones"},"content":{"rendered":"\n\n\t\t<h1>Admisiones<\/h1>\t\t\n\t\t\t<p>Inicia tu proceso de admisi\u00f3n hoy.<\/p>\n\t\t\t\t\t\t\t\t\t\t\t\t\t\t\t\t\t<h4>Paso 1:<\/h4>\n\t\t\t\t\t\t\t\t\t\t\t\t\t\t\t\t\t\t\t\t\t\t\t\t\tSolicitud\n\t\t\t\t\t\t\t\t\t\t\t\t\t\t<p>Rellena la solicitud de admisi\u00f3n.<\/p>\n\t\t\t\t\t\t\t\t\t\t\t\t\t\t\t\t\t<h4>Paso 2:<\/h4>\n\t\t\t\t\t\t\t\t\t\t\t\t\t\t\t\t\t\t\t\t\t\t\t\t\tEntrevista\n\t\t\t\t\t\t\t\t\t\t\t\t\t\t<p>Se te har\u00e1 una entrevista personal y se estudiar\u00e1 tu solicitud.<\/p>\n\t\t\t\t\t\t\t\t\t\t\t\t\t\t\t\t\t<h4>Paso 3:<\/h4>\n\t\t\t\t\t\t\t\t\t\t\t\t\t\t\t\t\t\t\t\t\t\t\t\t\tAdmisi\u00f3n\n\t\t\t\t\t\t\t\t\t\t\t\t\t\t<p>Se te comunicar\u00e1 si has sido admitido para que puedas realizar tu reserva de plaza.<\/p>\n\t\t\t\t<!-- \/.pp-testimonials -->\n<h3>Programa bonificable por la FUNDAE<\/h3>\n<img loading=\"lazy\" decoding=\"async\" src=\"https:\/\/b1894657.smushcdn.com\/1894657\/wp-content\/uploads\/2020\/05\/FUNDAE-Logo.jpg?lossy=1&amp;strip=1&amp;webp=1\" sizes=\"auto, (max-width: 900px) 100vw, 900px\" srcset=\"https:\/\/b1894657.smushcdn.com\/1894657\/wp-content\/uploads\/2020\/05\/FUNDAE-Logo-300x60.jpg?lossy=1&amp;strip=1&amp;webp=1 300w, https:\/\/b1894657.smushcdn.com\/1894657\/wp-content\/uploads\/2020\/05\/FUNDAE-Logo.jpg?size=384x77&amp;lossy=1&amp;strip=1&amp;webp=1 384w, https:\/\/b1894657.smushcdn.com\/1894657\/wp-content\/uploads\/2020\/05\/FUNDAE-Logo-768x154.jpg?lossy=1&amp;strip=1&amp;webp=1 768w, https:\/\/b1894657.smushcdn.com\/1894657\/wp-content\/uploads\/2020\/05\/FUNDAE-Logo.jpg?lossy=1&amp;strip=1&amp;webp=1 900w\" alt=\"\" width=\"291\" height=\"58\" data-srcset=\"https:\/\/b1894657.smushcdn.com\/1894657\/wp-content\/uploads\/2020\/05\/FUNDAE-Logo-300x60.jpg?lossy=1&amp;strip=1&amp;webp=1 300w, https:\/\/b1894657.smushcdn.com\/1894657\/wp-content\/uploads\/2020\/05\/FUNDAE-Logo.jpg?size=384x77&amp;lossy=1&amp;strip=1&amp;webp=1 384w, https:\/\/b1894657.smushcdn.com\/1894657\/wp-content\/uploads\/2020\/05\/FUNDAE-Logo-768x154.jpg?lossy=1&amp;strip=1&amp;webp=1 768w, https:\/\/b1894657.smushcdn.com\/1894657\/wp-content\/uploads\/2020\/05\/FUNDAE-Logo.jpg?lossy=1&amp;strip=1&amp;webp=1 900w\" data-src=\"https:\/\/b1894657.smushcdn.com\/1894657\/wp-content\/uploads\/2020\/05\/FUNDAE-Logo.jpg?lossy=1&amp;strip=1&amp;webp=1\" data-sizes=\"(max-width: 900px) 100vw, 900px\" \/>\n<p>Los trabajadores en Espa\u00f1a podr\u00e1n solicitar a sus empresas la bonificaci\u00f3n de FUNDAE en relaci\u00f3n con la matr\u00edcula en nuestros distintos programas. Dicha bonificaci\u00f3n proviene de las cuotas que mensualmente se detraen tanto a trabajadores como a las empresas en concepto de formaci\u00f3n.<\/p>\n\n","protected":false},"excerpt":{"rendered":"<p>Admisiones Inicia tu proceso de admisi\u00f3n hoy. Paso 1: Solicitud Rellena la solicitud de admisi\u00f3n. Paso 2: Entrevista Se te har\u00e1 una entrevista personal y se estudiar\u00e1 tu solicitud. Paso 3: Admisi\u00f3n Se te comunicar\u00e1 si has sido admitido para que puedas realizar tu reserva de plaza. Programa bonificable por la FUNDAE Los trabajadores en&hellip;<\/p>\n","protected":false},"author":1,"featured_media":0,"parent":15289,"menu_order":0,"comment_status":"closed","ping_status":"closed","template":"","meta":{"footnotes":""},"class_list":["post-15297","page","type-page","status-publish","hentry"],"yoast_head":"<!-- This site is optimized with the Yoast SEO plugin v19.5.1 - https:\/\/yoast.com\/wordpress\/plugins\/seo\/ -->\n<title>Admisiones - Masters<\/title>\n<meta name=\"robots\" content=\"index, follow, max-snippet:-1, max-image-preview:large, max-video-preview:-1\" \/>\n<link rel=\"canonical\" href=\"https:\/\/madrid.ufm.edu\/masters\/maestria-economia\/admisiones\/\" \/>\n<meta property=\"og:locale\" content=\"es_ES\" \/>\n<meta property=\"og:type\" content=\"article\" \/>\n<meta property=\"og:title\" content=\"Admisiones - Masters\" \/>\n<meta property=\"og:description\" content=\"Admisiones Inicia tu proceso de admisi\u00f3n hoy. Paso 1: Solicitud Rellena la solicitud de admisi\u00f3n. Paso 2: Entrevista Se te har\u00e1 una entrevista personal y se estudiar\u00e1 tu solicitud. Paso 3: Admisi\u00f3n Se te comunicar\u00e1 si has sido admitido para que puedas realizar tu reserva de plaza. Programa bonificable por la FUNDAE Los trabajadores en&hellip;\" \/>\n<meta property=\"og:url\" content=\"https:\/\/madrid.ufm.edu\/masters\/maestria-economia\/admisiones\/\" \/>\n<meta property=\"og:site_name\" content=\"Masters\" \/>\n<meta property=\"article:modified_time\" content=\"2024-07-10T09:55:23+00:00\" \/>\n<meta property=\"og:image\" content=\"https:\/\/b1894657.smushcdn.com\/1894657\/wp-content\/uploads\/2020\/05\/FUNDAE-Logo.jpg?lossy=1&amp;strip=1&amp;webp=1\" \/>\n<meta name=\"twitter:card\" content=\"summary_large_image\" \/>\n<meta name=\"twitter:label1\" content=\"Tiempo de lectura\" \/>\n\t<meta name=\"twitter:data1\" content=\"1 minuto\" \/>\n<script type=\"application\/ld+json\" class=\"yoast-schema-graph\">{\"@context\":\"https:\/\/schema.org\",\"@graph\":[{\"@type\":\"WebPage\",\"@id\":\"https:\/\/madrid.ufm.edu\/masters\/maestria-economia\/admisiones\/\",\"url\":\"https:\/\/madrid.ufm.edu\/masters\/maestria-economia\/admisiones\/\",\"name\":\"Admisiones - Masters\",\"isPartOf\":{\"@id\":\"https:\/\/madrid.ufm.edu\/masters\/#website\"},\"datePublished\":\"2023-05-31T11:38:45+00:00\",\"dateModified\":\"2024-07-10T09:55:23+00:00\",\"breadcrumb\":{\"@id\":\"https:\/\/madrid.ufm.edu\/masters\/maestria-economia\/admisiones\/#breadcrumb\"},\"inLanguage\":\"es\",\"potentialAction\":[{\"@type\":\"ReadAction\",\"target\":[\"https:\/\/madrid.ufm.edu\/masters\/maestria-economia\/admisiones\/\"]}]},{\"@type\":\"BreadcrumbList\",\"@id\":\"https:\/\/madrid.ufm.edu\/masters\/maestria-economia\/admisiones\/#breadcrumb\",\"itemListElement\":[{\"@type\":\"ListItem\",\"position\":1,\"name\":\"Portada\",\"item\":\"https:\/\/madrid.ufm.edu\/masters\/\"},{\"@type\":\"ListItem\",\"position\":2,\"name\":\"Maestr\u00eda en Econom\u00eda\",\"item\":\"https:\/\/madrid.ufm.edu\/masters\/maestria-economia\/\"},{\"@type\":\"ListItem\",\"position\":3,\"name\":\"Admisiones\"}]},{\"@type\":\"WebSite\",\"@id\":\"https:\/\/madrid.ufm.edu\/masters\/#website\",\"url\":\"https:\/\/madrid.ufm.edu\/masters\/\",\"name\":\"Masters\",\"description\":\"Universidad Francisco Marroqu\u00edn\",\"publisher\":{\"@id\":\"https:\/\/madrid.ufm.edu\/masters\/#organization\"},\"potentialAction\":[{\"@type\":\"SearchAction\",\"target\":{\"@type\":\"EntryPoint\",\"urlTemplate\":\"https:\/\/madrid.ufm.edu\/masters\/?s={search_term_string}\"},\"query-input\":\"required name=search_term_string\"}],\"inLanguage\":\"es\"},{\"@type\":\"Organization\",\"@id\":\"https:\/\/madrid.ufm.edu\/masters\/#organization\",\"name\":\"Escuela de Negocios\",\"url\":\"https:\/\/madrid.ufm.edu\/masters\/\",\"sameAs\":[],\"logo\":{\"@type\":\"ImageObject\",\"inLanguage\":\"es\",\"@id\":\"https:\/\/madrid.ufm.edu\/masters\/#\/schema\/logo\/image\/\",\"url\":\"https:\/\/madrid.ufm.edu\/masters\/wp-content\/uploads\/2022\/01\/escuela-de-negocios.png\",\"contentUrl\":\"https:\/\/madrid.ufm.edu\/masters\/wp-content\/uploads\/2022\/01\/escuela-de-negocios.png\",\"width\":478,\"height\":97,\"caption\":\"Escuela de Negocios\"},\"image\":{\"@id\":\"https:\/\/madrid.ufm.edu\/masters\/#\/schema\/logo\/image\/\"}}]}<\/script>\n<!-- \/ Yoast SEO plugin. -->","yoast_head_json":{"title":"Admisiones - Masters","robots":{"index":"index","follow":"follow","max-snippet":"max-snippet:-1","max-image-preview":"max-image-preview:large","max-video-preview":"max-video-preview:-1"},"canonical":"https:\/\/madrid.ufm.edu\/masters\/maestria-economia\/admisiones\/","og_locale":"es_ES","og_type":"article","og_title":"Admisiones - Masters","og_description":"Admisiones Inicia tu proceso de admisi\u00f3n hoy. Paso 1: Solicitud Rellena la solicitud de admisi\u00f3n. Paso 2: Entrevista Se te har\u00e1 una entrevista personal y se estudiar\u00e1 tu solicitud. Paso 3: Admisi\u00f3n Se te comunicar\u00e1 si has sido admitido para que puedas realizar tu reserva de plaza. Programa bonificable por la FUNDAE Los trabajadores en&hellip;","og_url":"https:\/\/madrid.ufm.edu\/masters\/maestria-economia\/admisiones\/","og_site_name":"Masters","article_modified_time":"2024-07-10T09:55:23+00:00","og_image":[{"url":"https:\/\/b1894657.smushcdn.com\/1894657\/wp-content\/uploads\/2020\/05\/FUNDAE-Logo.jpg?lossy=1&amp;strip=1&amp;webp=1"}],"twitter_card":"summary_large_image","twitter_misc":{"Tiempo de lectura":"1 minuto"},"schema":{"@context":"https:\/\/schema.org","@graph":[{"@type":"WebPage","@id":"https:\/\/madrid.ufm.edu\/masters\/maestria-economia\/admisiones\/","url":"https:\/\/madrid.ufm.edu\/masters\/maestria-economia\/admisiones\/","name":"Admisiones - Masters","isPartOf":{"@id":"https:\/\/madrid.ufm.edu\/masters\/#website"},"datePublished":"2023-05-31T11:38:45+00:00","dateModified":"2024-07-10T09:55:23+00:00","breadcrumb":{"@id":"https:\/\/madrid.ufm.edu\/masters\/maestria-economia\/admisiones\/#breadcrumb"},"inLanguage":"es","potentialAction":[{"@type":"ReadAction","target":["https:\/\/madrid.ufm.edu\/masters\/maestria-economia\/admisiones\/"]}]},{"@type":"BreadcrumbList","@id":"https:\/\/madrid.ufm.edu\/masters\/maestria-economia\/admisiones\/#breadcrumb","itemListElement":[{"@type":"ListItem","position":1,"name":"Portada","item":"https:\/\/madrid.ufm.edu\/masters\/"},{"@type":"ListItem","position":2,"name":"Maestr\u00eda en Econom\u00eda","item":"https:\/\/madrid.ufm.edu\/masters\/maestria-economia\/"},{"@type":"ListItem","position":3,"name":"Admisiones"}]},{"@type":"WebSite","@id":"https:\/\/madrid.ufm.edu\/masters\/#website","url":"https:\/\/madrid.ufm.edu\/masters\/","name":"Masters","description":"Universidad Francisco Marroqu\u00edn","publisher":{"@id":"https:\/\/madrid.ufm.edu\/masters\/#organization"},"potentialAction":[{"@type":"SearchAction","target":{"@type":"EntryPoint","urlTemplate":"https:\/\/madrid.ufm.edu\/masters\/?s={search_term_string}"},"query-input":"required name=search_term_string"}],"inLanguage":"es"},{"@type":"Organization","@id":"https:\/\/madrid.ufm.edu\/masters\/#organization","name":"Escuela de Negocios","url":"https:\/\/madrid.ufm.edu\/masters\/","sameAs":[],"logo":{"@type":"ImageObject","inLanguage":"es","@id":"https:\/\/madrid.ufm.edu\/masters\/#\/schema\/logo\/image\/","url":"https:\/\/madrid.ufm.edu\/masters\/wp-content\/uploads\/2022\/01\/escuela-de-negocios.png","contentUrl":"https:\/\/madrid.ufm.edu\/masters\/wp-content\/uploads\/2022\/01\/escuela-de-negocios.png","width":478,"height":97,"caption":"Escuela de Negocios"},"image":{"@id":"https:\/\/madrid.ufm.edu\/masters\/#\/schema\/logo\/image\/"}}]}},"meta_box":{"booklet":[]},"_links":{"self":[{"href":"https:\/\/madrid.ufm.edu\/masters\/wp-json\/wp\/v2\/pages\/15297","targetHints":{"allow":["GET"]}}],"collection":[{"href":"https:\/\/madrid.ufm.edu\/masters\/wp-json\/wp\/v2\/pages"}],"about":[{"href":"https:\/\/madrid.ufm.edu\/masters\/wp-json\/wp\/v2\/types\/page"}],"author":[{"embeddable":true,"href":"https:\/\/madrid.ufm.edu\/masters\/wp-json\/wp\/v2\/users\/1"}],"replies":[{"embeddable":true,"href":"https:\/\/madrid.ufm.edu\/masters\/wp-json\/wp\/v2\/comments?post=15297"}],"version-history":[{"count":4,"href":"https:\/\/madrid.ufm.edu\/masters\/wp-json\/wp\/v2\/pages\/15297\/revisions"}],"predecessor-version":[{"id":17246,"href":"https:\/\/madrid.ufm.edu\/masters\/wp-json\/wp\/v2\/pages\/15297\/revisions\/17246"}],"up":[{"embeddable":true,"href":"https:\/\/madrid.ufm.edu\/masters\/wp-json\/wp\/v2\/pages\/15289"}],"wp:attachment":[{"href":"https:\/\/madrid.ufm.edu\/masters\/wp-json\/wp\/v2\/media?parent=15297"}],"curies":[{"name":"wp","href":"https:\/\/api.w.org\/{rel}","templated":true}]}}