{"id":15107,"date":"2022-09-13T13:24:38","date_gmt":"2022-09-13T19:24:38","guid":{"rendered":"https:\/\/madrid.ufm.edu\/masters\/?page_id=15107"},"modified":"2025-04-04T15:54:50","modified_gmt":"2025-04-04T21:54:50","slug":"blog","status":"publish","type":"page","link":"https:\/\/madrid.ufm.edu\/masters\/economia-medioambiental\/blog\/","title":{"rendered":"Blog"},"content":{"rendered":"\n<h2>\n\t\tLibre Mercado y Medioambiente\n\t<\/h2>\n\t<div class=\"row\"><div class=\"col-md-4\"><div class=\"card\"><div class=\"card-body\"><div class=\"mb-2\"><img loading=\"lazy\" decoding=\"async\" class=\"img-fluid\" height=\"720\" src=\"https:\/\/madrid.ufm.edu\/wp-content\/uploads\/2026\/03\/1769504669811.jpeg\" width=\"1280\"><\/div><div class=\"mb-2\"><strong><a href=\"https:\/\/madrid.ufm.edu\/idea\/todo-va-a-cambiar\/\" target=\"_blank\">Todo va a cambiar<\/a><\/strong><\/div><div>Por Jos\u00e9 Ignacio Atance \u00c1lvarez, experto en protecci\u00f3n de datos y profesor del Master en Econom\u00eda Medioambiental de UFM Madrid. Quienes hoy estudian en el campo del medioambiente \u2014o se plantean su carrera profesional en este \u00e1mbito\u2014 se enfrentan a un escenario muy distinto del de hace apenas diez o quince a\u00f1os. Por un lado,&hellip;<\/div><div><a href=\"https:\/\/madrid.ufm.edu\/idea\/todo-va-a-cambiar\/\" target=\"_blank\">Seguir leyendo<\/a><\/div><hr><div class=\"mb-1 text-muted\"><small><a href=\"\" target=\"_blank\"><\/a> - 2 de marzo del 2026<\/small><\/div><div><small><\/small><\/div><\/div><\/div><\/div><div class=\"col-md-4\"><div class=\"card\"><div class=\"card-body\"><div class=\"mb-2\"><img loading=\"lazy\" decoding=\"async\" class=\"img-fluid\" height=\"719\" src=\"https:\/\/madrid.ufm.edu\/wp-content\/uploads\/2025\/03\/mecom.jpg\" width=\"1280\"><\/div><div class=\"mb-2\"><strong><a href=\"https:\/\/madrid.ufm.edu\/idea\/nueve-razones-contra-el-cierre-nuclear\/\" target=\"_blank\">Nueve razones contra el cierre nuclear<\/a><\/strong><\/div><div>Por Manuel Fern\u00e1ndez Ord\u00f3\u00f1ez, Ph.D, profesor del Master en Econom\u00eda Medioambiental de UFM Madrid. La energ\u00eda nuclear es absolutamente imprescindible para el progreso de la sociedad espa\u00f1ola y prescindir de ella por motivos ideol\u00f3gicos es un error de magnitudes siderales. Si cerramos las centrales nucleares en Espa\u00f1a, sufriremos las siguientes consecuencias: 1. Los precios de&hellip;<\/div><div><a href=\"https:\/\/madrid.ufm.edu\/idea\/nueve-razones-contra-el-cierre-nuclear\/\" target=\"_blank\">Seguir leyendo<\/a><\/div><hr><div class=\"mb-1 text-muted\"><small><a href=\"\" target=\"_blank\"><\/a> - 25 de marzo del 2025<\/small><\/div><div><small><\/small><\/div><\/div><\/div><\/div><div class=\"col-md-4\"><div class=\"card\"><div class=\"card-body\"><div class=\"mb-2\"><img loading=\"lazy\" decoding=\"async\" class=\"img-fluid\" height=\"1254\" src=\"https:\/\/madrid.ufm.edu\/wp-content\/uploads\/2025\/04\/pexels-photo-12969922.jpeg\" width=\"1880\"><\/div><div class=\"mb-2\"><strong><a href=\"https:\/\/madrid.ufm.edu\/idea\/la-alemania-desnuclearizada-hacia-la-dependencia-energetica\/\" target=\"_blank\">La Alemania desnuclearizada: hacia la dependencia energ\u00e9tica.<\/a><\/strong><\/div><div>En 2024, Alemania experiment\u00f3 un incremento significativo en las importaciones de energ\u00eda, especialmente de electricidad generada por centrales nucleares extranjeras. Seg\u00fan datos de la Agencia Federal de Redes, las importaciones de energ\u00eda nuclear alcanzaron los 17.300 GWh en 2024, un aumento notable en comparaci\u00f3n con los 11.000 GWh de 2023 y los 4.500 GWh de&hellip;<\/div><div><a href=\"https:\/\/madrid.ufm.edu\/idea\/la-alemania-desnuclearizada-hacia-la-dependencia-energetica\/\" target=\"_blank\">Seguir leyendo<\/a><\/div><hr><div class=\"mb-1 text-muted\"><small><a href=\"\" target=\"_blank\"><\/a> - 18 de marzo del 2025<\/small><\/div><div><small><\/small><\/div><\/div><\/div><\/div><\/div><div class=\"row\"><\/div>\n\t\t\t<a href=\"https:\/\/madrid.ufm.edu\/etiqueta-idea\/medioambiente\/\" target=\"_blank\" role=\"button\" rel=\"noopener\">\n\t\t\t\t\t\t\tLeer m\u00e1s art\u00edculos\n\t\t\t\t\t<\/a>\n\n","protected":false},"excerpt":{"rendered":"<p>Libre Mercado y Medioambiente Leer m\u00e1s art\u00edculos<\/p>\n","protected":false},"author":1,"featured_media":0,"parent":15011,"menu_order":0,"comment_status":"closed","ping_status":"closed","template":"","meta":{"footnotes":""},"class_list":["post-15107","page","type-page","status-publish","hentry"],"yoast_head":"<!-- This site is optimized with the Yoast SEO plugin v19.5.1 - https:\/\/yoast.com\/wordpress\/plugins\/seo\/ -->\n<title>Blog - Masters<\/title>\n<meta name=\"robots\" content=\"index, follow, max-snippet:-1, max-image-preview:large, max-video-preview:-1\" \/>\n<link rel=\"canonical\" href=\"https:\/\/madrid.ufm.edu\/masters\/economia-medioambiental\/blog\/\" \/>\n<meta property=\"og:locale\" content=\"es_ES\" \/>\n<meta property=\"og:type\" content=\"article\" \/>\n<meta property=\"og:title\" content=\"Blog - Masters\" \/>\n<meta property=\"og:description\" content=\"Libre Mercado y Medioambiente Leer m\u00e1s art\u00edculos\" \/>\n<meta property=\"og:url\" content=\"https:\/\/madrid.ufm.edu\/masters\/economia-medioambiental\/blog\/\" \/>\n<meta property=\"og:site_name\" content=\"Masters\" \/>\n<meta property=\"article:modified_time\" content=\"2025-04-04T21:54:50+00:00\" \/>\n<meta property=\"og:image\" content=\"https:\/\/madrid.ufm.edu\/masters\/wp-content\/uploads\/2022\/08\/logo-ufm-tulane-share.png\" \/>\n\t<meta property=\"og:image:width\" content=\"300\" \/>\n\t<meta property=\"og:image:height\" content=\"300\" \/>\n\t<meta property=\"og:image:type\" content=\"image\/png\" \/>\n<meta name=\"twitter:card\" content=\"summary_large_image\" \/>\n<script type=\"application\/ld+json\" class=\"yoast-schema-graph\">{\"@context\":\"https:\/\/schema.org\",\"@graph\":[{\"@type\":\"WebPage\",\"@id\":\"https:\/\/madrid.ufm.edu\/masters\/economia-medioambiental\/blog\/\",\"url\":\"https:\/\/madrid.ufm.edu\/masters\/economia-medioambiental\/blog\/\",\"name\":\"Blog - Masters\",\"isPartOf\":{\"@id\":\"https:\/\/madrid.ufm.edu\/masters\/#website\"},\"datePublished\":\"2022-09-13T19:24:38+00:00\",\"dateModified\":\"2025-04-04T21:54:50+00:00\",\"breadcrumb\":{\"@id\":\"https:\/\/madrid.ufm.edu\/masters\/economia-medioambiental\/blog\/#breadcrumb\"},\"inLanguage\":\"es\",\"potentialAction\":[{\"@type\":\"ReadAction\",\"target\":[\"https:\/\/madrid.ufm.edu\/masters\/economia-medioambiental\/blog\/\"]}]},{\"@type\":\"BreadcrumbList\",\"@id\":\"https:\/\/madrid.ufm.edu\/masters\/economia-medioambiental\/blog\/#breadcrumb\",\"itemListElement\":[{\"@type\":\"ListItem\",\"position\":1,\"name\":\"Portada\",\"item\":\"https:\/\/madrid.ufm.edu\/masters\/\"},{\"@type\":\"ListItem\",\"position\":2,\"name\":\"M\u00e1ster en Econom\u00eda Medioambiental\",\"item\":\"https:\/\/madrid.ufm.edu\/masters\/economia-medioambiental\/\"},{\"@type\":\"ListItem\",\"position\":3,\"name\":\"Blog\"}]},{\"@type\":\"WebSite\",\"@id\":\"https:\/\/madrid.ufm.edu\/masters\/#website\",\"url\":\"https:\/\/madrid.ufm.edu\/masters\/\",\"name\":\"Masters\",\"description\":\"Universidad Francisco Marroqu\u00edn\",\"publisher\":{\"@id\":\"https:\/\/madrid.ufm.edu\/masters\/#organization\"},\"potentialAction\":[{\"@type\":\"SearchAction\",\"target\":{\"@type\":\"EntryPoint\",\"urlTemplate\":\"https:\/\/madrid.ufm.edu\/masters\/?s={search_term_string}\"},\"query-input\":\"required name=search_term_string\"}],\"inLanguage\":\"es\"},{\"@type\":\"Organization\",\"@id\":\"https:\/\/madrid.ufm.edu\/masters\/#organization\",\"name\":\"Escuela de Negocios\",\"url\":\"https:\/\/madrid.ufm.edu\/masters\/\",\"sameAs\":[],\"logo\":{\"@type\":\"ImageObject\",\"inLanguage\":\"es\",\"@id\":\"https:\/\/madrid.ufm.edu\/masters\/#\/schema\/logo\/image\/\",\"url\":\"https:\/\/madrid.ufm.edu\/masters\/wp-content\/uploads\/2022\/01\/escuela-de-negocios.png\",\"contentUrl\":\"https:\/\/madrid.ufm.edu\/masters\/wp-content\/uploads\/2022\/01\/escuela-de-negocios.png\",\"width\":478,\"height\":97,\"caption\":\"Escuela de Negocios\"},\"image\":{\"@id\":\"https:\/\/madrid.ufm.edu\/masters\/#\/schema\/logo\/image\/\"}}]}<\/script>\n<!-- \/ Yoast SEO plugin. -->","yoast_head_json":{"title":"Blog - Masters","robots":{"index":"index","follow":"follow","max-snippet":"max-snippet:-1","max-image-preview":"max-image-preview:large","max-video-preview":"max-video-preview:-1"},"canonical":"https:\/\/madrid.ufm.edu\/masters\/economia-medioambiental\/blog\/","og_locale":"es_ES","og_type":"article","og_title":"Blog - Masters","og_description":"Libre Mercado y Medioambiente Leer m\u00e1s art\u00edculos","og_url":"https:\/\/madrid.ufm.edu\/masters\/economia-medioambiental\/blog\/","og_site_name":"Masters","article_modified_time":"2025-04-04T21:54:50+00:00","og_image":[{"width":300,"height":300,"url":"https:\/\/madrid.ufm.edu\/masters\/wp-content\/uploads\/2022\/08\/logo-ufm-tulane-share.png","type":"image\/png"}],"twitter_card":"summary_large_image","schema":{"@context":"https:\/\/schema.org","@graph":[{"@type":"WebPage","@id":"https:\/\/madrid.ufm.edu\/masters\/economia-medioambiental\/blog\/","url":"https:\/\/madrid.ufm.edu\/masters\/economia-medioambiental\/blog\/","name":"Blog - Masters","isPartOf":{"@id":"https:\/\/madrid.ufm.edu\/masters\/#website"},"datePublished":"2022-09-13T19:24:38+00:00","dateModified":"2025-04-04T21:54:50+00:00","breadcrumb":{"@id":"https:\/\/madrid.ufm.edu\/masters\/economia-medioambiental\/blog\/#breadcrumb"},"inLanguage":"es","potentialAction":[{"@type":"ReadAction","target":["https:\/\/madrid.ufm.edu\/masters\/economia-medioambiental\/blog\/"]}]},{"@type":"BreadcrumbList","@id":"https:\/\/madrid.ufm.edu\/masters\/economia-medioambiental\/blog\/#breadcrumb","itemListElement":[{"@type":"ListItem","position":1,"name":"Portada","item":"https:\/\/madrid.ufm.edu\/masters\/"},{"@type":"ListItem","position":2,"name":"M\u00e1ster en Econom\u00eda Medioambiental","item":"https:\/\/madrid.ufm.edu\/masters\/economia-medioambiental\/"},{"@type":"ListItem","position":3,"name":"Blog"}]},{"@type":"WebSite","@id":"https:\/\/madrid.ufm.edu\/masters\/#website","url":"https:\/\/madrid.ufm.edu\/masters\/","name":"Masters","description":"Universidad Francisco Marroqu\u00edn","publisher":{"@id":"https:\/\/madrid.ufm.edu\/masters\/#organization"},"potentialAction":[{"@type":"SearchAction","target":{"@type":"EntryPoint","urlTemplate":"https:\/\/madrid.ufm.edu\/masters\/?s={search_term_string}"},"query-input":"required name=search_term_string"}],"inLanguage":"es"},{"@type":"Organization","@id":"https:\/\/madrid.ufm.edu\/masters\/#organization","name":"Escuela de Negocios","url":"https:\/\/madrid.ufm.edu\/masters\/","sameAs":[],"logo":{"@type":"ImageObject","inLanguage":"es","@id":"https:\/\/madrid.ufm.edu\/masters\/#\/schema\/logo\/image\/","url":"https:\/\/madrid.ufm.edu\/masters\/wp-content\/uploads\/2022\/01\/escuela-de-negocios.png","contentUrl":"https:\/\/madrid.ufm.edu\/masters\/wp-content\/uploads\/2022\/01\/escuela-de-negocios.png","width":478,"height":97,"caption":"Escuela de Negocios"},"image":{"@id":"https:\/\/madrid.ufm.edu\/masters\/#\/schema\/logo\/image\/"}}]}},"meta_box":{"booklet":[]},"_links":{"self":[{"href":"https:\/\/madrid.ufm.edu\/masters\/wp-json\/wp\/v2\/pages\/15107","targetHints":{"allow":["GET"]}}],"collection":[{"href":"https:\/\/madrid.ufm.edu\/masters\/wp-json\/wp\/v2\/pages"}],"about":[{"href":"https:\/\/madrid.ufm.edu\/masters\/wp-json\/wp\/v2\/types\/page"}],"author":[{"embeddable":true,"href":"https:\/\/madrid.ufm.edu\/masters\/wp-json\/wp\/v2\/users\/1"}],"replies":[{"embeddable":true,"href":"https:\/\/madrid.ufm.edu\/masters\/wp-json\/wp\/v2\/comments?post=15107"}],"version-history":[{"count":6,"href":"https:\/\/madrid.ufm.edu\/masters\/wp-json\/wp\/v2\/pages\/15107\/revisions"}],"predecessor-version":[{"id":18969,"href":"https:\/\/madrid.ufm.edu\/masters\/wp-json\/wp\/v2\/pages\/15107\/revisions\/18969"}],"up":[{"embeddable":true,"href":"https:\/\/madrid.ufm.edu\/masters\/wp-json\/wp\/v2\/pages\/15011"}],"wp:attachment":[{"href":"https:\/\/madrid.ufm.edu\/masters\/wp-json\/wp\/v2\/media?parent=15107"}],"curies":[{"name":"wp","href":"https:\/\/api.w.org\/{rel}","templated":true}]}}