{"id":15092,"date":"2022-09-13T04:57:34","date_gmt":"2022-09-13T10:57:34","guid":{"rendered":"https:\/\/madrid.ufm.edu\/masters\/?page_id=15092"},"modified":"2025-03-31T10:18:22","modified_gmt":"2025-03-31T16:18:22","slug":"conoce-mas","status":"publish","type":"page","link":"https:\/\/madrid.ufm.edu\/masters\/economia-medioambiental\/conoce-mas\/","title":{"rendered":"Conoce m\u00e1s"},"content":{"rendered":"\n<h2>\n\t\tConoce m\u00e1s\n\t<\/h2>\n\t\t<h5>\u00bfQu\u00e9 industrias necesitan gesti\u00f3n ambiental?<\/h5>\t\t\n\t\t\t<p>El cuerpo legal dedicado a regular la actividad humana, respecto de su medio presente y futuro, cobra cada an\u0303o un mayor peso especi\u0301fico en los co\u0301digos legales de todos los pai\u0301ses. Las leyes determinan en que\u0301 forma estas actuaciones pueden o no afectar al medioambiente y\/o a los principios de desarrollo sostenible.<\/p>\n<p>Pra\u0301cticamente todas las industrias y actividades econ\u00f3micas humanas necesitan en su gestio\u0301n tener en cuenta el medioambiente y los criterios de sostenibilidad:<\/p>\n<ul>\n<li>construccio\u0301n y urbanismo;<\/li>\n<li>mineri\u0301a, tanto de profundidad como a cielo abierto;<\/li>\n<li>energi\u0301a, tanto aquellas empresas dedicadas a las energi\u0301as fo\u0301siles (carbo\u0301n, gas, petro\u0301leo) como las dedicadas a energi\u0301as renovables (hidra\u0301ulica, solar, eo\u0301lica, bioenergi\u0301a \u00a0-palma, can\u0303a, etc.-);<\/li>\n<li>industrias qui\u0301micas y pla\u0301sticas, reciclado y tratamiento de basuras;<\/li>\n<li>industria alimentaria, agri\u0301cola, ganadera y piscicultora; tanto aquellas de cara\u0301cter extensivo como las de cara\u0301cter ma\u0301s \u00abecolo\u0301gico\u00bb;<\/li>\n<li>transporte y logi\u0301stica en general.<\/li>\n<\/ul>\n\t\t<h5>\u00bfPor qu\u00e9 es importante la relaci\u00f3n entre el medio natural y las actividades econ\u00f3micas, pol\u00edticas y legales?<\/h5>\t\t\n\t\t\t<p>No es posible redise\u00f1ar m\u00e9todos efectivos de crecimiento econ\u00f3mico integradores, sin conocer perfectamente el medio en el que pretendemos realizar nuestra tarea econ\u00f3mica y dejando de lado la ense\u00f1anza de los principios generales de \u00e9tica de la libertad, el mercado libre y la justicia formal. El m\u00e1ster en Econom\u00eda Medioambiental\u00a0ofrece al alumno una visi\u00f3n realista y completa sobre la complejidad de nuestro medio natural y las interacciones entre todos los elementos que lo componen.<\/p>\n<p>Es muy importante para nosotros poner a disposici\u00f3n del alumno todos los conocimientos que necesita para poder valorar el medio natural en el que se desarrolla la actividad econ\u00f3mica, as\u00ed como las condiciones pol\u00edticas y legales que la limitan. Pretendemos que los graduados reciban las herramientas te\u00f3ricas y pr\u00e1cticas que necesitar\u00e1n, m\u00e1s adelante, en su actividad profesional: desarrollar nuevas y mejores estrategias de mercado, afrontar de manera \u00f3ptima los problemas planteados por las recientes legislaciones o dise\u00f1ar formas empresariales, capaces de satisfacer las necesidades del ma\u00f1ana.<\/p>\n\t\t\t\t<img loading=\"lazy\" decoding=\"async\" src=\"https:\/\/madrid.ufm.edu\/masters\/wp-content\/uploads\/2022\/09\/MECOM-UFM-Madrid-1024x791.jpg\" alt=\"MECOM UFM Madrid\" itemprop=\"image\" height=\"791\" width=\"1024\" title=\"MECOM UFM Madrid\" onerror=\"this.style.display='none'\"  \/>\n\t\t\t\t<img loading=\"lazy\" decoding=\"async\" src=\"https:\/\/madrid.ufm.edu\/masters\/wp-content\/uploads\/2022\/09\/MECOM-UFM-Madrid-2-1024x791.jpg\" alt=\"MECOM UFM Madrid 2\" itemprop=\"image\" height=\"791\" width=\"1024\" title=\"MECOM UFM Madrid 2\" onerror=\"this.style.display='none'\"  \/>\n\t\t<h5>\u00bfQu\u00e9 herramientas se ofrecen en nuestra maestr\u00eda?<\/h5>\t\t\n\t\t\t<p>El m\u00e1ster de la Universidad Francisco Marroqu\u00edn nace con la vocaci\u00f3n de ofrecer a sus alumnos las herramientas te\u00f3ricas y pr\u00e1cticas que necesitar\u00e1n en su cotidiano trabajo profesional.<\/p>\n<p><strong>Teo\u0301ricas<\/strong><\/p>\n<ul>\n<li>Conocimiento detallado de los principios de la economi\u0301a de libre mercado.<\/li>\n<li>Acercamiento a los pilares fundamentales de la filosofi\u0301a de la libertad y la responsabilidad individual.<\/li>\n<li>La ley como catalizador de la actividad humana.<\/li>\n<li>Acercamiento siste\u0301mico profundo a la ciencia de la ecologi\u0301a.<\/li>\n<li>Extenso conocimiento de las diferentes fuentes de energi\u0301a y sus usos.<\/li>\n<li>Los principios fundamentales de la sostenibilidad y los sistemas ecosociales.<\/li>\n<li>Las bases de la coexistencia del crecimiento econo\u0301mico y el medioambiente.<\/li>\n<\/ul>\n<p><strong>\u00a0<\/strong><strong>Pr\u00e1cticas<\/strong><\/p>\n<ul>\n<li>Co\u0301mo se implementa la actividad econo\u0301mica en el medioambiente.<\/li>\n<li>Comprensio\u0301n y uso de la evaluacio\u0301n estadi\u0301stica de datos.<\/li>\n<li>Comprensio\u0301n y uso de los estudios de impacto medioambiental.<\/li>\n<li>Estrategias en el desarrollo de las relaciones con comunidades.<\/li>\n<li>Estrategias para la resolucio\u0301n de conflictos sociales.<\/li>\n<li>Estrategias para la creacio\u0301n y desarrollo empresarial.<\/li>\n<li>Para\u0301metros de evaluacio\u0301n comparativa de poli\u0301ticas pu\u0301blicas.<\/li>\n<li>Conocimientos necesarios para la gestio\u0301n privada de espacios naturales.<\/li>\n<li>Fundamentos de la legislacio\u0301n vigente.<\/li>\n<\/ul>\n\t\t<h4>\t\n\t\u00bfA qu\u00e9 profesiones puede optar el alumno?<\/h4>\t\t\n\t\t\t<p>Con el t\u00edtulo de m\u00e1ster en Econom\u00eda Medioambiental se ve el mundo desde una mentalidad emprendedora, con la convicci\u00f3n de que todos somos capaces de generar ideas disruptivas e innovadoras. Nuestro m\u00e1ster est\u00e1 especialmente pensado y dise\u00f1ado para quienes desean aportar ideas innovadoras y competitivas en la resoluci\u00f3n de conflictos entre la actividad econ\u00f3mica, que nos es natural, y el medio en que esta se desarrolla.<\/p>\n<p>Est\u00e1 dirigido tanto a graduados universitarios como a profesionales que ya desarrollan su labor profesional, o pretenden cambiarla o ampliarla. Desde la base que nosotros les ofrecemos, nuestros alumnos podr\u00e1n ensanchar el campo de sus conocimientos y profundizar en los mismos, bien sea por lo que se refiere a la econom\u00eda y\/o el medioambiente, bien en cuanto a su deseo de acceder al mercado laboral, para mejorar y ampliar su portafolio de clientes u obtener una base m\u00e1s s\u00f3lida y confiable en el desarrollo de su carrera profesional. Hablamos, por ejemplo, de:<\/p>\n<ul>\n<li>gerente de medioambiente<\/li>\n<li>asistente de gerencia de medioambiente<\/li>\n<li>gerente de sostenibilidad<\/li>\n<li>asistente de gerencia de sostenibilidad<\/li>\n<li>consultor de medioambiente y sostenibilidad<\/li>\n<li>consultor legal en medioambiente y sostenibilidad<\/li>\n<li>asesor medioambiental<\/li>\n<li>consultor en gesti\u00f3n de espacios naturales<\/li>\n<li>consultor en ingenier\u00eda medioambiental<\/li>\n<li>consultor en tratamiento de residuos y reciclado<\/li>\n<li>educador medioambiental<\/li>\n<li>gestor p\u00fablico de medioambiente<\/li>\n<\/ul>\n\n","protected":false},"excerpt":{"rendered":"<p>Conoce m\u00e1s \u00bfQu\u00e9 industrias necesitan gesti\u00f3n ambiental? El cuerpo legal dedicado a regular la actividad humana, respecto de su medio presente y futuro, cobra cada an\u0303o un mayor peso especi\u0301fico en los co\u0301digos legales de todos los pai\u0301ses. Las leyes determinan en que\u0301 forma estas actuaciones pueden o no afectar al medioambiente y\/o a los&hellip;<\/p>\n","protected":false},"author":1,"featured_media":0,"parent":15011,"menu_order":0,"comment_status":"closed","ping_status":"closed","template":"","meta":{"footnotes":""},"class_list":["post-15092","page","type-page","status-publish","hentry"],"yoast_head":"<!-- This site is optimized with the Yoast SEO plugin v19.5.1 - https:\/\/yoast.com\/wordpress\/plugins\/seo\/ -->\n<title>Conoce m\u00e1s - Masters<\/title>\n<meta name=\"robots\" content=\"index, follow, max-snippet:-1, max-image-preview:large, max-video-preview:-1\" \/>\n<link rel=\"canonical\" href=\"https:\/\/madrid.ufm.edu\/masters\/economia-medioambiental\/conoce-mas\/\" \/>\n<meta property=\"og:locale\" content=\"es_ES\" \/>\n<meta property=\"og:type\" content=\"article\" \/>\n<meta property=\"og:title\" content=\"Conoce m\u00e1s - Masters\" \/>\n<meta property=\"og:description\" content=\"Conoce m\u00e1s \u00bfQu\u00e9 industrias necesitan gesti\u00f3n ambiental? El cuerpo legal dedicado a regular la actividad humana, respecto de su medio presente y futuro, cobra cada an\u0303o un mayor peso especi\u0301fico en los co\u0301digos legales de todos los pai\u0301ses. Las leyes determinan en que\u0301 forma estas actuaciones pueden o no afectar al medioambiente y\/o a los&hellip;\" \/>\n<meta property=\"og:url\" content=\"https:\/\/madrid.ufm.edu\/masters\/economia-medioambiental\/conoce-mas\/\" \/>\n<meta property=\"og:site_name\" content=\"Masters\" \/>\n<meta property=\"article:modified_time\" content=\"2025-03-31T16:18:22+00:00\" \/>\n<meta property=\"og:image\" content=\"https:\/\/madrid.ufm.edu\/masters\/wp-content\/uploads\/2022\/09\/MECOM-UFM-Madrid-1024x791.jpg\" \/>\n<meta name=\"twitter:card\" content=\"summary_large_image\" \/>\n<meta name=\"twitter:label1\" content=\"Tiempo de lectura\" \/>\n\t<meta name=\"twitter:data1\" content=\"4 minutos\" \/>\n<script type=\"application\/ld+json\" class=\"yoast-schema-graph\">{\"@context\":\"https:\/\/schema.org\",\"@graph\":[{\"@type\":\"WebPage\",\"@id\":\"https:\/\/madrid.ufm.edu\/masters\/economia-medioambiental\/conoce-mas\/\",\"url\":\"https:\/\/madrid.ufm.edu\/masters\/economia-medioambiental\/conoce-mas\/\",\"name\":\"Conoce m\u00e1s - Masters\",\"isPartOf\":{\"@id\":\"https:\/\/madrid.ufm.edu\/masters\/#website\"},\"datePublished\":\"2022-09-13T10:57:34+00:00\",\"dateModified\":\"2025-03-31T16:18:22+00:00\",\"breadcrumb\":{\"@id\":\"https:\/\/madrid.ufm.edu\/masters\/economia-medioambiental\/conoce-mas\/#breadcrumb\"},\"inLanguage\":\"es\",\"potentialAction\":[{\"@type\":\"ReadAction\",\"target\":[\"https:\/\/madrid.ufm.edu\/masters\/economia-medioambiental\/conoce-mas\/\"]}]},{\"@type\":\"BreadcrumbList\",\"@id\":\"https:\/\/madrid.ufm.edu\/masters\/economia-medioambiental\/conoce-mas\/#breadcrumb\",\"itemListElement\":[{\"@type\":\"ListItem\",\"position\":1,\"name\":\"Portada\",\"item\":\"https:\/\/madrid.ufm.edu\/masters\/\"},{\"@type\":\"ListItem\",\"position\":2,\"name\":\"M\u00e1ster en Econom\u00eda Medioambiental\",\"item\":\"https:\/\/madrid.ufm.edu\/masters\/economia-medioambiental\/\"},{\"@type\":\"ListItem\",\"position\":3,\"name\":\"Conoce m\u00e1s\"}]},{\"@type\":\"WebSite\",\"@id\":\"https:\/\/madrid.ufm.edu\/masters\/#website\",\"url\":\"https:\/\/madrid.ufm.edu\/masters\/\",\"name\":\"Masters\",\"description\":\"Universidad Francisco Marroqu\u00edn\",\"publisher\":{\"@id\":\"https:\/\/madrid.ufm.edu\/masters\/#organization\"},\"potentialAction\":[{\"@type\":\"SearchAction\",\"target\":{\"@type\":\"EntryPoint\",\"urlTemplate\":\"https:\/\/madrid.ufm.edu\/masters\/?s={search_term_string}\"},\"query-input\":\"required name=search_term_string\"}],\"inLanguage\":\"es\"},{\"@type\":\"Organization\",\"@id\":\"https:\/\/madrid.ufm.edu\/masters\/#organization\",\"name\":\"Escuela de Negocios\",\"url\":\"https:\/\/madrid.ufm.edu\/masters\/\",\"sameAs\":[],\"logo\":{\"@type\":\"ImageObject\",\"inLanguage\":\"es\",\"@id\":\"https:\/\/madrid.ufm.edu\/masters\/#\/schema\/logo\/image\/\",\"url\":\"https:\/\/madrid.ufm.edu\/masters\/wp-content\/uploads\/2022\/01\/escuela-de-negocios.png\",\"contentUrl\":\"https:\/\/madrid.ufm.edu\/masters\/wp-content\/uploads\/2022\/01\/escuela-de-negocios.png\",\"width\":478,\"height\":97,\"caption\":\"Escuela de Negocios\"},\"image\":{\"@id\":\"https:\/\/madrid.ufm.edu\/masters\/#\/schema\/logo\/image\/\"}}]}<\/script>\n<!-- \/ Yoast SEO plugin. -->","yoast_head_json":{"title":"Conoce m\u00e1s - Masters","robots":{"index":"index","follow":"follow","max-snippet":"max-snippet:-1","max-image-preview":"max-image-preview:large","max-video-preview":"max-video-preview:-1"},"canonical":"https:\/\/madrid.ufm.edu\/masters\/economia-medioambiental\/conoce-mas\/","og_locale":"es_ES","og_type":"article","og_title":"Conoce m\u00e1s - Masters","og_description":"Conoce m\u00e1s \u00bfQu\u00e9 industrias necesitan gesti\u00f3n ambiental? El cuerpo legal dedicado a regular la actividad humana, respecto de su medio presente y futuro, cobra cada an\u0303o un mayor peso especi\u0301fico en los co\u0301digos legales de todos los pai\u0301ses. Las leyes determinan en que\u0301 forma estas actuaciones pueden o no afectar al medioambiente y\/o a los&hellip;","og_url":"https:\/\/madrid.ufm.edu\/masters\/economia-medioambiental\/conoce-mas\/","og_site_name":"Masters","article_modified_time":"2025-03-31T16:18:22+00:00","og_image":[{"url":"https:\/\/madrid.ufm.edu\/masters\/wp-content\/uploads\/2022\/09\/MECOM-UFM-Madrid-1024x791.jpg"}],"twitter_card":"summary_large_image","twitter_misc":{"Tiempo de lectura":"4 minutos"},"schema":{"@context":"https:\/\/schema.org","@graph":[{"@type":"WebPage","@id":"https:\/\/madrid.ufm.edu\/masters\/economia-medioambiental\/conoce-mas\/","url":"https:\/\/madrid.ufm.edu\/masters\/economia-medioambiental\/conoce-mas\/","name":"Conoce m\u00e1s - Masters","isPartOf":{"@id":"https:\/\/madrid.ufm.edu\/masters\/#website"},"datePublished":"2022-09-13T10:57:34+00:00","dateModified":"2025-03-31T16:18:22+00:00","breadcrumb":{"@id":"https:\/\/madrid.ufm.edu\/masters\/economia-medioambiental\/conoce-mas\/#breadcrumb"},"inLanguage":"es","potentialAction":[{"@type":"ReadAction","target":["https:\/\/madrid.ufm.edu\/masters\/economia-medioambiental\/conoce-mas\/"]}]},{"@type":"BreadcrumbList","@id":"https:\/\/madrid.ufm.edu\/masters\/economia-medioambiental\/conoce-mas\/#breadcrumb","itemListElement":[{"@type":"ListItem","position":1,"name":"Portada","item":"https:\/\/madrid.ufm.edu\/masters\/"},{"@type":"ListItem","position":2,"name":"M\u00e1ster en Econom\u00eda Medioambiental","item":"https:\/\/madrid.ufm.edu\/masters\/economia-medioambiental\/"},{"@type":"ListItem","position":3,"name":"Conoce m\u00e1s"}]},{"@type":"WebSite","@id":"https:\/\/madrid.ufm.edu\/masters\/#website","url":"https:\/\/madrid.ufm.edu\/masters\/","name":"Masters","description":"Universidad Francisco Marroqu\u00edn","publisher":{"@id":"https:\/\/madrid.ufm.edu\/masters\/#organization"},"potentialAction":[{"@type":"SearchAction","target":{"@type":"EntryPoint","urlTemplate":"https:\/\/madrid.ufm.edu\/masters\/?s={search_term_string}"},"query-input":"required name=search_term_string"}],"inLanguage":"es"},{"@type":"Organization","@id":"https:\/\/madrid.ufm.edu\/masters\/#organization","name":"Escuela de Negocios","url":"https:\/\/madrid.ufm.edu\/masters\/","sameAs":[],"logo":{"@type":"ImageObject","inLanguage":"es","@id":"https:\/\/madrid.ufm.edu\/masters\/#\/schema\/logo\/image\/","url":"https:\/\/madrid.ufm.edu\/masters\/wp-content\/uploads\/2022\/01\/escuela-de-negocios.png","contentUrl":"https:\/\/madrid.ufm.edu\/masters\/wp-content\/uploads\/2022\/01\/escuela-de-negocios.png","width":478,"height":97,"caption":"Escuela de Negocios"},"image":{"@id":"https:\/\/madrid.ufm.edu\/masters\/#\/schema\/logo\/image\/"}}]}},"meta_box":{"booklet":[]},"_links":{"self":[{"href":"https:\/\/madrid.ufm.edu\/masters\/wp-json\/wp\/v2\/pages\/15092","targetHints":{"allow":["GET"]}}],"collection":[{"href":"https:\/\/madrid.ufm.edu\/masters\/wp-json\/wp\/v2\/pages"}],"about":[{"href":"https:\/\/madrid.ufm.edu\/masters\/wp-json\/wp\/v2\/types\/page"}],"author":[{"embeddable":true,"href":"https:\/\/madrid.ufm.edu\/masters\/wp-json\/wp\/v2\/users\/1"}],"replies":[{"embeddable":true,"href":"https:\/\/madrid.ufm.edu\/masters\/wp-json\/wp\/v2\/comments?post=15092"}],"version-history":[{"count":9,"href":"https:\/\/madrid.ufm.edu\/masters\/wp-json\/wp\/v2\/pages\/15092\/revisions"}],"predecessor-version":[{"id":18922,"href":"https:\/\/madrid.ufm.edu\/masters\/wp-json\/wp\/v2\/pages\/15092\/revisions\/18922"}],"up":[{"embeddable":true,"href":"https:\/\/madrid.ufm.edu\/masters\/wp-json\/wp\/v2\/pages\/15011"}],"wp:attachment":[{"href":"https:\/\/madrid.ufm.edu\/masters\/wp-json\/wp\/v2\/media?parent=15092"}],"curies":[{"name":"wp","href":"https:\/\/api.w.org\/{rel}","templated":true}]}}