{"id":15030,"date":"2022-08-30T19:03:25","date_gmt":"2022-08-31T01:03:25","guid":{"rendered":"https:\/\/madrid.ufm.edu\/masters\/?page_id=15030"},"modified":"2025-03-19T13:47:52","modified_gmt":"2025-03-19T19:47:52","slug":"tfm","status":"publish","type":"page","link":"https:\/\/madrid.ufm.edu\/masters\/economia-medioambiental\/tfm\/","title":{"rendered":"Trabajo Final de M\u00e1ster"},"content":{"rendered":"\n<h1>\n\t\tProyecto de graduaci\u00f3n (Trabajo Final de M\u00e1ster)\n\t<\/h1>\n<h4>\n\t\tI. T\u00cdTULO\n\t<\/h4>\n\t\t\t\t\n\t\t\t<ol>\n<li>T\u00edtulo del trabajo<\/li>\n<li>Nombre del autor<\/li>\n<li>Filiaci\u00f3n acad\u00e9mica (puede incluirse direcci\u00f3n, correo electr\u00f3nico, etc.; aqu\u00ed o en nota al pie)<\/li>\n<li>Resumen y\/o <i>abstract<\/i> (usualmente 100-150 palabras)<\/li>\n<\/ol>\n<p>Aunque es optativo, tambi\u00e9n se pueden colocar palabras clave (4 o 5 t\u00e9rminos).<\/p>\n<h4>\n\t\tII. INTRODUCCI\u00d3N\n\t<\/h4>\n\t<p>Incluye las siguientes partes:\u00a0<\/p>\n<ol>\n<li>una oraci\u00f3n o p\u00e1rrafo que introduzca al tema<\/li>\n<li>la pregunta que da origen al\u00a0<em>paper<\/em><\/li>\n<li>una descripci\u00f3n breve de c\u00f3mo se enfocar\u00e1 la pregunta (generando hip\u00f3tesis, analizando argumentos de otras personas, analizando datos, etc.)<\/li>\n<li>una justificaci\u00f3n de por qu\u00e9 este trabajo es original<\/li>\n<li>una justificaci\u00f3n de por qu\u00e9 este trabajo es importante (es decir, c\u00f3mo contribuye al avance de la disciplina o \u00e1rea de que se trate)<\/li>\n<li>una breve descripci\u00f3n de la estructura del\u00a0<em>paper<\/em><\/li>\n<\/ol>\n<h4>\n\t\tIII. REVISI\u00d3N BIBLIOGR\u00c1FICA\n\t<\/h4>\n\t<p>En esta secci\u00f3n se resume el estado del saber en relaci\u00f3n con el tema, incluyendo tanto desarrollos actuales como controversias y\/o avances. Es clave recordar que no escribimos esta secci\u00f3n por s\u00ed misma, sino con el objetivo de la investigaci\u00f3n en mente. Por lo tanto, es importante seleccionar qu\u00e9 material incluir (no hay que enlistar toda la literatura que encontremos sobre el tema) y organizarlo de un modo \u00fatil, interesante y cr\u00edtico (mostrar \u00e1reas con problemas, tendencias en la investigaci\u00f3n, etc.).<\/p>\n<p>Todos los\u00a0<em>papers<\/em>\u00a0necesitan de una secci\u00f3n de revisi\u00f3n bibliogr\u00e1fica. Por ejemplo, en el caso de temas muy novedosos o de alto contenido interdisciplinario, es muy dif\u00edcil realizarla. Y en el caso de temas en que la literatura es muy conocida y difundida, no resulta relevante hacerla.<\/p>\n<h4>\n\t\tIV. METODOLOG\u00cdA\n\t<\/h4>\n\t<p>Seg\u00fan el <i>paper<\/i>, la metodolog\u00eda puede estar desarrollada en una secci\u00f3n independiente o formar parte de otras secciones (la importancia de esta secci\u00f3n es m\u00e1s visible en el caso de trabajos emp\u00edricos). <\/p>\n<p>En general, esta supone una descripci\u00f3n del procedimiento concreto que se llevar\u00e1 a cabo para responder al interrogante que motiva el <i>paper<\/i>. Incluye, por ejemplo, la enunciaci\u00f3n expl\u00edcita de los supuestos utilizados y la justificaci\u00f3n de la relevancia y validez del material usado (fuentes, datos, archivos, ideas de otros, encuestas y as\u00ed sucesivamente).<\/p>\n<h4>\n\t\tV. DESARROLLO \/ AN\u00c1LISIS \/ RESULTADOS \/ ARGUMENTACI\u00d3N\n\t<\/h4>\n\t<p>En esta secci\u00f3n (puede ser m\u00e1s de una) se desarrolla la investigaci\u00f3n, respondiendo a la pregunta original y bas\u00e1ndose en la metodolog\u00eda propuesta.<\/p>\n<p>Es importante recordar que siempre deben justificarse (en forma te\u00f3rica o emp\u00edrica) los argumentos presentados para llegar a demostrar lo que se quer\u00eda: \u00abme parece interesante&#8230;\u00bb o \u00aben mi opini\u00f3n&#8230;\u00bb no constituyen justificaciones v\u00e1lidas. Tambi\u00e9n es importante no dar saltos en los argumentos; es decir, se debe mostrar claramente c\u00f3mo se une cada idea con la siguiente.<\/p>\n<h4>\n\t\tVI. CONCLUSI\u00d3N\n\t<\/h4>\n\t<p>Usualmente incluye un breve panorama o resumen del trabajo realizado (aunque esto no es crucial). Lo m\u00e1s importante en la conclusi\u00f3n es:\u00a0<\/p>\n<ol>\n<li>recordarle al lector la pregunta original y la respuesta que se obtuvo mediante la investigaci\u00f3n;<\/li>\n<li>recalcar la importancia del an\u00e1lisis efectuado y decir c\u00f3mo el conocimiento previo en la materia ha sido modificado por los resultados alcanzados;<\/li>\n<li>se\u00f1alar las limitaciones del\u00a0<em>paper<\/em>\u00a0y decir qu\u00e9 nuevo trabajo ser\u00eda apropiado.<\/li>\n<\/ol>\n<h4>\n\t\tVII. BIBLIOGRAF\u00cdA\n\t<\/h4>\n\t<p><strong>Cantidad:<\/strong>\u00a0como una regla muy\u00a0<em>ad hoc<\/em>\u00a0podr\u00edamos decir que un\u00a0<em>paper<\/em>\u00a0est\u00e1ndar deber\u00eda tener unas 20-30 referencias como m\u00ednimo. Entre estas debe incluirse la literatura que se ha le\u00eddo y citado en el texto del\u00a0<em>paper<\/em>\u00a0o la literatura que se ha le\u00eddo y, aunque no se haya citado expresamente, es muy relevante o tiene muchos puntos en com\u00fan con la investigaci\u00f3n realizada. La citaciones se realizar\u00e1n en formato Harvard.<\/p>\n<p>La literatura que no se haya le\u00eddo o aquella que se ley\u00f3, pero guarda solo una vaga conexi\u00f3n con el tema, no debe incluirse en las referencias.<\/p>\n<p><strong>Calidad:<\/strong>\u00a0en general, se deben utilizar como referencia\u00a0<em>papers<\/em>\u00a0o libros acad\u00e9micos. Muy ocasionalmente puede citarse alg\u00fan libro o art\u00edculo period\u00edstico, pero siempre en estrict\u00edsima minor\u00eda y solo si resulta absolutamente necesario para mostrar alg\u00fan punto. Lo mismo vale para los libros de texto, que en general no se citan en las referencias de un\u00a0<em>paper<\/em>.<\/p>\n<p>El \u00fanico caso en que esto podr\u00eda aceptarse es si se quiere argumentar, por ejemplo, que cierto concepto es ampliamente conocido o aceptado; una forma de demostrarlo es, justamente, mencionando que los libros de texto est\u00e1ndar en la materia reproducen dicho concepto en forma generalizada.<\/p>\n<h4>\n\t\tVIII. AP\u00c9NDICES\n\t<\/h4>\n\t<p>En los ap\u00e9ndices se incluye material ampliatorio o que se considera relevante, pero que no es necesario colocar en el cuerpo del texto, ya que no quita continuidad al argumento y de incluirse har\u00eda m\u00e1s dificultosa o tediosa su lectura.<\/p>\n<p>As\u00ed, pueden colocarse en los ap\u00e9ndices ciertos desarrollos te\u00f3ricos, demostraciones de teoremas, bases de datos (estad\u00edsticos o de otra naturaleza), dise\u00f1os originales de encuestas, resultados de pruebas fallidas, p\u00e1rrafos largos de textos de autores de los cuales se cit\u00f3 solo un extracto, entre otros.<\/p>\n\n","protected":false},"excerpt":{"rendered":"<p>Proyecto de graduaci\u00f3n (Trabajo Final de M\u00e1ster) I. T\u00cdTULO T\u00edtulo del trabajo Nombre del autor Filiaci\u00f3n acad\u00e9mica (puede incluirse direcci\u00f3n, correo electr\u00f3nico, etc.; aqu\u00ed o en nota al pie) Resumen y\/o abstract (usualmente 100-150 palabras) Aunque es optativo, tambi\u00e9n se pueden colocar palabras clave (4 o 5 t\u00e9rminos). II. INTRODUCCI\u00d3N Incluye las siguientes partes:\u00a0 una&hellip;<\/p>\n","protected":false},"author":1,"featured_media":0,"parent":15011,"menu_order":0,"comment_status":"closed","ping_status":"closed","template":"","meta":{"footnotes":""},"class_list":["post-15030","page","type-page","status-publish","hentry"],"yoast_head":"<!-- This site is optimized with the Yoast SEO plugin v19.5.1 - https:\/\/yoast.com\/wordpress\/plugins\/seo\/ -->\n<title>Trabajo Final de M\u00e1ster - Masters<\/title>\n<meta name=\"robots\" content=\"index, follow, max-snippet:-1, max-image-preview:large, max-video-preview:-1\" \/>\n<link rel=\"canonical\" href=\"https:\/\/madrid.ufm.edu\/masters\/economia-medioambiental\/tfm\/\" \/>\n<meta property=\"og:locale\" content=\"es_ES\" \/>\n<meta property=\"og:type\" content=\"article\" \/>\n<meta property=\"og:title\" content=\"Trabajo Final de M\u00e1ster - Masters\" \/>\n<meta property=\"og:description\" content=\"Proyecto de graduaci\u00f3n (Trabajo Final de M\u00e1ster) I. T\u00cdTULO T\u00edtulo del trabajo Nombre del autor Filiaci\u00f3n acad\u00e9mica (puede incluirse direcci\u00f3n, correo electr\u00f3nico, etc.; aqu\u00ed o en nota al pie) Resumen y\/o abstract (usualmente 100-150 palabras) Aunque es optativo, tambi\u00e9n se pueden colocar palabras clave (4 o 5 t\u00e9rminos). II. INTRODUCCI\u00d3N Incluye las siguientes partes:\u00a0 una&hellip;\" \/>\n<meta property=\"og:url\" content=\"https:\/\/madrid.ufm.edu\/masters\/economia-medioambiental\/tfm\/\" \/>\n<meta property=\"og:site_name\" content=\"Masters\" \/>\n<meta property=\"article:modified_time\" content=\"2025-03-19T19:47:52+00:00\" \/>\n<meta property=\"og:image\" content=\"https:\/\/madrid.ufm.edu\/masters\/wp-content\/uploads\/2022\/08\/logo-ufm-tulane-share.png\" \/>\n\t<meta property=\"og:image:width\" content=\"300\" \/>\n\t<meta property=\"og:image:height\" content=\"300\" \/>\n\t<meta property=\"og:image:type\" content=\"image\/png\" \/>\n<meta name=\"twitter:card\" content=\"summary_large_image\" \/>\n<meta name=\"twitter:label1\" content=\"Tiempo de lectura\" \/>\n\t<meta name=\"twitter:data1\" content=\"4 minutos\" \/>\n<script type=\"application\/ld+json\" class=\"yoast-schema-graph\">{\"@context\":\"https:\/\/schema.org\",\"@graph\":[{\"@type\":\"WebPage\",\"@id\":\"https:\/\/madrid.ufm.edu\/masters\/economia-medioambiental\/tfm\/\",\"url\":\"https:\/\/madrid.ufm.edu\/masters\/economia-medioambiental\/tfm\/\",\"name\":\"Trabajo Final de M\u00e1ster - Masters\",\"isPartOf\":{\"@id\":\"https:\/\/madrid.ufm.edu\/masters\/#website\"},\"datePublished\":\"2022-08-31T01:03:25+00:00\",\"dateModified\":\"2025-03-19T19:47:52+00:00\",\"breadcrumb\":{\"@id\":\"https:\/\/madrid.ufm.edu\/masters\/economia-medioambiental\/tfm\/#breadcrumb\"},\"inLanguage\":\"es\",\"potentialAction\":[{\"@type\":\"ReadAction\",\"target\":[\"https:\/\/madrid.ufm.edu\/masters\/economia-medioambiental\/tfm\/\"]}]},{\"@type\":\"BreadcrumbList\",\"@id\":\"https:\/\/madrid.ufm.edu\/masters\/economia-medioambiental\/tfm\/#breadcrumb\",\"itemListElement\":[{\"@type\":\"ListItem\",\"position\":1,\"name\":\"Portada\",\"item\":\"https:\/\/madrid.ufm.edu\/masters\/\"},{\"@type\":\"ListItem\",\"position\":2,\"name\":\"M\u00e1ster en Econom\u00eda Medioambiental\",\"item\":\"https:\/\/madrid.ufm.edu\/masters\/economia-medioambiental\/\"},{\"@type\":\"ListItem\",\"position\":3,\"name\":\"Trabajo Final de M\u00e1ster\"}]},{\"@type\":\"WebSite\",\"@id\":\"https:\/\/madrid.ufm.edu\/masters\/#website\",\"url\":\"https:\/\/madrid.ufm.edu\/masters\/\",\"name\":\"Masters\",\"description\":\"Universidad Francisco Marroqu\u00edn\",\"publisher\":{\"@id\":\"https:\/\/madrid.ufm.edu\/masters\/#organization\"},\"potentialAction\":[{\"@type\":\"SearchAction\",\"target\":{\"@type\":\"EntryPoint\",\"urlTemplate\":\"https:\/\/madrid.ufm.edu\/masters\/?s={search_term_string}\"},\"query-input\":\"required name=search_term_string\"}],\"inLanguage\":\"es\"},{\"@type\":\"Organization\",\"@id\":\"https:\/\/madrid.ufm.edu\/masters\/#organization\",\"name\":\"Escuela de Negocios\",\"url\":\"https:\/\/madrid.ufm.edu\/masters\/\",\"sameAs\":[],\"logo\":{\"@type\":\"ImageObject\",\"inLanguage\":\"es\",\"@id\":\"https:\/\/madrid.ufm.edu\/masters\/#\/schema\/logo\/image\/\",\"url\":\"https:\/\/madrid.ufm.edu\/masters\/wp-content\/uploads\/2022\/01\/escuela-de-negocios.png\",\"contentUrl\":\"https:\/\/madrid.ufm.edu\/masters\/wp-content\/uploads\/2022\/01\/escuela-de-negocios.png\",\"width\":478,\"height\":97,\"caption\":\"Escuela de Negocios\"},\"image\":{\"@id\":\"https:\/\/madrid.ufm.edu\/masters\/#\/schema\/logo\/image\/\"}}]}<\/script>\n<!-- \/ Yoast SEO plugin. -->","yoast_head_json":{"title":"Trabajo Final de M\u00e1ster - Masters","robots":{"index":"index","follow":"follow","max-snippet":"max-snippet:-1","max-image-preview":"max-image-preview:large","max-video-preview":"max-video-preview:-1"},"canonical":"https:\/\/madrid.ufm.edu\/masters\/economia-medioambiental\/tfm\/","og_locale":"es_ES","og_type":"article","og_title":"Trabajo Final de M\u00e1ster - Masters","og_description":"Proyecto de graduaci\u00f3n (Trabajo Final de M\u00e1ster) I. T\u00cdTULO T\u00edtulo del trabajo Nombre del autor Filiaci\u00f3n acad\u00e9mica (puede incluirse direcci\u00f3n, correo electr\u00f3nico, etc.; aqu\u00ed o en nota al pie) Resumen y\/o abstract (usualmente 100-150 palabras) Aunque es optativo, tambi\u00e9n se pueden colocar palabras clave (4 o 5 t\u00e9rminos). II. INTRODUCCI\u00d3N Incluye las siguientes partes:\u00a0 una&hellip;","og_url":"https:\/\/madrid.ufm.edu\/masters\/economia-medioambiental\/tfm\/","og_site_name":"Masters","article_modified_time":"2025-03-19T19:47:52+00:00","og_image":[{"width":300,"height":300,"url":"https:\/\/madrid.ufm.edu\/masters\/wp-content\/uploads\/2022\/08\/logo-ufm-tulane-share.png","type":"image\/png"}],"twitter_card":"summary_large_image","twitter_misc":{"Tiempo de lectura":"4 minutos"},"schema":{"@context":"https:\/\/schema.org","@graph":[{"@type":"WebPage","@id":"https:\/\/madrid.ufm.edu\/masters\/economia-medioambiental\/tfm\/","url":"https:\/\/madrid.ufm.edu\/masters\/economia-medioambiental\/tfm\/","name":"Trabajo Final de M\u00e1ster - Masters","isPartOf":{"@id":"https:\/\/madrid.ufm.edu\/masters\/#website"},"datePublished":"2022-08-31T01:03:25+00:00","dateModified":"2025-03-19T19:47:52+00:00","breadcrumb":{"@id":"https:\/\/madrid.ufm.edu\/masters\/economia-medioambiental\/tfm\/#breadcrumb"},"inLanguage":"es","potentialAction":[{"@type":"ReadAction","target":["https:\/\/madrid.ufm.edu\/masters\/economia-medioambiental\/tfm\/"]}]},{"@type":"BreadcrumbList","@id":"https:\/\/madrid.ufm.edu\/masters\/economia-medioambiental\/tfm\/#breadcrumb","itemListElement":[{"@type":"ListItem","position":1,"name":"Portada","item":"https:\/\/madrid.ufm.edu\/masters\/"},{"@type":"ListItem","position":2,"name":"M\u00e1ster en Econom\u00eda Medioambiental","item":"https:\/\/madrid.ufm.edu\/masters\/economia-medioambiental\/"},{"@type":"ListItem","position":3,"name":"Trabajo Final de M\u00e1ster"}]},{"@type":"WebSite","@id":"https:\/\/madrid.ufm.edu\/masters\/#website","url":"https:\/\/madrid.ufm.edu\/masters\/","name":"Masters","description":"Universidad Francisco Marroqu\u00edn","publisher":{"@id":"https:\/\/madrid.ufm.edu\/masters\/#organization"},"potentialAction":[{"@type":"SearchAction","target":{"@type":"EntryPoint","urlTemplate":"https:\/\/madrid.ufm.edu\/masters\/?s={search_term_string}"},"query-input":"required name=search_term_string"}],"inLanguage":"es"},{"@type":"Organization","@id":"https:\/\/madrid.ufm.edu\/masters\/#organization","name":"Escuela de Negocios","url":"https:\/\/madrid.ufm.edu\/masters\/","sameAs":[],"logo":{"@type":"ImageObject","inLanguage":"es","@id":"https:\/\/madrid.ufm.edu\/masters\/#\/schema\/logo\/image\/","url":"https:\/\/madrid.ufm.edu\/masters\/wp-content\/uploads\/2022\/01\/escuela-de-negocios.png","contentUrl":"https:\/\/madrid.ufm.edu\/masters\/wp-content\/uploads\/2022\/01\/escuela-de-negocios.png","width":478,"height":97,"caption":"Escuela de Negocios"},"image":{"@id":"https:\/\/madrid.ufm.edu\/masters\/#\/schema\/logo\/image\/"}}]}},"meta_box":{"booklet":[]},"_links":{"self":[{"href":"https:\/\/madrid.ufm.edu\/masters\/wp-json\/wp\/v2\/pages\/15030","targetHints":{"allow":["GET"]}}],"collection":[{"href":"https:\/\/madrid.ufm.edu\/masters\/wp-json\/wp\/v2\/pages"}],"about":[{"href":"https:\/\/madrid.ufm.edu\/masters\/wp-json\/wp\/v2\/types\/page"}],"author":[{"embeddable":true,"href":"https:\/\/madrid.ufm.edu\/masters\/wp-json\/wp\/v2\/users\/1"}],"replies":[{"embeddable":true,"href":"https:\/\/madrid.ufm.edu\/masters\/wp-json\/wp\/v2\/comments?post=15030"}],"version-history":[{"count":10,"href":"https:\/\/madrid.ufm.edu\/masters\/wp-json\/wp\/v2\/pages\/15030\/revisions"}],"predecessor-version":[{"id":18876,"href":"https:\/\/madrid.ufm.edu\/masters\/wp-json\/wp\/v2\/pages\/15030\/revisions\/18876"}],"up":[{"embeddable":true,"href":"https:\/\/madrid.ufm.edu\/masters\/wp-json\/wp\/v2\/pages\/15011"}],"wp:attachment":[{"href":"https:\/\/madrid.ufm.edu\/masters\/wp-json\/wp\/v2\/media?parent=15030"}],"curies":[{"name":"wp","href":"https:\/\/api.w.org\/{rel}","templated":true}]}}