{"id":15029,"date":"2022-08-30T19:03:11","date_gmt":"2022-08-31T01:03:11","guid":{"rendered":"https:\/\/madrid.ufm.edu\/masters\/?page_id=15029"},"modified":"2025-04-01T13:51:57","modified_gmt":"2025-04-01T19:51:57","slug":"plan-de-estudios","status":"publish","type":"page","link":"https:\/\/madrid.ufm.edu\/masters\/economia-medioambiental\/plan-de-estudios\/","title":{"rendered":"Plan de estudios"},"content":{"rendered":"\n<h2>\n\t\tPlan de estudios\n\t<\/h2>\n\t\t<h5>Econom\u00eda<\/h5>\t\t\n\t\t\t<a href=\"https:\/\/madrid.ufm.edu\/masters\/curso\/etica-de-la-libertad\/\" target=\"_blank\" rel=\"noopener\">\u00c9tica de la Libertad<\/a><br \/>\n<a href=\"https:\/\/madrid.ufm.edu\/masters\/curso\/law-and-economics\/\" target=\"_blank\" rel=\"noopener\">Law and Economics<\/a><br \/>\n<a href=\"https:\/\/madrid.ufm.edu\/masters\/curso\/ecologia-de-libre-mercado\/\" target=\"_blank\" rel=\"noopener\">Ecologi\u0301a de Libre Mercado<\/a><br \/>\n<a href=\"https:\/\/madrid.ufm.edu\/masters\/curso\/estrategia-empresarial\/\" target=\"_blank\" rel=\"noopener\">Estrategia Empresarial<\/a><br \/>\n<a href=\"https:\/\/madrid.ufm.edu\/masters\/curso\/gestion-privada-de-recursos-naturales\/\" target=\"_blank\" rel=\"noopener\">Gestio\u0301n Privada de Recursos Naturales<\/a>\n\t\t<h5>Pol\u00edtica<\/h5>\t\t\n\t\t\t<a href=\"https:\/\/madrid.ufm.edu\/masters\/curso\/public-choice\/\" target=\"_blank\" rel=\"noopener\">Public Choice<\/a><br \/>\n<a href=\"https:\/\/madrid.ufm.edu\/masters\/curso\/evaluacion-microeconomica-de-politicas-publicas\/\" target=\"_blank\" rel=\"noopener\">Evaluacio\u0301n Microecono\u0301mica de Poli\u0301ticas Pu\u0301blicas<\/a><br \/>\n<a href=\"https:\/\/madrid.ufm.edu\/masters\/curso\/legislacion-medioambiental-hispanoamerica\/\" target=\"_blank\" rel=\"noopener\">Legislacio\u0301n Medioambiental (Hispanoam\u00e9rica)<\/a><br \/>\n<a href=\"https:\/\/madrid.ufm.edu\/masters\/curso\/legislacion-medioambiental-espana\/\" target=\"_blank\" rel=\"noopener\">Legislacio\u0301n Medioambiental (Espa\u00f1a)<\/a><br \/>\n<a href=\"https:\/\/madrid.ufm.edu\/masters\/curso\/energia-y-medioambiente\/\" target=\"_blank\" rel=\"noopener\">Energi\u0301a y Medioambiente<\/a><br \/>\n<a href=\"https:\/\/madrid.ufm.edu\/masters\/curso\/relaciones-comunitarias-y-resolucion-de-conflictos\/\" target=\"_blank\" rel=\"noopener\">Relaciones Comunitarias y Resolucio\u0301n de Conflictos<\/a>\n\t\t<h5>Ecolog\u00eda<\/h5>\t\t\n<a href=\"https:\/\/madrid.ufm.edu\/masters\/curso\/ecologia\/\" target=\"_blank\" rel=\"noopener\">Introduccio\u0301n a la Ecologi\u0301a<\/a><br \/>\n<a href=\"https:\/\/madrid.ufm.edu\/masters\/curso\/sistemas-dinamicos-y-complejos\/\" target=\"_blank\" rel=\"noopener\">Sistemas Dina\u0301micos y Complejos<\/a><br \/>\n<a href=\"https:\/\/madrid.ufm.edu\/masters\/curso\/ciencia-de-la-sostenibilidad\/\" target=\"_blank\" rel=\"noopener\">Ciencia de la Sostenibilidad<\/a><br \/>\n<a href=\"https:\/\/madrid.ufm.edu\/masters\/curso\/analisis-de-datos\/\" target=\"_blank\" rel=\"noopener\">Ana\u0301lisis de Datos<\/a>\n\t\t<h5>Carga acad\u00e9mica<\/h5>\t\t\n<ul>\n<li>18 horas lectivas por cada curso: un total de 32,4 ECTS<\/li>\n<li>TFM (Trabajo Final de Ma\u0301ster): 15 ECTS<\/li>\n<li>Trabajo Pra\u0301ctico: 12,6 ECTS<\/li>\n<li>Total: 60 ECTS<\/li>\n<\/ul>\n\t\t<h5>Estructura del programa<\/h5>\t\t\n<p>El ma\u0301ster en Economi\u0301a Medioambiental se dividir\u00e1 en siete ciclos. En cada ciclo se impartir\u00e1n dos cursos.<\/p>\n\t\t<h3>\t\n\tProyecto de graduaci\u00f3n<\/h3>\t\t\n\t\t\t<p>Es requisito realizar un proyecto de graduaci\u00f3n o trabajo final de m\u00e1ster (TFM) para optar al t\u00edtulo de la maestr\u00eda. Este trabajo deber\u00e1 seguir los requisitos de un art\u00edculo acad\u00e9mico publicable en revistas indexadas que puedes consultar <a href=\"https:\/\/madrid.ufm.edu\/masters\/economia-medioambiental\/tfm\/\">aqu\u00ed<\/a>.<\/p>\n\t\t\t<a href=\"https:\/\/madrid.ufm.edu\/masters\/category\/mecom\/\" target=\"_blank\" role=\"button\" rel=\"noopener\">\n\t\t\t\t\t\t\tVer claustro de profesores\n\t\t\t\t\t<\/a>\n\t<p>La Universidad Francisco Marroqu\u00edn se reserva el derecho de hacer cambios, sin previo aviso.<\/p>\n\n","protected":false},"excerpt":{"rendered":"<p>Plan de estudios Econom\u00eda \u00c9tica de la Libertad Law and Economics Ecologi\u0301a de Libre Mercado Estrategia Empresarial Gestio\u0301n Privada de Recursos Naturales Pol\u00edtica Public Choice Evaluacio\u0301n Microecono\u0301mica de Poli\u0301ticas Pu\u0301blicas Legislacio\u0301n Medioambiental (Hispanoam\u00e9rica) Legislacio\u0301n Medioambiental (Espa\u00f1a) Energi\u0301a y Medioambiente Relaciones Comunitarias y Resolucio\u0301n de Conflictos Ecolog\u00eda Introduccio\u0301n a la Ecologi\u0301a Sistemas Dina\u0301micos y Complejos Ciencia&hellip;<\/p>\n","protected":false},"author":1,"featured_media":0,"parent":15011,"menu_order":0,"comment_status":"closed","ping_status":"closed","template":"","meta":{"footnotes":""},"class_list":["post-15029","page","type-page","status-publish","hentry"],"yoast_head":"<!-- This site is optimized with the Yoast SEO plugin v19.5.1 - https:\/\/yoast.com\/wordpress\/plugins\/seo\/ -->\n<title>Plan de estudios - Masters<\/title>\n<meta name=\"robots\" content=\"index, follow, max-snippet:-1, max-image-preview:large, max-video-preview:-1\" \/>\n<link rel=\"canonical\" href=\"https:\/\/madrid.ufm.edu\/masters\/economia-medioambiental\/plan-de-estudios\/\" \/>\n<meta property=\"og:locale\" content=\"es_ES\" \/>\n<meta property=\"og:type\" content=\"article\" \/>\n<meta property=\"og:title\" content=\"Plan de estudios - Masters\" \/>\n<meta property=\"og:description\" content=\"Plan de estudios Econom\u00eda \u00c9tica de la Libertad Law and Economics Ecologi\u0301a de Libre Mercado Estrategia Empresarial Gestio\u0301n Privada de Recursos Naturales Pol\u00edtica Public Choice Evaluacio\u0301n Microecono\u0301mica de Poli\u0301ticas Pu\u0301blicas Legislacio\u0301n Medioambiental (Hispanoam\u00e9rica) Legislacio\u0301n Medioambiental (Espa\u00f1a) Energi\u0301a y Medioambiente Relaciones Comunitarias y Resolucio\u0301n de Conflictos Ecolog\u00eda Introduccio\u0301n a la Ecologi\u0301a Sistemas Dina\u0301micos y Complejos Ciencia&hellip;\" \/>\n<meta property=\"og:url\" content=\"https:\/\/madrid.ufm.edu\/masters\/economia-medioambiental\/plan-de-estudios\/\" \/>\n<meta property=\"og:site_name\" content=\"Masters\" \/>\n<meta property=\"article:modified_time\" content=\"2025-04-01T19:51:57+00:00\" \/>\n<meta property=\"og:image\" content=\"https:\/\/madrid.ufm.edu\/masters\/wp-content\/uploads\/2022\/08\/logo-ufm-tulane-share.png\" \/>\n\t<meta property=\"og:image:width\" content=\"300\" \/>\n\t<meta property=\"og:image:height\" content=\"300\" \/>\n\t<meta property=\"og:image:type\" content=\"image\/png\" \/>\n<meta name=\"twitter:card\" content=\"summary_large_image\" \/>\n<meta name=\"twitter:label1\" content=\"Tiempo de lectura\" \/>\n\t<meta name=\"twitter:data1\" content=\"1 minuto\" \/>\n<script type=\"application\/ld+json\" class=\"yoast-schema-graph\">{\"@context\":\"https:\/\/schema.org\",\"@graph\":[{\"@type\":\"WebPage\",\"@id\":\"https:\/\/madrid.ufm.edu\/masters\/economia-medioambiental\/plan-de-estudios\/\",\"url\":\"https:\/\/madrid.ufm.edu\/masters\/economia-medioambiental\/plan-de-estudios\/\",\"name\":\"Plan de estudios - Masters\",\"isPartOf\":{\"@id\":\"https:\/\/madrid.ufm.edu\/masters\/#website\"},\"datePublished\":\"2022-08-31T01:03:11+00:00\",\"dateModified\":\"2025-04-01T19:51:57+00:00\",\"breadcrumb\":{\"@id\":\"https:\/\/madrid.ufm.edu\/masters\/economia-medioambiental\/plan-de-estudios\/#breadcrumb\"},\"inLanguage\":\"es\",\"potentialAction\":[{\"@type\":\"ReadAction\",\"target\":[\"https:\/\/madrid.ufm.edu\/masters\/economia-medioambiental\/plan-de-estudios\/\"]}]},{\"@type\":\"BreadcrumbList\",\"@id\":\"https:\/\/madrid.ufm.edu\/masters\/economia-medioambiental\/plan-de-estudios\/#breadcrumb\",\"itemListElement\":[{\"@type\":\"ListItem\",\"position\":1,\"name\":\"Portada\",\"item\":\"https:\/\/madrid.ufm.edu\/masters\/\"},{\"@type\":\"ListItem\",\"position\":2,\"name\":\"M\u00e1ster en Econom\u00eda Medioambiental\",\"item\":\"https:\/\/madrid.ufm.edu\/masters\/economia-medioambiental\/\"},{\"@type\":\"ListItem\",\"position\":3,\"name\":\"Plan de estudios\"}]},{\"@type\":\"WebSite\",\"@id\":\"https:\/\/madrid.ufm.edu\/masters\/#website\",\"url\":\"https:\/\/madrid.ufm.edu\/masters\/\",\"name\":\"Masters\",\"description\":\"Universidad Francisco Marroqu\u00edn\",\"publisher\":{\"@id\":\"https:\/\/madrid.ufm.edu\/masters\/#organization\"},\"potentialAction\":[{\"@type\":\"SearchAction\",\"target\":{\"@type\":\"EntryPoint\",\"urlTemplate\":\"https:\/\/madrid.ufm.edu\/masters\/?s={search_term_string}\"},\"query-input\":\"required name=search_term_string\"}],\"inLanguage\":\"es\"},{\"@type\":\"Organization\",\"@id\":\"https:\/\/madrid.ufm.edu\/masters\/#organization\",\"name\":\"Escuela de Negocios\",\"url\":\"https:\/\/madrid.ufm.edu\/masters\/\",\"sameAs\":[],\"logo\":{\"@type\":\"ImageObject\",\"inLanguage\":\"es\",\"@id\":\"https:\/\/madrid.ufm.edu\/masters\/#\/schema\/logo\/image\/\",\"url\":\"https:\/\/madrid.ufm.edu\/masters\/wp-content\/uploads\/2022\/01\/escuela-de-negocios.png\",\"contentUrl\":\"https:\/\/madrid.ufm.edu\/masters\/wp-content\/uploads\/2022\/01\/escuela-de-negocios.png\",\"width\":478,\"height\":97,\"caption\":\"Escuela de Negocios\"},\"image\":{\"@id\":\"https:\/\/madrid.ufm.edu\/masters\/#\/schema\/logo\/image\/\"}}]}<\/script>\n<!-- \/ Yoast SEO plugin. -->","yoast_head_json":{"title":"Plan de estudios - Masters","robots":{"index":"index","follow":"follow","max-snippet":"max-snippet:-1","max-image-preview":"max-image-preview:large","max-video-preview":"max-video-preview:-1"},"canonical":"https:\/\/madrid.ufm.edu\/masters\/economia-medioambiental\/plan-de-estudios\/","og_locale":"es_ES","og_type":"article","og_title":"Plan de estudios - Masters","og_description":"Plan de estudios Econom\u00eda \u00c9tica de la Libertad Law and Economics Ecologi\u0301a de Libre Mercado Estrategia Empresarial Gestio\u0301n Privada de Recursos Naturales Pol\u00edtica Public Choice Evaluacio\u0301n Microecono\u0301mica de Poli\u0301ticas Pu\u0301blicas Legislacio\u0301n Medioambiental (Hispanoam\u00e9rica) Legislacio\u0301n Medioambiental (Espa\u00f1a) Energi\u0301a y Medioambiente Relaciones Comunitarias y Resolucio\u0301n de Conflictos Ecolog\u00eda Introduccio\u0301n a la Ecologi\u0301a Sistemas Dina\u0301micos y Complejos Ciencia&hellip;","og_url":"https:\/\/madrid.ufm.edu\/masters\/economia-medioambiental\/plan-de-estudios\/","og_site_name":"Masters","article_modified_time":"2025-04-01T19:51:57+00:00","og_image":[{"width":300,"height":300,"url":"https:\/\/madrid.ufm.edu\/masters\/wp-content\/uploads\/2022\/08\/logo-ufm-tulane-share.png","type":"image\/png"}],"twitter_card":"summary_large_image","twitter_misc":{"Tiempo de lectura":"1 minuto"},"schema":{"@context":"https:\/\/schema.org","@graph":[{"@type":"WebPage","@id":"https:\/\/madrid.ufm.edu\/masters\/economia-medioambiental\/plan-de-estudios\/","url":"https:\/\/madrid.ufm.edu\/masters\/economia-medioambiental\/plan-de-estudios\/","name":"Plan de estudios - Masters","isPartOf":{"@id":"https:\/\/madrid.ufm.edu\/masters\/#website"},"datePublished":"2022-08-31T01:03:11+00:00","dateModified":"2025-04-01T19:51:57+00:00","breadcrumb":{"@id":"https:\/\/madrid.ufm.edu\/masters\/economia-medioambiental\/plan-de-estudios\/#breadcrumb"},"inLanguage":"es","potentialAction":[{"@type":"ReadAction","target":["https:\/\/madrid.ufm.edu\/masters\/economia-medioambiental\/plan-de-estudios\/"]}]},{"@type":"BreadcrumbList","@id":"https:\/\/madrid.ufm.edu\/masters\/economia-medioambiental\/plan-de-estudios\/#breadcrumb","itemListElement":[{"@type":"ListItem","position":1,"name":"Portada","item":"https:\/\/madrid.ufm.edu\/masters\/"},{"@type":"ListItem","position":2,"name":"M\u00e1ster en Econom\u00eda Medioambiental","item":"https:\/\/madrid.ufm.edu\/masters\/economia-medioambiental\/"},{"@type":"ListItem","position":3,"name":"Plan de estudios"}]},{"@type":"WebSite","@id":"https:\/\/madrid.ufm.edu\/masters\/#website","url":"https:\/\/madrid.ufm.edu\/masters\/","name":"Masters","description":"Universidad Francisco Marroqu\u00edn","publisher":{"@id":"https:\/\/madrid.ufm.edu\/masters\/#organization"},"potentialAction":[{"@type":"SearchAction","target":{"@type":"EntryPoint","urlTemplate":"https:\/\/madrid.ufm.edu\/masters\/?s={search_term_string}"},"query-input":"required name=search_term_string"}],"inLanguage":"es"},{"@type":"Organization","@id":"https:\/\/madrid.ufm.edu\/masters\/#organization","name":"Escuela de Negocios","url":"https:\/\/madrid.ufm.edu\/masters\/","sameAs":[],"logo":{"@type":"ImageObject","inLanguage":"es","@id":"https:\/\/madrid.ufm.edu\/masters\/#\/schema\/logo\/image\/","url":"https:\/\/madrid.ufm.edu\/masters\/wp-content\/uploads\/2022\/01\/escuela-de-negocios.png","contentUrl":"https:\/\/madrid.ufm.edu\/masters\/wp-content\/uploads\/2022\/01\/escuela-de-negocios.png","width":478,"height":97,"caption":"Escuela de Negocios"},"image":{"@id":"https:\/\/madrid.ufm.edu\/masters\/#\/schema\/logo\/image\/"}}]}},"meta_box":{"booklet":[]},"_links":{"self":[{"href":"https:\/\/madrid.ufm.edu\/masters\/wp-json\/wp\/v2\/pages\/15029","targetHints":{"allow":["GET"]}}],"collection":[{"href":"https:\/\/madrid.ufm.edu\/masters\/wp-json\/wp\/v2\/pages"}],"about":[{"href":"https:\/\/madrid.ufm.edu\/masters\/wp-json\/wp\/v2\/types\/page"}],"author":[{"embeddable":true,"href":"https:\/\/madrid.ufm.edu\/masters\/wp-json\/wp\/v2\/users\/1"}],"replies":[{"embeddable":true,"href":"https:\/\/madrid.ufm.edu\/masters\/wp-json\/wp\/v2\/comments?post=15029"}],"version-history":[{"count":24,"href":"https:\/\/madrid.ufm.edu\/masters\/wp-json\/wp\/v2\/pages\/15029\/revisions"}],"predecessor-version":[{"id":18950,"href":"https:\/\/madrid.ufm.edu\/masters\/wp-json\/wp\/v2\/pages\/15029\/revisions\/18950"}],"up":[{"embeddable":true,"href":"https:\/\/madrid.ufm.edu\/masters\/wp-json\/wp\/v2\/pages\/15011"}],"wp:attachment":[{"href":"https:\/\/madrid.ufm.edu\/masters\/wp-json\/wp\/v2\/media?parent=15029"}],"curies":[{"name":"wp","href":"https:\/\/api.w.org\/{rel}","templated":true}]}}