{"id":15026,"date":"2022-08-30T19:02:21","date_gmt":"2022-08-31T01:02:21","guid":{"rendered":"https:\/\/madrid.ufm.edu\/masters\/?page_id=15026"},"modified":"2026-01-21T15:49:13","modified_gmt":"2026-01-21T21:49:13","slug":"admisiones","status":"publish","type":"page","link":"https:\/\/madrid.ufm.edu\/masters\/economia-medioambiental\/admisiones\/","title":{"rendered":"Admisiones"},"content":{"rendered":"\n\n\t\t<h1>Admisiones<\/h1>\t\t\n\t\t\t<p>Inicia tu proceso de admisi\u00f3n hoy.<\/p>\n\t\t\t\t\t\t\t\t\t\t\t\t\t\t\t\t\t<h4>Paso 1:<\/h4>\n\t\t\t\t\t\t\t\t\t\t\t\t\t\t\t\t\t\t\t\t\t\t\t\t\tProceso de admisi\u00f3n\n\t\t\t\t\t\t\t\t\t\t\t\t\t\t<ul><li>Llena el formulario del proceso de admisi\u00f3n con tu informaci\u00f3n personal, laboral y de educaci\u00f3n. Aseg\u00farate de llenar todos los campos.<\/li><li>Para poder completar tu formulario deber\u00e1s crear una cuenta para ingresar.<\/li><li>No olvides elegir la fecha para tu prueba de admisi\u00f3n.<\/li><\/ul><a class=\"btn btn-en-red\" href=\"https:\/\/intranet.ufm.edu\/escueladenegocios\/login\" target=\"_blank\" role=\"button\">Completar formulario de aplicaci\u00f3n<\/a>\n\t\t\t\t\t\t\t\t\t\t\t\t\t\t\t\t\t<h4>Paso 2:<\/h4>\n\t\t\t\t\t\t\t\t\t\t\t\t\t\t\t\t\t\t\t\t\t\t\t\t\tEntrevista en l\u00ednea\n\t\t\t\t\t\t\t\t\t\t\t\t\t\t<p>Debes asistir a una reuni\u00f3n virtual con un miembro del comit\u00e9 de admisiones, de la Universidad Francisco Marroqu\u00edn, y con el director del m\u00e1ster en Econom\u00eda Medioambiental. Programaremos tu cita una vez hayamos evaluado tu formulario de admisi\u00f3n.<\/p>\n\t\t\t\t\t\t\t\t\t\t\t\t\t\t\t\t\t<h4>Paso 3:<\/h4>\n\t\t\t\t\t\t\t\t\t\t\t\t\t\t\t\t\t\t\t\t\t\t\t\t\tReserva de plaza\n\t\t\t\t\t\t\t\t\t\t\t\t\t\t<p>Para reservar tu plaza, debes abonar 995 euros de matriculaci\u00f3n.No es reembolsable.\u00a0<\/p>\n\t\t\t\t<!-- \/.pp-testimonials -->\n\n","protected":false},"excerpt":{"rendered":"<p>Admisiones Inicia tu proceso de admisi\u00f3n hoy. Paso 1: Proceso de admisi\u00f3n Llena el formulario del proceso de admisi\u00f3n con tu informaci\u00f3n personal, laboral y de educaci\u00f3n. Aseg\u00farate de llenar todos los campos. Para poder completar tu formulario deber\u00e1s crear una cuenta para ingresar. No olvides elegir la fecha para tu prueba de admisi\u00f3n. Paso&hellip;<\/p>\n","protected":false},"author":1,"featured_media":0,"parent":15011,"menu_order":0,"comment_status":"closed","ping_status":"closed","template":"","meta":{"footnotes":""},"class_list":["post-15026","page","type-page","status-publish","hentry"],"yoast_head":"<!-- This site is optimized with the Yoast SEO plugin v19.5.1 - https:\/\/yoast.com\/wordpress\/plugins\/seo\/ -->\n<title>Admisiones - Masters<\/title>\n<meta name=\"robots\" content=\"index, follow, max-snippet:-1, max-image-preview:large, max-video-preview:-1\" \/>\n<link rel=\"canonical\" href=\"https:\/\/madrid.ufm.edu\/masters\/economia-medioambiental\/admisiones\/\" \/>\n<meta property=\"og:locale\" content=\"es_ES\" \/>\n<meta property=\"og:type\" content=\"article\" \/>\n<meta property=\"og:title\" content=\"Admisiones - Masters\" \/>\n<meta property=\"og:description\" content=\"Admisiones Inicia tu proceso de admisi\u00f3n hoy. Paso 1: Proceso de admisi\u00f3n Llena el formulario del proceso de admisi\u00f3n con tu informaci\u00f3n personal, laboral y de educaci\u00f3n. Aseg\u00farate de llenar todos los campos. Para poder completar tu formulario deber\u00e1s crear una cuenta para ingresar. No olvides elegir la fecha para tu prueba de admisi\u00f3n. Paso&hellip;\" \/>\n<meta property=\"og:url\" content=\"https:\/\/madrid.ufm.edu\/masters\/economia-medioambiental\/admisiones\/\" \/>\n<meta property=\"og:site_name\" content=\"Masters\" \/>\n<meta property=\"article:modified_time\" content=\"2026-01-21T21:49:13+00:00\" \/>\n<meta property=\"og:image\" content=\"https:\/\/madrid.ufm.edu\/masters\/wp-content\/uploads\/2022\/08\/logo-ufm-tulane-share.png\" \/>\n\t<meta property=\"og:image:width\" content=\"300\" \/>\n\t<meta property=\"og:image:height\" content=\"300\" \/>\n\t<meta property=\"og:image:type\" content=\"image\/png\" \/>\n<meta name=\"twitter:card\" content=\"summary_large_image\" \/>\n<meta name=\"twitter:label1\" content=\"Tiempo de lectura\" \/>\n\t<meta name=\"twitter:data1\" content=\"1 minuto\" \/>\n<script type=\"application\/ld+json\" class=\"yoast-schema-graph\">{\"@context\":\"https:\/\/schema.org\",\"@graph\":[{\"@type\":\"WebPage\",\"@id\":\"https:\/\/madrid.ufm.edu\/masters\/economia-medioambiental\/admisiones\/\",\"url\":\"https:\/\/madrid.ufm.edu\/masters\/economia-medioambiental\/admisiones\/\",\"name\":\"Admisiones - Masters\",\"isPartOf\":{\"@id\":\"https:\/\/madrid.ufm.edu\/masters\/#website\"},\"datePublished\":\"2022-08-31T01:02:21+00:00\",\"dateModified\":\"2026-01-21T21:49:13+00:00\",\"breadcrumb\":{\"@id\":\"https:\/\/madrid.ufm.edu\/masters\/economia-medioambiental\/admisiones\/#breadcrumb\"},\"inLanguage\":\"es\",\"potentialAction\":[{\"@type\":\"ReadAction\",\"target\":[\"https:\/\/madrid.ufm.edu\/masters\/economia-medioambiental\/admisiones\/\"]}]},{\"@type\":\"BreadcrumbList\",\"@id\":\"https:\/\/madrid.ufm.edu\/masters\/economia-medioambiental\/admisiones\/#breadcrumb\",\"itemListElement\":[{\"@type\":\"ListItem\",\"position\":1,\"name\":\"Portada\",\"item\":\"https:\/\/madrid.ufm.edu\/masters\/\"},{\"@type\":\"ListItem\",\"position\":2,\"name\":\"M\u00e1ster en Econom\u00eda Medioambiental\",\"item\":\"https:\/\/madrid.ufm.edu\/masters\/economia-medioambiental\/\"},{\"@type\":\"ListItem\",\"position\":3,\"name\":\"Admisiones\"}]},{\"@type\":\"WebSite\",\"@id\":\"https:\/\/madrid.ufm.edu\/masters\/#website\",\"url\":\"https:\/\/madrid.ufm.edu\/masters\/\",\"name\":\"Masters\",\"description\":\"Universidad Francisco Marroqu\u00edn\",\"publisher\":{\"@id\":\"https:\/\/madrid.ufm.edu\/masters\/#organization\"},\"potentialAction\":[{\"@type\":\"SearchAction\",\"target\":{\"@type\":\"EntryPoint\",\"urlTemplate\":\"https:\/\/madrid.ufm.edu\/masters\/?s={search_term_string}\"},\"query-input\":\"required name=search_term_string\"}],\"inLanguage\":\"es\"},{\"@type\":\"Organization\",\"@id\":\"https:\/\/madrid.ufm.edu\/masters\/#organization\",\"name\":\"Escuela de Negocios\",\"url\":\"https:\/\/madrid.ufm.edu\/masters\/\",\"sameAs\":[],\"logo\":{\"@type\":\"ImageObject\",\"inLanguage\":\"es\",\"@id\":\"https:\/\/madrid.ufm.edu\/masters\/#\/schema\/logo\/image\/\",\"url\":\"https:\/\/madrid.ufm.edu\/masters\/wp-content\/uploads\/2022\/01\/escuela-de-negocios.png\",\"contentUrl\":\"https:\/\/madrid.ufm.edu\/masters\/wp-content\/uploads\/2022\/01\/escuela-de-negocios.png\",\"width\":478,\"height\":97,\"caption\":\"Escuela de Negocios\"},\"image\":{\"@id\":\"https:\/\/madrid.ufm.edu\/masters\/#\/schema\/logo\/image\/\"}}]}<\/script>\n<!-- \/ Yoast SEO plugin. -->","yoast_head_json":{"title":"Admisiones - Masters","robots":{"index":"index","follow":"follow","max-snippet":"max-snippet:-1","max-image-preview":"max-image-preview:large","max-video-preview":"max-video-preview:-1"},"canonical":"https:\/\/madrid.ufm.edu\/masters\/economia-medioambiental\/admisiones\/","og_locale":"es_ES","og_type":"article","og_title":"Admisiones - Masters","og_description":"Admisiones Inicia tu proceso de admisi\u00f3n hoy. Paso 1: Proceso de admisi\u00f3n Llena el formulario del proceso de admisi\u00f3n con tu informaci\u00f3n personal, laboral y de educaci\u00f3n. Aseg\u00farate de llenar todos los campos. Para poder completar tu formulario deber\u00e1s crear una cuenta para ingresar. No olvides elegir la fecha para tu prueba de admisi\u00f3n. Paso&hellip;","og_url":"https:\/\/madrid.ufm.edu\/masters\/economia-medioambiental\/admisiones\/","og_site_name":"Masters","article_modified_time":"2026-01-21T21:49:13+00:00","og_image":[{"width":300,"height":300,"url":"https:\/\/madrid.ufm.edu\/masters\/wp-content\/uploads\/2022\/08\/logo-ufm-tulane-share.png","type":"image\/png"}],"twitter_card":"summary_large_image","twitter_misc":{"Tiempo de lectura":"1 minuto"},"schema":{"@context":"https:\/\/schema.org","@graph":[{"@type":"WebPage","@id":"https:\/\/madrid.ufm.edu\/masters\/economia-medioambiental\/admisiones\/","url":"https:\/\/madrid.ufm.edu\/masters\/economia-medioambiental\/admisiones\/","name":"Admisiones - Masters","isPartOf":{"@id":"https:\/\/madrid.ufm.edu\/masters\/#website"},"datePublished":"2022-08-31T01:02:21+00:00","dateModified":"2026-01-21T21:49:13+00:00","breadcrumb":{"@id":"https:\/\/madrid.ufm.edu\/masters\/economia-medioambiental\/admisiones\/#breadcrumb"},"inLanguage":"es","potentialAction":[{"@type":"ReadAction","target":["https:\/\/madrid.ufm.edu\/masters\/economia-medioambiental\/admisiones\/"]}]},{"@type":"BreadcrumbList","@id":"https:\/\/madrid.ufm.edu\/masters\/economia-medioambiental\/admisiones\/#breadcrumb","itemListElement":[{"@type":"ListItem","position":1,"name":"Portada","item":"https:\/\/madrid.ufm.edu\/masters\/"},{"@type":"ListItem","position":2,"name":"M\u00e1ster en Econom\u00eda Medioambiental","item":"https:\/\/madrid.ufm.edu\/masters\/economia-medioambiental\/"},{"@type":"ListItem","position":3,"name":"Admisiones"}]},{"@type":"WebSite","@id":"https:\/\/madrid.ufm.edu\/masters\/#website","url":"https:\/\/madrid.ufm.edu\/masters\/","name":"Masters","description":"Universidad Francisco Marroqu\u00edn","publisher":{"@id":"https:\/\/madrid.ufm.edu\/masters\/#organization"},"potentialAction":[{"@type":"SearchAction","target":{"@type":"EntryPoint","urlTemplate":"https:\/\/madrid.ufm.edu\/masters\/?s={search_term_string}"},"query-input":"required name=search_term_string"}],"inLanguage":"es"},{"@type":"Organization","@id":"https:\/\/madrid.ufm.edu\/masters\/#organization","name":"Escuela de Negocios","url":"https:\/\/madrid.ufm.edu\/masters\/","sameAs":[],"logo":{"@type":"ImageObject","inLanguage":"es","@id":"https:\/\/madrid.ufm.edu\/masters\/#\/schema\/logo\/image\/","url":"https:\/\/madrid.ufm.edu\/masters\/wp-content\/uploads\/2022\/01\/escuela-de-negocios.png","contentUrl":"https:\/\/madrid.ufm.edu\/masters\/wp-content\/uploads\/2022\/01\/escuela-de-negocios.png","width":478,"height":97,"caption":"Escuela de Negocios"},"image":{"@id":"https:\/\/madrid.ufm.edu\/masters\/#\/schema\/logo\/image\/"}}]}},"meta_box":{"booklet":[]},"_links":{"self":[{"href":"https:\/\/madrid.ufm.edu\/masters\/wp-json\/wp\/v2\/pages\/15026","targetHints":{"allow":["GET"]}}],"collection":[{"href":"https:\/\/madrid.ufm.edu\/masters\/wp-json\/wp\/v2\/pages"}],"about":[{"href":"https:\/\/madrid.ufm.edu\/masters\/wp-json\/wp\/v2\/types\/page"}],"author":[{"embeddable":true,"href":"https:\/\/madrid.ufm.edu\/masters\/wp-json\/wp\/v2\/users\/1"}],"replies":[{"embeddable":true,"href":"https:\/\/madrid.ufm.edu\/masters\/wp-json\/wp\/v2\/comments?post=15026"}],"version-history":[{"count":9,"href":"https:\/\/madrid.ufm.edu\/masters\/wp-json\/wp\/v2\/pages\/15026\/revisions"}],"predecessor-version":[{"id":19673,"href":"https:\/\/madrid.ufm.edu\/masters\/wp-json\/wp\/v2\/pages\/15026\/revisions\/19673"}],"up":[{"embeddable":true,"href":"https:\/\/madrid.ufm.edu\/masters\/wp-json\/wp\/v2\/pages\/15011"}],"wp:attachment":[{"href":"https:\/\/madrid.ufm.edu\/masters\/wp-json\/wp\/v2\/media?parent=15026"}],"curies":[{"name":"wp","href":"https:\/\/api.w.org\/{rel}","templated":true}]}}