{"id":15011,"date":"2022-08-26T08:21:35","date_gmt":"2022-08-26T14:21:35","guid":{"rendered":"https:\/\/madrid.ufm.edu\/masters\/?page_id=15011"},"modified":"2025-10-01T14:11:49","modified_gmt":"2025-10-01T20:11:49","slug":"economia-medioambiental","status":"publish","type":"page","link":"https:\/\/madrid.ufm.edu\/masters\/economia-medioambiental\/","title":{"rendered":"M\u00e1ster en Econom\u00eda Medioambiental"},"content":{"rendered":"\n<h6>\n\t\tPrecio\n\t<\/h6>\n<h5>\n\t\t\u20ac9950\n\t<\/h5>\n<h6>\n\t\tDuraci\u00f3n\n\t<\/h6>\n<h5>\n\t\t10 meses\n\t<\/h5>\n<h6>\n\t\tPr\u00f3ximo inicio\n\t<\/h6>\n<h5>\n\t\tMayo 2026\n\t<\/h5>\n\t\t\t<a href=\"https:\/\/intranet.ufm.edu\/escueladenegocios\/login\" target=\"_self\" role=\"button\">\n\t\t\t\t\t\t\tAplica hoy\n\t\t\t\t\t<\/a>\n\t\t<h3>Acerca del m\u00e1ster en Econom\u00eda Medioambiental<\/h3>\t\t\n<p>En el programa MECOM, el estudiante adquirir\u00e1 las herramientas teo\u0301ricas y pra\u0301cticas que necesitara\u0301 en su actividad profesional: desarrollara\u0301 nuevas y mejores estrategias de mercado, enfrentara\u0301 de manera o\u0301ptima los problemas planteados por las recientes legislaciones y disen\u0303ara\u0301 nuevas formas y m\u00e9todos empresariales capaces de satisfacer las necesidades del man\u0303ana.<\/p>\n    <iframe loading=\"lazy\" width=\"560\" height=\"315\" src=\"https:\/\/www.youtube.com\/embed\/sbWoc9zVPbo?si=M3A3lksiU9D5cv6T\" title=\"YouTube video player\" frameborder=\"0\" allow=\"accelerometer; autoplay; clipboard-write; encrypted-media; gyroscope; picture-in-picture\" allowfullscreen><\/iframe>\n\t\t<h3>\u00bfPor qu\u00e9 el MECOM?<\/h3>\t\t\n<ul>\n<li>Te permitir\u00e1 comprender mejor la relaci\u00f3n entre el desarrollo econ\u00f3mico y la mejor gesti\u00f3n medioambiental.<\/li>\n<li>Podr\u00e1s dise\u00f1ar nuevas estrategias de exploraci\u00f3n y gesti\u00f3n sostenible de recursos.<\/li>\n<li>Su enfoque te posibilitar\u00e1 tener una visio\u0301n completa sobre la complejidad del medio natural.<\/li>\n<li>Podr\u00e1s poner en marcha nuevas formas y m\u00e9todos empresariales, desde las cuales responder\u00e1s adecuadamente a los problemas planteados por las nuevas legislaciones medioambientales.<\/li>\n<li>Aprender\u00e1s a hacer negocios cuidando el medioambiente.<\/li>\n\n<\/ul>\n\t\t<h3>Econom\u00eda de libre mercado y gesti\u00f3n medioambiental<\/h3>\t\t\n<p>El progreso econ\u00f3mico, la prosperidad, fortalece nuestra capacidad de ser buenos guardianes de nuestro planeta. La principal raz\u00f3n es que las tecnolog\u00edas m\u00e1s amigables con el medio ambiente, las operaciones de limpieza y la gesti\u00f3n medioambiental son todas costosas. Los cursos de nuestro programa est\u00e1n dise\u00f1ados para que los alumnos aprendan las reglas b\u00e1sicas de la econom\u00eda de libre mercado, su imbricaci\u00f3n en la pol\u00edtica v\u00eda leyes y su aplicaci\u00f3n a la gesti\u00f3n de recursos y desarrollo de nuevas tecnolog\u00edas.<\/p>\n<ul>\n\n<\/ul>\n\t\t<h3>\u00bfA qui\u00e9n est\u00e1 dirigido?<\/h3>\t\t\n\t\t\t<ul>\n<li>A quienes desean aportar ideas innovadoras y competitivas en la resolucio\u0301n de conflictos entre la actividad econ\u00f3mica -que nos es natural a los humanos- y el medio en el que esta se desarrolla.<\/li>\n<li>A graduados universitarios que ya desarrollan su labor profesional y desean cambiar\/extender esta.<\/li>\n<li>A profesionales que les resulte imprescindible conocer las implicaciones de cualquier actividad de mercado en y sobre el medio natural, ya sea desde el punto de vista t\u00e9cnico, legal o empresarial.<\/li>\n<\/ul>\n\t<h5>Modalidad<\/h5>\t\t\n<p>Los cursos se impartir\u00e1n en forma virtual y en tiempo real, lo que permitir\u00e1 a los alumnos interactuar con el profesor y entre ellos durante la clase. Se requiere la asistencia.<\/p>\n<p>Sin embargo, para facilitar el acceso a los alumnos que, por motivos laborales, no puedan conectarse a alguna sesi\u00f3n, estas ser\u00e1n grabadas para poder verlas en diferido.<\/p>\n<p>&nbsp;<\/p>\n<p>&nbsp;<\/p>\n\t<h5>Horario<\/h5>\t\t\n<p>Las clases ser\u00e1n impartidas los viernes y s\u00e1bados, a razo\u0301n de dos sesiones por di\u0301a.<\/p>\nPrimera sesio\u0301n: de 16:00 a 18:00 horas CET (Central Europe Time)<br \/>\nSegunda sesio\u0301n: de 18:30 a 20:30 CET (Central European Time)\n<p>Los horarios se abrir\u00e1n dependiendo del cu\u00f3rum.<\/p>\n    <iframe loading=\"lazy\" width=\"560\" height=\"315\" src=\"https:\/\/www.youtube.com\/embed\/EAEGEgfOt_M?si=AsmXE4bqMd3SUxAa\" title=\"YouTube video player\" frameborder=\"0\" allow=\"accelerometer; autoplay; clipboard-write; encrypted-media; gyroscope; picture-in-picture\" allowfullscreen><\/iframe>\n<h3>\n\t\tTitulaci\u00f3n\n\t<\/h3>\n\t\t<h5>M\u00e1ster en Econom\u00eda Medioambiental, Universidad Francisco Marroqu\u00edn<\/h5>\t\t\n<p>Este ti\u0301tulo tiene la posibilidad de obtener la declaraci\u00f3n de equivalencia en Espan\u0303a y en la Unio\u0301n Europea.<\/p>\n\t<p>La Universidad Francisco Marroqu\u00edn se reserva el derecho de hacer cambios, sin previo aviso.<\/p>\n\t<strong>\u00a1Solicita m\u00e1s informaci\u00f3n aqu\u00ed!<br \/>\n<\/strong>Nuestro asesor de admisiones se estar\u00e1 comunicando contigo.\n\t<div role=\"form\" class=\"wpcf7\" id=\"wpcf7-f15121-o1\" lang=\"en-US\" dir=\"ltr\">\n<div class=\"screen-reader-response\"><p role=\"status\" aria-live=\"polite\" aria-atomic=\"true\"><\/p> <ul><\/ul><\/div>\n<form action=\"\/masters\/wp-json\/wp\/v2\/pages\/15011#wpcf7-f15121-o1\" method=\"post\" class=\"wpcf7-form init ifcf7_contact_form\" novalidate=\"novalidate\" data-status=\"init\">\n<div style=\"display: none;\">\n<input type=\"hidden\" name=\"_wpcf7\" value=\"15121\" \/>\n<input type=\"hidden\" name=\"_wpcf7_version\" value=\"5.6.1\" \/>\n<input type=\"hidden\" name=\"_wpcf7_locale\" value=\"en_US\" \/>\n<input type=\"hidden\" name=\"_wpcf7_unit_tag\" value=\"wpcf7-f15121-o1\" \/>\n<input type=\"hidden\" name=\"_wpcf7_container_post\" value=\"0\" \/>\n<input type=\"hidden\" name=\"_wpcf7_posted_data_hash\" value=\"\" \/>\n<input type=\"hidden\" name=\"_wpcf7cf_hidden_group_fields\" value=\"[]\" \/>\n<input type=\"hidden\" name=\"_wpcf7cf_hidden_groups\" value=\"[]\" \/>\n<input type=\"hidden\" name=\"_wpcf7cf_visible_groups\" value=\"[]\" \/>\n<input type=\"hidden\" name=\"_wpcf7cf_repeaters\" value=\"[]\" \/>\n<input type=\"hidden\" name=\"_wpcf7cf_steps\" value=\"{}\" \/>\n<input type=\"hidden\" name=\"_wpcf7cf_options\" value=\"{&quot;form_id&quot;:15121,&quot;conditions&quot;:[],&quot;settings&quot;:{&quot;animation&quot;:&quot;yes&quot;,&quot;animation_intime&quot;:200,&quot;animation_outtime&quot;:200,&quot;conditions_ui&quot;:&quot;normal&quot;,&quot;notice_dismissed&quot;:false,&quot;regex_numeric&quot;:&quot;^[0-9]+$&quot;,&quot;regex_alphabetic&quot;:&quot;^[a-zA-Z]+$&quot;,&quot;regex_alphanumeric&quot;:&quot;^[a-zA-Z0-9]+$&quot;,&quot;regex_date&quot;:&quot;^(0?[1-9]|1[012])[- .](0?[1-9]|[12][0-9]|3[01])[- \\\/.](19|20)?[0-9]{2}$&quot;,&quot;regex_email&quot;:&quot;^[a-zA-Z0-9._%-]+@[a-zA-Z0-9.-]+.[a-zA-Z]{2,4}$&quot;,&quot;regex_numeric_label&quot;:&quot;numeric&quot;,&quot;regex_alphabetic_label&quot;:&quot;alphabetic&quot;,&quot;regex_alphanumeric_label&quot;:&quot;alphanumeric&quot;,&quot;regex_date_label&quot;:&quot;date&quot;,&quot;regex_email_label&quot;:&quot;email&quot;,&quot;regex_custom_1&quot;:&quot;&quot;,&quot;regex_custom_2&quot;:&quot;&quot;,&quot;regex_custom_3&quot;:&quot;&quot;,&quot;regex_custom_4&quot;:&quot;&quot;,&quot;regex_custom_5&quot;:&quot;&quot;,&quot;regex_custom_1_label&quot;:&quot;custom 1&quot;,&quot;regex_custom_2_label&quot;:&quot;custom 2&quot;,&quot;regex_custom_3_label&quot;:&quot;custom 3&quot;,&quot;regex_custom_4_label&quot;:&quot;custom 4&quot;,&quot;regex_custom_5_label&quot;:&quot;custom 5&quot;}}\" \/>\n<input type=\"hidden\" name=\"utm_campaign\" value=\"\" \/>\n<input type=\"hidden\" name=\"utm_content\" value=\"\" \/>\n<input type=\"hidden\" name=\"utm_id\" value=\"\" \/>\n<input type=\"hidden\" name=\"utm_medium\" value=\"\" \/>\n<input type=\"hidden\" name=\"utm_source\" value=\"\" \/>\n<input type=\"hidden\" name=\"utm_term\" value=\"\" \/>\n<\/div>\n<div class=\"ifcf7 ifcf7_hide\"><div class=\"ifcf7_form_elements\"><div class=\"form-group\">     <span class=\"wpcf7-form-control-wrap ifcf7-floating-labels\" data-name=\"nombre\"><input type=\"text\" name=\"nombre\" value=\"\" size=\"40\" class=\"wpcf7-form-control wpcf7-text wpcf7-validates-as-required form-control\" id=\"nombre\" aria-required=\"true\" aria-invalid=\"false\" placeholder=\"Nombre*\" \/><label>Nombre*<\/label><\/span> <\/div> <div class=\"form-group\">     <span class=\"wpcf7-form-control-wrap ifcf7-floating-labels\" data-name=\"apellido\"><input type=\"text\" name=\"apellido\" value=\"\" size=\"40\" class=\"wpcf7-form-control wpcf7-text wpcf7-validates-as-required form-control\" id=\"apellido\" aria-required=\"true\" aria-invalid=\"false\" placeholder=\"Apellidos*\" \/><label>Apellidos*<\/label><\/span> <\/div> <div class=\"form-group\">     <span class=\"wpcf7-form-control-wrap ifcf7-iti-floating-labels ifcf7-iti-no-flags\" data-name=\"telefono\"><input type=\"text\" name=\"telefono\" value=\"\" size=\"40\" class=\"wpcf7-form-control wpcf7-text form-control ifcf7-iti\" id=\"telefono\" aria-invalid=\"false\" placeholder=\"Tel\u00e9fono\" inputmode=\"numeric\" \/><input type=\"hidden\" value=\"\" name=\"iti_telefono\" class=\"ifcf7-iti-hidden\"><input class=\"ifcf7-iti-json\" name=\"iti_json_telefono\" type=\"hidden\" value=\"\"><label>Tel\u00e9fono<\/label><\/span> <\/div> <div class=\"form-group\">     <span class=\"wpcf7-form-control-wrap ifcf7-floating-labels\" data-name=\"correo\"><input type=\"email\" name=\"correo\" value=\"\" size=\"40\" class=\"wpcf7-form-control wpcf7-text wpcf7-email wpcf7-validates-as-required wpcf7-validates-as-email form-control\" id=\"correo\" aria-required=\"true\" aria-invalid=\"false\" placeholder=\"Correo electr\u00f3nico*\" \/><label>Correo electr\u00f3nico*<\/label><\/span> <\/div> <div class=\"form-group\">     <span class=\"wpcf7-form-control-wrap ifcf7-floating-labels\" data-name=\"empresa\"><input type=\"text\" name=\"empresa\" value=\"\" size=\"40\" class=\"wpcf7-form-control wpcf7-text form-control\" id=\"empresa\" aria-invalid=\"false\" placeholder=\"Empresa donde trabajas\" \/><label>Empresa donde trabajas<\/label><\/span> <\/div> <div class=\"form-group\">     <span class=\"wpcf7-form-control-wrap\" data-name=\"grado\"><select name=\"grado\" class=\"wpcf7-form-control wpcf7-select custom-select form-control ifcf7-select2 ifcf7-select2-floating-labels\" id=\"grado\" aria-invalid=\"false\"><option value=\"\">\u00daltimo curso acad\u00e9mico<\/option><option value=\"Programa de grado cerrado\">Programa de grado cerrado<\/option><option value=\"T\u00edtulo de grado\">T\u00edtulo de grado<\/option><option value=\"T\u00edtulo de m\u00e1ster\">T\u00edtulo de m\u00e1ster<\/option><\/select><\/span> <\/div> <div class=\"wpcf7-response-output\" aria-hidden=\"true\"><\/div> <button type=\"submit\" value=\"Solicitar informaci\u00f3n\" class=\"wpcf7-form-control wpcf7-submit btn-danger btn-lg btn-block btn d-inline-flex align-items-center justify-content-center\" \/><span class=\"ifcf7-submit-value\">Solicitar informaci\u00f3n<\/span><span class=\"ifcf7-spinner ml-2\"><span><\/span><\/span><\/button><p style=\"display: none !important;\"><label>&#916;<textarea name=\"_wpcf7_ak_hp_textarea\" cols=\"45\" rows=\"8\" maxlength=\"100\"><\/textarea><\/label><input type=\"hidden\" id=\"ak_js_1\" name=\"_wpcf7_ak_js\" value=\"232\"\/><script>document.getElementById( \"ak_js_1\" ).setAttribute( \"value\", ( new Date() ).getTime() );<\/script><\/p><\/div><div class=\"alert alert-success ifcf7_response_output\" role=\"alert\"><\/div><\/div><\/form><\/div>\n\n","protected":false},"excerpt":{"rendered":"<p>Precio \u20ac9950 Duraci\u00f3n 10 meses Pr\u00f3ximo inicio Mayo 2026 Aplica hoy Acerca del m\u00e1ster en Econom\u00eda Medioambiental En el programa MECOM, el estudiante adquirir\u00e1 las herramientas teo\u0301ricas y pra\u0301cticas que necesitara\u0301 en su actividad profesional: desarrollara\u0301 nuevas y mejores estrategias de mercado, enfrentara\u0301 de manera o\u0301ptima los problemas planteados por las recientes legislaciones y disen\u0303ara\u0301&hellip;<\/p>\n","protected":false},"author":1,"featured_media":0,"parent":0,"menu_order":0,"comment_status":"closed","ping_status":"closed","template":"","meta":{"footnotes":""},"class_list":["post-15011","page","type-page","status-publish","hentry"],"yoast_head":"<!-- This site is optimized with the Yoast SEO plugin v19.5.1 - https:\/\/yoast.com\/wordpress\/plugins\/seo\/ -->\n<title>M\u00e1ster en Econom\u00eda Medioambiental - Masters<\/title>\n<meta name=\"description\" content=\"Comprende la relaci\u00f3n entre el desarrollo econ\u00f3mico y el medioambiente. Dise\u00f1a nuevas estrategias de exploraci\u00f3n y explotaci\u00f3n de recursos.\" \/>\n<meta name=\"robots\" content=\"index, follow, max-snippet:-1, max-image-preview:large, max-video-preview:-1\" \/>\n<link rel=\"canonical\" href=\"https:\/\/madrid.ufm.edu\/masters\/economia-medioambiental\/\" \/>\n<meta property=\"og:locale\" content=\"es_ES\" \/>\n<meta property=\"og:type\" content=\"article\" \/>\n<meta property=\"og:title\" content=\"M\u00e1ster en Econom\u00eda Medioambiental - Masters\" \/>\n<meta property=\"og:description\" content=\"Comprende la relaci\u00f3n entre el desarrollo econ\u00f3mico y el medioambiente. Dise\u00f1a nuevas estrategias de exploraci\u00f3n y explotaci\u00f3n de recursos.\" \/>\n<meta property=\"og:url\" content=\"https:\/\/madrid.ufm.edu\/masters\/economia-medioambiental\/\" \/>\n<meta property=\"og:site_name\" content=\"Masters\" \/>\n<meta property=\"article:modified_time\" content=\"2025-10-01T20:11:49+00:00\" \/>\n<meta property=\"og:image\" content=\"https:\/\/madrid.ufm.edu\/masters\/wp-content\/uploads\/2022\/08\/logo-ufm-tulane-share.png\" \/>\n\t<meta property=\"og:image:width\" content=\"300\" \/>\n\t<meta property=\"og:image:height\" content=\"300\" \/>\n\t<meta property=\"og:image:type\" content=\"image\/png\" \/>\n<meta name=\"twitter:card\" content=\"summary_large_image\" \/>\n<meta name=\"twitter:label1\" content=\"Tiempo de lectura\" \/>\n\t<meta name=\"twitter:data1\" content=\"3 minutos\" \/>\n<script type=\"application\/ld+json\" class=\"yoast-schema-graph\">{\"@context\":\"https:\/\/schema.org\",\"@graph\":[{\"@type\":\"WebPage\",\"@id\":\"https:\/\/madrid.ufm.edu\/masters\/economia-medioambiental\/\",\"url\":\"https:\/\/madrid.ufm.edu\/masters\/economia-medioambiental\/\",\"name\":\"M\u00e1ster en Econom\u00eda Medioambiental - Masters\",\"isPartOf\":{\"@id\":\"https:\/\/madrid.ufm.edu\/masters\/#website\"},\"datePublished\":\"2022-08-26T14:21:35+00:00\",\"dateModified\":\"2025-10-01T20:11:49+00:00\",\"description\":\"Comprende la relaci\u00f3n entre el desarrollo econ\u00f3mico y el medioambiente. Dise\u00f1a nuevas estrategias de exploraci\u00f3n y explotaci\u00f3n de recursos.\",\"breadcrumb\":{\"@id\":\"https:\/\/madrid.ufm.edu\/masters\/economia-medioambiental\/#breadcrumb\"},\"inLanguage\":\"es\",\"potentialAction\":[{\"@type\":\"ReadAction\",\"target\":[\"https:\/\/madrid.ufm.edu\/masters\/economia-medioambiental\/\"]}]},{\"@type\":\"BreadcrumbList\",\"@id\":\"https:\/\/madrid.ufm.edu\/masters\/economia-medioambiental\/#breadcrumb\",\"itemListElement\":[{\"@type\":\"ListItem\",\"position\":1,\"name\":\"Portada\",\"item\":\"https:\/\/madrid.ufm.edu\/masters\/\"},{\"@type\":\"ListItem\",\"position\":2,\"name\":\"M\u00e1ster en Econom\u00eda Medioambiental\"}]},{\"@type\":\"WebSite\",\"@id\":\"https:\/\/madrid.ufm.edu\/masters\/#website\",\"url\":\"https:\/\/madrid.ufm.edu\/masters\/\",\"name\":\"Masters\",\"description\":\"Universidad Francisco Marroqu\u00edn\",\"publisher\":{\"@id\":\"https:\/\/madrid.ufm.edu\/masters\/#organization\"},\"potentialAction\":[{\"@type\":\"SearchAction\",\"target\":{\"@type\":\"EntryPoint\",\"urlTemplate\":\"https:\/\/madrid.ufm.edu\/masters\/?s={search_term_string}\"},\"query-input\":\"required name=search_term_string\"}],\"inLanguage\":\"es\"},{\"@type\":\"Organization\",\"@id\":\"https:\/\/madrid.ufm.edu\/masters\/#organization\",\"name\":\"Escuela de Negocios\",\"url\":\"https:\/\/madrid.ufm.edu\/masters\/\",\"sameAs\":[],\"logo\":{\"@type\":\"ImageObject\",\"inLanguage\":\"es\",\"@id\":\"https:\/\/madrid.ufm.edu\/masters\/#\/schema\/logo\/image\/\",\"url\":\"https:\/\/madrid.ufm.edu\/masters\/wp-content\/uploads\/2022\/01\/escuela-de-negocios.png\",\"contentUrl\":\"https:\/\/madrid.ufm.edu\/masters\/wp-content\/uploads\/2022\/01\/escuela-de-negocios.png\",\"width\":478,\"height\":97,\"caption\":\"Escuela de Negocios\"},\"image\":{\"@id\":\"https:\/\/madrid.ufm.edu\/masters\/#\/schema\/logo\/image\/\"}}]}<\/script>\n<!-- \/ Yoast SEO plugin. -->","yoast_head_json":{"title":"M\u00e1ster en Econom\u00eda Medioambiental - Masters","description":"Comprende la relaci\u00f3n entre el desarrollo econ\u00f3mico y el medioambiente. Dise\u00f1a nuevas estrategias de exploraci\u00f3n y explotaci\u00f3n de recursos.","robots":{"index":"index","follow":"follow","max-snippet":"max-snippet:-1","max-image-preview":"max-image-preview:large","max-video-preview":"max-video-preview:-1"},"canonical":"https:\/\/madrid.ufm.edu\/masters\/economia-medioambiental\/","og_locale":"es_ES","og_type":"article","og_title":"M\u00e1ster en Econom\u00eda Medioambiental - Masters","og_description":"Comprende la relaci\u00f3n entre el desarrollo econ\u00f3mico y el medioambiente. Dise\u00f1a nuevas estrategias de exploraci\u00f3n y explotaci\u00f3n de recursos.","og_url":"https:\/\/madrid.ufm.edu\/masters\/economia-medioambiental\/","og_site_name":"Masters","article_modified_time":"2025-10-01T20:11:49+00:00","og_image":[{"width":300,"height":300,"url":"https:\/\/madrid.ufm.edu\/masters\/wp-content\/uploads\/2022\/08\/logo-ufm-tulane-share.png","type":"image\/png"}],"twitter_card":"summary_large_image","twitter_misc":{"Tiempo de lectura":"3 minutos"},"schema":{"@context":"https:\/\/schema.org","@graph":[{"@type":"WebPage","@id":"https:\/\/madrid.ufm.edu\/masters\/economia-medioambiental\/","url":"https:\/\/madrid.ufm.edu\/masters\/economia-medioambiental\/","name":"M\u00e1ster en Econom\u00eda Medioambiental - Masters","isPartOf":{"@id":"https:\/\/madrid.ufm.edu\/masters\/#website"},"datePublished":"2022-08-26T14:21:35+00:00","dateModified":"2025-10-01T20:11:49+00:00","description":"Comprende la relaci\u00f3n entre el desarrollo econ\u00f3mico y el medioambiente. Dise\u00f1a nuevas estrategias de exploraci\u00f3n y explotaci\u00f3n de recursos.","breadcrumb":{"@id":"https:\/\/madrid.ufm.edu\/masters\/economia-medioambiental\/#breadcrumb"},"inLanguage":"es","potentialAction":[{"@type":"ReadAction","target":["https:\/\/madrid.ufm.edu\/masters\/economia-medioambiental\/"]}]},{"@type":"BreadcrumbList","@id":"https:\/\/madrid.ufm.edu\/masters\/economia-medioambiental\/#breadcrumb","itemListElement":[{"@type":"ListItem","position":1,"name":"Portada","item":"https:\/\/madrid.ufm.edu\/masters\/"},{"@type":"ListItem","position":2,"name":"M\u00e1ster en Econom\u00eda Medioambiental"}]},{"@type":"WebSite","@id":"https:\/\/madrid.ufm.edu\/masters\/#website","url":"https:\/\/madrid.ufm.edu\/masters\/","name":"Masters","description":"Universidad Francisco Marroqu\u00edn","publisher":{"@id":"https:\/\/madrid.ufm.edu\/masters\/#organization"},"potentialAction":[{"@type":"SearchAction","target":{"@type":"EntryPoint","urlTemplate":"https:\/\/madrid.ufm.edu\/masters\/?s={search_term_string}"},"query-input":"required name=search_term_string"}],"inLanguage":"es"},{"@type":"Organization","@id":"https:\/\/madrid.ufm.edu\/masters\/#organization","name":"Escuela de Negocios","url":"https:\/\/madrid.ufm.edu\/masters\/","sameAs":[],"logo":{"@type":"ImageObject","inLanguage":"es","@id":"https:\/\/madrid.ufm.edu\/masters\/#\/schema\/logo\/image\/","url":"https:\/\/madrid.ufm.edu\/masters\/wp-content\/uploads\/2022\/01\/escuela-de-negocios.png","contentUrl":"https:\/\/madrid.ufm.edu\/masters\/wp-content\/uploads\/2022\/01\/escuela-de-negocios.png","width":478,"height":97,"caption":"Escuela de Negocios"},"image":{"@id":"https:\/\/madrid.ufm.edu\/masters\/#\/schema\/logo\/image\/"}}]}},"meta_box":{"booklet":[]},"_links":{"self":[{"href":"https:\/\/madrid.ufm.edu\/masters\/wp-json\/wp\/v2\/pages\/15011","targetHints":{"allow":["GET"]}}],"collection":[{"href":"https:\/\/madrid.ufm.edu\/masters\/wp-json\/wp\/v2\/pages"}],"about":[{"href":"https:\/\/madrid.ufm.edu\/masters\/wp-json\/wp\/v2\/types\/page"}],"author":[{"embeddable":true,"href":"https:\/\/madrid.ufm.edu\/masters\/wp-json\/wp\/v2\/users\/1"}],"replies":[{"embeddable":true,"href":"https:\/\/madrid.ufm.edu\/masters\/wp-json\/wp\/v2\/comments?post=15011"}],"version-history":[{"count":54,"href":"https:\/\/madrid.ufm.edu\/masters\/wp-json\/wp\/v2\/pages\/15011\/revisions"}],"predecessor-version":[{"id":19551,"href":"https:\/\/madrid.ufm.edu\/masters\/wp-json\/wp\/v2\/pages\/15011\/revisions\/19551"}],"wp:attachment":[{"href":"https:\/\/madrid.ufm.edu\/masters\/wp-json\/wp\/v2\/media?parent=15011"}],"curies":[{"name":"wp","href":"https:\/\/api.w.org\/{rel}","templated":true}]}}