{"id":127,"date":"2018-11-20T23:46:20","date_gmt":"2018-11-20T23:46:20","guid":{"rendered":"https:\/\/madrid.ufm.edu\/admisiones\/?page_id=127"},"modified":"2019-01-22T17:05:46","modified_gmt":"2019-01-22T17:05:46","slug":"admisiones","status":"publish","type":"page","link":"https:\/\/madrid.ufm.edu\/admisiones\/","title":{"rendered":"Admisiones"},"content":{"rendered":"<div id=\"proceso_admisiones_container\">\n\t\t\t\t\t<div class=\"well\" style=\"border-radius: 10px;\">\n\t\t\t\t\t\t<p>Nos agrada mucho que haya tomado la decisi\u00f3n de aplicar a nuestros programas de maestr\u00edas.<\/p>\n\t\t\t\t\t\t<p>Para dar tr\u00e1mite a su aplicaci\u00f3n, deber\u00e1 completar nuestro formulario de admisi\u00f3n, ingresando al mismo, creando su usuario y contrase\u00f1a a continuaci\u00f3n. Dentro del formulario encontrar\u00e1 una secci\u00f3n donde deber\u00e1 adjuntar los siguientes documentos:<\/p>\n\t\t\t\t\t\t<ul>\n\t\t\t\t\t\t\t<li>Pasaporte<\/li>\n\t\t\t\t\t\t\t<li>Hoja de vida actualizada<\/li>\n\t\t\t\t\t\t\t<li>T\u00edtulo Acad\u00e9mico de la universidad a nivel de grados o licenciaturas, B.A., B.S. o su equivalente.<\/li>\n\t\t\t\t\t\t\t<li>Dos cartas de recomendaci\u00f3n profesional o laboral.<\/li>\n\t\t\t\t\t\t\t<li>Certificado de notas de grado o licenciatura.<\/li>\n\t\t\t\t\t\t<\/ul>\n\t\t\t\t\t<\/div><div role=\"form\" class=\"wpcf7\" id=\"wpcf7-f145-o1\" lang=\"es-ES\" dir=\"ltr\">\n<div class=\"screen-reader-response\"><\/div>\n<form action=\"\/admisiones\/wp-json\/wp\/v2\/pages\/127#wpcf7-f145-o1\" method=\"post\" class=\"wpcf7-form demo\" novalidate=\"novalidate\">\n<div style=\"display: none;\">\n<input type=\"hidden\" name=\"_wpcf7\" value=\"145\" \/>\n<input type=\"hidden\" name=\"_wpcf7_version\" value=\"5.0.5\" \/>\n<input type=\"hidden\" name=\"_wpcf7_locale\" value=\"es_ES\" \/>\n<input type=\"hidden\" name=\"_wpcf7_unit_tag\" value=\"wpcf7-f145-o1\" \/>\n<input type=\"hidden\" name=\"_wpcf7_container_post\" value=\"0\" \/>\n<input type=\"hidden\" name=\"_ifwp_uniqid\" value=\"69e1838272f33\" \/>\n<\/div>\n<h3>Datos personales<\/h3>\n<br>\n<div class=\"row\">\n    <div class=\"col-md-3\">\n        <div class=\"form-group\">\n            <label for=\"nombre\">Nombre*<\/label>\n            <span class=\"wpcf7-form-control-wrap nombre\"><input type=\"text\" name=\"nombre\" value=\"\" size=\"40\" class=\"wpcf7-form-control wpcf7-text wpcf7-validates-as-required form-control\" id=\"nombre\" aria-required=\"true\" aria-invalid=\"false\" placeholder=\"Nombre\" \/><\/span>\n        <\/div>\n    <\/div>\n    <div class=\"col-md-3\">\n        <div class=\"form-group\">\n            <label for=\"apellido\">Apellido*<\/label>\n            <span class=\"wpcf7-form-control-wrap apellido\"><input type=\"text\" name=\"apellido\" value=\"\" size=\"40\" class=\"wpcf7-form-control wpcf7-text wpcf7-validates-as-required form-control\" id=\"apellido\" aria-required=\"true\" aria-invalid=\"false\" placeholder=\"Apellido\" \/><\/span>\n        <\/div>\n    <\/div>\n    <div class=\"col-md-3\">\n        <div class=\"form-group\">\n            <label for=\"correo_electronico\">Correo electr\u00f3nico*<\/label>\n            <span class=\"wpcf7-form-control-wrap ifwp_user_email\"><input type=\"email\" name=\"ifwp_user_email\" value=\"\" size=\"40\" class=\"wpcf7-form-control wpcf7-text wpcf7-email wpcf7-validates-as-required wpcf7-validates-as-email form-control\" id=\"correo_electronico\" aria-required=\"true\" aria-invalid=\"false\" placeholder=\"Correo electr\u00f3nico\" \/><\/span>\n        <\/div>\n    <\/div>\n    <div class=\"col-md-3\">\n        <div class=\"form-group\">\n            <label for=\"telefono\">Tel\u00e9fono*<\/label>\n            <span class=\"wpcf7-form-control-wrap telefono\"><input type=\"tel\" name=\"telefono\" value=\"\" size=\"40\" class=\"wpcf7-form-control wpcf7-text wpcf7-tel wpcf7-validates-as-required wpcf7-validates-as-tel form-control\" id=\"telefono\" aria-required=\"true\" aria-invalid=\"false\" placeholder=\"Tel\u00e9fono\" \/><\/span>\n        <\/div>\n    <\/div>\n<\/div>\n<div class=\"row\">\n    <div class=\"col-md-4\">\n        <div class=\"form-group\">\n            <label for=\"genero\">G\u00e9nero*<\/label>\n            <span class=\"wpcf7-form-control-wrap genero\"><select name=\"genero\" class=\"wpcf7-form-control wpcf7-select wpcf7-validates-as-required form-control\" id=\"genero\" aria-required=\"true\" aria-invalid=\"false\"><option value=\"\">Seleccionar<\/option><option value=\"Masculino\">Masculino<\/option><option value=\"Femenino\">Femenino<\/option><\/select><\/span>\n        <\/div>\n    <\/div>\n    <div class=\"col-md-4\">\n        <div class=\"form-group\">\n            <label for=\"pais\">Pa\u00eds*<\/label>\n            <span class=\"wpcf7-form-control-wrap pais\"><select name=\"pais\" class=\"wpcf7-form-control wpcf7-select wpcf7-validates-as-required form-control\" id=\"pais\" aria-required=\"true\" aria-invalid=\"false\"><option value=\"\">Seleccionar<\/option><option value=\"Espa\u00f1a\">Espa\u00f1a<\/option><option value=\"Guatemala\">Guatemala<\/option><option value=\"Panam\u00e1\">Panam\u00e1<\/option><option value=\"Afganist\u00e1n\">Afganist\u00e1n<\/option><option value=\"Albania\">Albania<\/option><option value=\"Alemania\">Alemania<\/option><option value=\"Andorra\">Andorra<\/option><option value=\"Angola\">Angola<\/option><option value=\"Anguila\">Anguila<\/option><option value=\"Antigua y Barbuda\">Antigua y Barbuda<\/option><option value=\"Antillas Neerlandesas\">Antillas Neerlandesas<\/option><option value=\"Ant\u00e1rtida\">Ant\u00e1rtida<\/option><option value=\"Arabia Saud\u00ed\">Arabia Saud\u00ed<\/option><option value=\"Argelia\">Argelia<\/option><option value=\"Argentina\">Argentina<\/option><option value=\"Armenia\">Armenia<\/option><option value=\"Aruba\">Aruba<\/option><option value=\"Australia\">Australia<\/option><option value=\"Austria\">Austria<\/option><option value=\"Azerbaiy\u00e1n\">Azerbaiy\u00e1n<\/option><option value=\"Bahamas\">Bahamas<\/option><option value=\"Bahr\u00e9in\">Bahr\u00e9in<\/option><option value=\"Bangladesh\">Bangladesh<\/option><option value=\"Barbados\">Barbados<\/option><option value=\"Belice\">Belice<\/option><option value=\"Ben\u00edn\">Ben\u00edn<\/option><option value=\"Bermudas\">Bermudas<\/option><option value=\"Bielorrusia\">Bielorrusia<\/option><option value=\"Bolivia\">Bolivia<\/option><option value=\"Bosnia-Herzegovina\">Bosnia-Herzegovina<\/option><option value=\"Botsuana\">Botsuana<\/option><option value=\"Brasil\">Brasil<\/option><option value=\"Brun\u00e9i\">Brun\u00e9i<\/option><option value=\"Bulgaria\">Bulgaria<\/option><option value=\"Burkina Faso\">Burkina Faso<\/option><option value=\"Burundi\">Burundi<\/option><option value=\"But\u00e1n\">But\u00e1n<\/option><option value=\"B\u00e9lgica\">B\u00e9lgica<\/option><option value=\"Cabo Verde\">Cabo Verde<\/option><option value=\"Camboya\">Camboya<\/option><option value=\"Camer\u00fan\">Camer\u00fan<\/option><option value=\"Canad\u00e1\">Canad\u00e1<\/option><option value=\"Chad\">Chad<\/option><option value=\"Chile\">Chile<\/option><option value=\"China\">China<\/option><option value=\"Chipre\">Chipre<\/option><option value=\"Ciudad del Vaticano\">Ciudad del Vaticano<\/option><option value=\"Colombia\">Colombia<\/option><option value=\"Comoras\">Comoras<\/option><option value=\"Congo\">Congo<\/option><option value=\"Corea del Norte\">Corea del Norte<\/option><option value=\"Corea del Sur\">Corea del Sur<\/option><option value=\"Costa Rica\">Costa Rica<\/option><option value=\"Costa de Marfil\">Costa de Marfil<\/option><option value=\"Croacia\">Croacia<\/option><option value=\"Cuba\">Cuba<\/option><option value=\"Dinamarca\">Dinamarca<\/option><option value=\"Dominica\">Dominica<\/option><option value=\"Ecuador\">Ecuador<\/option><option value=\"Egipto\">Egipto<\/option><option value=\"El Salvador\">El Salvador<\/option><option value=\"Emiratos \u00c1rabes Unidos\">Emiratos \u00c1rabes Unidos<\/option><option value=\"Eritrea\">Eritrea<\/option><option value=\"Eslovaquia\">Eslovaquia<\/option><option value=\"Eslovenia\">Eslovenia<\/option><option value=\"Estados Unidos\">Estados Unidos<\/option><option value=\"Estonia\">Estonia<\/option><option value=\"Etiop\u00eda\">Etiop\u00eda<\/option><option value=\"Filipinas\">Filipinas<\/option><option value=\"Finlandia\">Finlandia<\/option><option value=\"Fiyi\">Fiyi<\/option><option value=\"Francia\">Francia<\/option><option value=\"Gab\u00f3n\">Gab\u00f3n<\/option><option value=\"Gambia\">Gambia<\/option><option value=\"Georgia\">Georgia<\/option><option value=\"Ghana\">Ghana<\/option><option value=\"Gibraltar\">Gibraltar<\/option><option value=\"Granada\">Granada<\/option><option value=\"Grecia\">Grecia<\/option><option value=\"Groenlandia\">Groenlandia<\/option><option value=\"Guadalupe\">Guadalupe<\/option><option value=\"Guam\">Guam<\/option><option value=\"Guayana Francesa\">Guayana Francesa<\/option><option value=\"Guernsey\">Guernsey<\/option><option value=\"Guinea\">Guinea<\/option><option value=\"Guinea Ecuatorial\">Guinea Ecuatorial<\/option><option value=\"Guinea-Bissau\">Guinea-Bissau<\/option><option value=\"Guyana\">Guyana<\/option><option value=\"Hait\u00ed\">Hait\u00ed<\/option><option value=\"Honduras\">Honduras<\/option><option value=\"Hungr\u00eda\">Hungr\u00eda<\/option><option value=\"India\">India<\/option><option value=\"Indonesia\">Indonesia<\/option><option value=\"Iraq\">Iraq<\/option><option value=\"Irlanda\">Irlanda<\/option><option value=\"Ir\u00e1n\">Ir\u00e1n<\/option><option value=\"Isla Bouvet\">Isla Bouvet<\/option><option value=\"Isla Christmas\">Isla Christmas<\/option><option value=\"Isla Niue\">Isla Niue<\/option><option value=\"Isla Norfolk\">Isla Norfolk<\/option><option value=\"Isla de Man\">Isla de Man<\/option><option value=\"Islandia\">Islandia<\/option><option value=\"Islas Caim\u00e1n\">Islas Caim\u00e1n<\/option><option value=\"Islas Cocos\">Islas Cocos<\/option><option value=\"Islas Cook\">Islas Cook<\/option><option value=\"Islas Feroe\">Islas Feroe<\/option><option value=\"Islas Georgia del Sur y Sandwich del Sur\">Islas Georgia del Sur y Sandwich del Sur<\/option><option value=\"Islas Heard y McDonald\">Islas Heard y McDonald<\/option><option value=\"Islas Malvinas\">Islas Malvinas<\/option><option value=\"Islas Marianas del Norte\">Islas Marianas del Norte<\/option><option value=\"Islas Marshall\">Islas Marshall<\/option><option value=\"Islas Salom\u00f3n\">Islas Salom\u00f3n<\/option><option value=\"Islas Turcas y Caicos\">Islas Turcas y Caicos<\/option><option value=\"Islas V\u00edrgenes Brit\u00e1nicas\">Islas V\u00edrgenes Brit\u00e1nicas<\/option><option value=\"Islas V\u00edrgenes de los Estados Unidos\">Islas V\u00edrgenes de los Estados Unidos<\/option><option value=\"Islas menores alejadas de los Estados Unidos\">Islas menores alejadas de los Estados Unidos<\/option><option value=\"Islas \u00c5land\">Islas \u00c5land<\/option><option value=\"Israel\">Israel<\/option><option value=\"Italia\">Italia<\/option><option value=\"Jamaica\">Jamaica<\/option><option value=\"Jap\u00f3n\">Jap\u00f3n<\/option><option value=\"Jersey\">Jersey<\/option><option value=\"Jordania\">Jordania<\/option><option value=\"Kazajist\u00e1n\">Kazajist\u00e1n<\/option><option value=\"Kenia\">Kenia<\/option><option value=\"Kirguist\u00e1n\">Kirguist\u00e1n<\/option><option value=\"Kiribati\">Kiribati<\/option><option value=\"Kuwait\">Kuwait<\/option><option value=\"Laos\">Laos<\/option><option value=\"Lesoto\">Lesoto<\/option><option value=\"Letonia\">Letonia<\/option><option value=\"Liberia\">Liberia<\/option><option value=\"Libia\">Libia<\/option><option value=\"Liechtenstein\">Liechtenstein<\/option><option value=\"Lituania\">Lituania<\/option><option value=\"Luxemburgo\">Luxemburgo<\/option><option value=\"L\u00edbano\">L\u00edbano<\/option><option value=\"Macedonia\">Macedonia<\/option><option value=\"Madagascar\">Madagascar<\/option><option value=\"Malasia\">Malasia<\/option><option value=\"Malaui\">Malaui<\/option><option value=\"Maldivas\">Maldivas<\/option><option value=\"Mali\">Mali<\/option><option value=\"Malta\">Malta<\/option><option value=\"Marruecos\">Marruecos<\/option><option value=\"Martinica\">Martinica<\/option><option value=\"Mauricio\">Mauricio<\/option><option value=\"Mauritania\">Mauritania<\/option><option value=\"Mayotte\">Mayotte<\/option><option value=\"Micronesia\">Micronesia<\/option><option value=\"Moldavia\">Moldavia<\/option><option value=\"Mongolia\">Mongolia<\/option><option value=\"Montenegro\">Montenegro<\/option><option value=\"Montserrat\">Montserrat<\/option><option value=\"Mozambique\">Mozambique<\/option><option value=\"Myanmar\">Myanmar<\/option><option value=\"M\u00e9xico\">M\u00e9xico<\/option><option value=\"M\u00f3naco\">M\u00f3naco<\/option><option value=\"Namibia\">Namibia<\/option><option value=\"Nauru\">Nauru<\/option><option value=\"Nepal\">Nepal<\/option><option value=\"Nicaragua\">Nicaragua<\/option><option value=\"Nigeria\">Nigeria<\/option><option value=\"Noruega\">Noruega<\/option><option value=\"Nueva Caledonia\">Nueva Caledonia<\/option><option value=\"Nueva Zelanda\">Nueva Zelanda<\/option><option value=\"N\u00edger\">N\u00edger<\/option><option value=\"Om\u00e1n\">Om\u00e1n<\/option><option value=\"Pakist\u00e1n\">Pakist\u00e1n<\/option><option value=\"Palau\">Palau<\/option><option value=\"Palestina\">Palestina<\/option><option value=\"Pap\u00faa Nueva Guinea\">Pap\u00faa Nueva Guinea<\/option><option value=\"Paraguay\">Paraguay<\/option><option value=\"Pa\u00edses Bajos\">Pa\u00edses Bajos<\/option><option value=\"Per\u00fa\">Per\u00fa<\/option><option value=\"Pitcairn\">Pitcairn<\/option><option value=\"Polinesia Francesa\">Polinesia Francesa<\/option><option value=\"Polonia\">Polonia<\/option><option value=\"Portugal\">Portugal<\/option><option value=\"Puerto Rico\">Puerto Rico<\/option><option value=\"Qatar\">Qatar<\/option><option value=\"Regi\u00f3n Administrativa Especial de Hong Kong de la Rep\u00fablica Popular China\">Regi\u00f3n Administrativa Especial de Hong Kong de la Rep\u00fablica Popular China<\/option><option value=\"Regi\u00f3n Administrativa Especial de Macao de la Rep\u00fablica Popular China\">Regi\u00f3n Administrativa Especial de Macao de la Rep\u00fablica Popular China<\/option><option value=\"Regi\u00f3n desconocida o no v\u00e1lida\">Regi\u00f3n desconocida o no v\u00e1lida<\/option><option value=\"Reino Unido\">Reino Unido<\/option><option value=\"Rep\u00fablica Centroafricana\">Rep\u00fablica Centroafricana<\/option><option value=\"Rep\u00fablica Checa\">Rep\u00fablica Checa<\/option><option value=\"Rep\u00fablica Democr\u00e1tica del Congo\">Rep\u00fablica Democr\u00e1tica del Congo<\/option><option value=\"Rep\u00fablica Dominicana\">Rep\u00fablica Dominicana<\/option><option value=\"Reuni\u00f3n\">Reuni\u00f3n<\/option><option value=\"Ruanda\">Ruanda<\/option><option value=\"Ruman\u00eda\">Ruman\u00eda<\/option><option value=\"Rusia\">Rusia<\/option><option value=\"Samoa\">Samoa<\/option><option value=\"Samoa Americana\">Samoa Americana<\/option><option value=\"San Bartolom\u00e9\">San Bartolom\u00e9<\/option><option value=\"San Crist\u00f3bal y Nieves\">San Crist\u00f3bal y Nieves<\/option><option value=\"San Marino\">San Marino<\/option><option value=\"San Mart\u00edn\">San Mart\u00edn<\/option><option value=\"San Pedro y Miquel\u00f3n\">San Pedro y Miquel\u00f3n<\/option><option value=\"San Vicente y las Granadinas\">San Vicente y las Granadinas<\/option><option value=\"Santa Elena\">Santa Elena<\/option><option value=\"Santa Luc\u00eda\">Santa Luc\u00eda<\/option><option value=\"Santo Tom\u00e9 y Pr\u00edncipe\">Santo Tom\u00e9 y Pr\u00edncipe<\/option><option value=\"Senegal\">Senegal<\/option><option value=\"Serbia\">Serbia<\/option><option value=\"Serbia y Montenegro\">Serbia y Montenegro<\/option><option value=\"Seychelles\">Seychelles<\/option><option value=\"Sierra Leona\">Sierra Leona<\/option><option value=\"Singapur\">Singapur<\/option><option value=\"Siria\">Siria<\/option><option value=\"Somalia\">Somalia<\/option><option value=\"Sri Lanka\">Sri Lanka<\/option><option value=\"Suazilandia\">Suazilandia<\/option><option value=\"Sud\u00e1frica\">Sud\u00e1frica<\/option><option value=\"Sud\u00e1n\">Sud\u00e1n<\/option><option value=\"Suecia\">Suecia<\/option><option value=\"Suiza\">Suiza<\/option><option value=\"Surinam\">Surinam<\/option><option value=\"Svalbard y Jan Mayen\">Svalbard y Jan Mayen<\/option><option value=\"S\u00e1hara Occidental\">S\u00e1hara Occidental<\/option><option value=\"Tailandia\">Tailandia<\/option><option value=\"Taiw\u00e1n\">Taiw\u00e1n<\/option><option value=\"Tanzania\">Tanzania<\/option><option value=\"Tayikist\u00e1n\">Tayikist\u00e1n<\/option><option value=\"Territorio Brit\u00e1nico del Oc\u00e9ano \u00cdndico\">Territorio Brit\u00e1nico del Oc\u00e9ano \u00cdndico<\/option><option value=\"Territorios Australes Franceses\">Territorios Australes Franceses<\/option><option value=\"Timor Oriental\">Timor Oriental<\/option><option value=\"Togo\">Togo<\/option><option value=\"Tokelau\">Tokelau<\/option><option value=\"Tonga\">Tonga<\/option><option value=\"Trinidad y Tobago\">Trinidad y Tobago<\/option><option value=\"Turkmenist\u00e1n\">Turkmenist\u00e1n<\/option><option value=\"Turqu\u00eda\">Turqu\u00eda<\/option><option value=\"Tuvalu\">Tuvalu<\/option><option value=\"T\u00fanez\">T\u00fanez<\/option><option value=\"Ucrania\">Ucrania<\/option><option value=\"Uganda\">Uganda<\/option><option value=\"Uruguay\">Uruguay<\/option><option value=\"Uzbekist\u00e1n\">Uzbekist\u00e1n<\/option><option value=\"Vanuatu\">Vanuatu<\/option><option value=\"Venezuela\">Venezuela<\/option><option value=\"Vietnam\">Vietnam<\/option><option value=\"Wallis y Futuna\">Wallis y Futuna<\/option><option value=\"Yemen\">Yemen<\/option><option value=\"Yibuti\">Yibuti<\/option><option value=\"Zambia\">Zambia<\/option><option value=\"Zimbabue\">Zimbabue<\/option><\/select><\/span>\n        <\/div>\n    <\/div>\n    <div class=\"col-md-4\">\n        <div class=\"form-group\">\n            <label for=\"programa1\">Programa*<\/label>\n            <span class=\"wpcf7-form-control-wrap programa\"><select name=\"programa\" class=\"wpcf7-form-control wpcf7-select wpcf7-validates-as-required form-control\" id=\"programa1\" aria-required=\"true\" aria-invalid=\"false\"><option value=\"\">Seleccionar<\/option><option value=\"MBA - Master of Business  Administration\">MBA - Master of Business  Administration<\/option><option value=\"MiM Tulane University + MBA UFM\">MiM Tulane University + MBA UFM<\/option><option value=\"MFIN - Master of Finance\">MFIN - Master of Finance<\/option><option value=\"MFIN Tulane University + UFM\">MFIN Tulane University + UFM<\/option><option value=\"MECOM - M\u00e1ster en Econom\u00eda Medioambiental\">MECOM - M\u00e1ster en Econom\u00eda Medioambiental<\/option><option value=\"Maestr\u00eda en Econom\u00eda UFM + Universidad de las Hesp\u00e9rides\">Maestr\u00eda en Econom\u00eda UFM + Universidad de las Hesp\u00e9rides<\/option><\/select><\/span>\n        <\/div>\n    <\/div>\n<\/div>\n<div class=\"row\">\n    <div class=\"col-md-6\">\n        <div class=\"form-group\">\n            <label for=\"ifwp_user_pass1\">Nueva contrase\u00f1a*<\/label>\n            <span class=\"wpcf7-form-control-wrap ifwp_user_pass1\"><input type=\"password\" name=\"ifwp_user_pass1\" value=\"\" size=\"40\" class=\"wpcf7-form-control wpcf7-ifwp_password wpcf7-validates-as-required form-control\" id=\"ifwp_user_pass1\" aria-required=\"true\" aria-invalid=\"false\" placeholder=\"Contrase\u00f1a\" \/><\/span>\n        <\/div>\n    <\/div>\n    <div class=\"col-md-6\">\n        <div class=\"form-group\">\n            <label for=\"ifwp_user_pass2\">Confirma contrase\u00f1a*<\/label>\n            <span class=\"wpcf7-form-control-wrap ifwp_user_pass2\"><input type=\"password\" name=\"ifwp_user_pass2\" value=\"\" size=\"40\" class=\"wpcf7-form-control wpcf7-ifwp_password wpcf7-validates-as-required form-control\" id=\"ifwp_user_pass2\" aria-required=\"true\" aria-invalid=\"false\" placeholder=\"Confirma contrase\u00f1a\" \/><\/span>\n        <\/div>\n    <\/div>\n<\/div>\n\n<div class=\"wpcf7-response-output wpcf7-display-none\"><\/div>\n<div class=\"row\">\n    <div class=\"col-md-6\">\n        &nbsp;\n    <\/div>\n    <div class=\"col-md-6 text-right\">\n        <input type=\"hidden\" name=\"usuario_tipo\" value=\"maestrias\" class=\"wpcf7-form-control wpcf7-ifwp_hidden\" \/>\n        <input type=\"submit\" value=\"Enviar\" class=\"wpcf7-form-control wpcf7-submit btn btn-danger btn-lg\" id=\"enviar\" \/>\n    <\/div>\n<\/div><\/form><\/div><\/div>\n","protected":false},"excerpt":{"rendered":"","protected":false},"author":1,"featured_media":329,"parent":0,"menu_order":0,"comment_status":"closed","ping_status":"closed","template":"","meta":{"footnotes":""},"_links":{"self":[{"href":"https:\/\/madrid.ufm.edu\/admisiones\/wp-json\/wp\/v2\/pages\/127"}],"collection":[{"href":"https:\/\/madrid.ufm.edu\/admisiones\/wp-json\/wp\/v2\/pages"}],"about":[{"href":"https:\/\/madrid.ufm.edu\/admisiones\/wp-json\/wp\/v2\/types\/page"}],"author":[{"embeddable":true,"href":"https:\/\/madrid.ufm.edu\/admisiones\/wp-json\/wp\/v2\/users\/1"}],"replies":[{"embeddable":true,"href":"https:\/\/madrid.ufm.edu\/admisiones\/wp-json\/wp\/v2\/comments?post=127"}],"version-history":[{"count":8,"href":"https:\/\/madrid.ufm.edu\/admisiones\/wp-json\/wp\/v2\/pages\/127\/revisions"}],"predecessor-version":[{"id":360,"href":"https:\/\/madrid.ufm.edu\/admisiones\/wp-json\/wp\/v2\/pages\/127\/revisions\/360"}],"wp:featuredmedia":[{"embeddable":true,"href":"https:\/\/madrid.ufm.edu\/admisiones\/wp-json\/wp\/v2\/media\/329"}],"wp:attachment":[{"href":"https:\/\/madrid.ufm.edu\/admisiones\/wp-json\/wp\/v2\/media?parent=127"}],"curies":[{"name":"wp","href":"https:\/\/api.w.org\/{rel}","templated":true}]}}